{"id":728,"date":"2018-02-13T14:53:15","date_gmt":"2018-02-13T13:53:15","guid":{"rendered":"http:\/\/www.lammetun.no\/?page_id=728"},"modified":"2023-10-23T11:53:49","modified_gmt":"2023-10-23T09:53:49","slug":"guiding-i-fortet","status":"publish","type":"page","link":"https:\/\/www.lammetun.no\/?page_id=728","title":{"rendered":"Guiding i Fortet"},"content":{"rendered":"<p style=\"text-align: center;\"><strong>Opplev eit av dei f\u00e5 kystforta som ikkje er stengt att, og l\u00e6r meir om den lokale krigshistoria.<\/strong><\/p>\n<p>Lammetun Kystfort vart bygd fr\u00e5 oktober 1941 og skulle saman med Fure &#8211; fortet ha kontrollen med Vilnesfjorden og Buefjorden, samt sperre innl\u00f8pet til Dalsfjorden.<br \/>\nP\u00e5 h\u00f8gste punktet i festningsanlegget fr\u00e5 2.verdskrig ligg <strong>kommandobunkersen<\/strong>.<br \/>\nInni observasjonsrommet til bunkersen (kuppelen) er landskapet m\u00e5la &#8211; slik ein s\u00e5g det ute (med alle \u00f8yane uti havet) og med avstand og retning inntegna. P\u00e5 denne m\u00e5ten kunne ein raskt oppgje posisjonen til eit m\u00e5l som var observert.<br \/>\nN\u00e5r ein g\u00e5r vidare s\u00f8r-vest for kommandobunkersen\u00a0 kjem ein til &laquo;<strong>Ammunisjonsbunkersen<\/strong>&laquo;. Den vart som du h\u00f8yrer i namnet brukt til \u00e5 lagre ammunisjon mm.<br \/>\nDet er fire <strong>kanonstillingar<\/strong> p\u00e5 omr\u00e5det til Lammetun kystfort. Den eine ligg i n\u00e6rleiken av kommandobunkersen. Dei tre andre ligg s\u00f8r-vest for kommandobunkersen, ca. 300 meter unna i luftlinje.<br \/>\nI <strong>hovudbunkersen<\/strong> kan du sj\u00e5 utstilling av lokale bilete fr\u00e5 krigen, etter kvart vil det og bli utstilt gjenstandar fr\u00e5 2. verdskrig her.<\/p>\n<p>Vi tibyr guiding i fortet (for grupper p\u00e5 10 personar eller meir), der du f\u00e5r h\u00f8yre meir om den lokale krigshistoria og skjebnane rundt.<\/p>\n<div id='gallery-1' class='gallery galleryid-728 gallery-columns-3 gallery-size-thumbnail'><figure class='gallery-item'>\n\t\t\t<div class='gallery-icon portrait'>\n\t\t\t\t<a href='https:\/\/www.lammetun.no\/?attachment_id=468'><img decoding=\"async\" width=\"150\" height=\"150\" src=\"https:\/\/www.lammetun.no\/wp-content\/uploads\/2015\/05\/20160718_133616-150x150.jpg\" class=\"attachment-thumbnail size-thumbnail\" alt=\"\" srcset=\"https:\/\/www.lammetun.no\/wp-content\/uploads\/2015\/05\/20160718_133616-150x150.jpg 150w, https:\/\/www.lammetun.no\/wp-content\/uploads\/2015\/05\/20160718_133616-300x300.jpg 300w, https:\/\/www.lammetun.no\/wp-content\/uploads\/2015\/05\/20160718_133616-100x100.jpg 100w\" sizes=\"(max-width: 150px) 100vw, 150px\" \/><\/a>\n\t\t\t<\/div><\/figure><figure class='gallery-item'>\n\t\t\t<div class='gallery-icon portrait'>\n\t\t\t\t<a href='https:\/\/www.lammetun.no\/?attachment_id=184'><img decoding=\"async\" width=\"150\" height=\"150\" src=\"https:\/\/www.lammetun.no\/wp-content\/uploads\/2015\/07\/wpid-20150504_212612-150x150.jpg\" class=\"attachment-thumbnail size-thumbnail\" alt=\"\" srcset=\"https:\/\/www.lammetun.no\/wp-content\/uploads\/2015\/07\/wpid-20150504_212612-150x150.jpg 150w, https:\/\/www.lammetun.no\/wp-content\/uploads\/2015\/07\/wpid-20150504_212612-300x300.jpg 300w, https:\/\/www.lammetun.no\/wp-content\/uploads\/2015\/07\/wpid-20150504_212612-100x100.jpg 100w\" sizes=\"(max-width: 150px) 100vw, 150px\" \/><\/a>\n\t\t\t<\/div><\/figure><figure class='gallery-item'>\n\t\t\t<div class='gallery-icon portrait'>\n\t\t\t\t<a href='https:\/\/www.lammetun.no\/?attachment_id=141'><img decoding=\"async\" width=\"150\" height=\"150\" src=\"https:\/\/www.lammetun.no\/wp-content\/uploads\/2015\/05\/wpid-20150503_214925-150x150.jpg\" class=\"attachment-thumbnail size-thumbnail\" alt=\"\" srcset=\"https:\/\/www.lammetun.no\/wp-content\/uploads\/2015\/05\/wpid-20150503_214925-150x150.jpg 150w, https:\/\/www.lammetun.no\/wp-content\/uploads\/2015\/05\/wpid-20150503_214925-300x300.jpg 300w, https:\/\/www.lammetun.no\/wp-content\/uploads\/2015\/05\/wpid-20150503_214925-100x100.jpg 100w\" sizes=\"(max-width: 150px) 100vw, 150px\" \/><\/a>\n\t\t\t<\/div><\/figure><figure class='gallery-item'>\n\t\t\t<div class='gallery-icon portrait'>\n\t\t\t\t<a href='https:\/\/www.lammetun.no\/?attachment_id=142'><img loading=\"lazy\" decoding=\"async\" width=\"150\" height=\"150\" src=\"https:\/\/www.lammetun.no\/wp-content\/uploads\/2015\/05\/wpid-20150504_212753-150x150.jpg\" class=\"attachment-thumbnail size-thumbnail\" alt=\"\" srcset=\"https:\/\/www.lammetun.no\/wp-content\/uploads\/2015\/05\/wpid-20150504_212753-150x150.jpg 150w, https:\/\/www.lammetun.no\/wp-content\/uploads\/2015\/05\/wpid-20150504_212753-300x300.jpg 300w, https:\/\/www.lammetun.no\/wp-content\/uploads\/2015\/05\/wpid-20150504_212753-100x100.jpg 100w\" sizes=\"(max-width: 150px) 100vw, 150px\" \/><\/a>\n\t\t\t<\/div><\/figure><figure class='gallery-item'>\n\t\t\t<div class='gallery-icon landscape'>\n\t\t\t\t<a href='https:\/\/www.lammetun.no\/?attachment_id=102'><img loading=\"lazy\" decoding=\"async\" width=\"150\" height=\"150\" src=\"https:\/\/www.lammetun.no\/wp-content\/uploads\/2014\/01\/DSC_0512-150x150.jpg\" class=\"attachment-thumbnail size-thumbnail\" alt=\"\" srcset=\"https:\/\/www.lammetun.no\/wp-content\/uploads\/2014\/01\/DSC_0512-150x150.jpg 150w, https:\/\/www.lammetun.no\/wp-content\/uploads\/2014\/01\/DSC_0512-300x300.jpg 300w, https:\/\/www.lammetun.no\/wp-content\/uploads\/2014\/01\/DSC_0512-100x100.jpg 100w\" sizes=\"(max-width: 150px) 100vw, 150px\" \/><\/a>\n\t\t\t<\/div><\/figure><figure class='gallery-item'>\n\t\t\t<div class='gallery-icon landscape'>\n\t\t\t\t<a href='https:\/\/www.lammetun.no\/?attachment_id=104'><img loading=\"lazy\" decoding=\"async\" width=\"150\" height=\"150\" src=\"https:\/\/www.lammetun.no\/wp-content\/uploads\/2014\/01\/DSC_0530-150x150.jpg\" class=\"attachment-thumbnail size-thumbnail\" alt=\"\" srcset=\"https:\/\/www.lammetun.no\/wp-content\/uploads\/2014\/01\/DSC_0530-150x150.jpg 150w, https:\/\/www.lammetun.no\/wp-content\/uploads\/2014\/01\/DSC_0530-300x300.jpg 300w, https:\/\/www.lammetun.no\/wp-content\/uploads\/2014\/01\/DSC_0530-100x100.jpg 100w\" sizes=\"(max-width: 150px) 100vw, 150px\" \/><\/a>\n\t\t\t<\/div><\/figure>\n\t\t<\/div>\n\n<p>Pris pr. person 100,- ved grupper p\u00e5 10 personar eller meir.<br \/>\nDersom de er f\u00e6rre ta kontakt for tilbud.<\/p>\n<p>Book her:<br \/>\nP\u00e5 epost: booking@lammetun.no<br \/>\nP\u00e5 mobil nr. 47 28 36 34<\/p>\n","protected":false},"excerpt":{"rendered":"<p>Opplev eit av dei f\u00e5 kystforta som ikkje er stengt att, og l\u00e6r meir om den lokale krigshistoria. Lammetun Kystfort vart bygd fr\u00e5 oktober 1941 og skulle saman med Fure &#8211; fortet ha kontrollen med Vilnesfjorden og Buefjorden, samt sperre innl\u00f8pet til Dalsfjorden. P\u00e5 h\u00f8gste punktet i festningsanlegget fr\u00e5 2.verdskrig ligg kommandobunkersen. Inni observasjonsrommet til &hellip; <\/p>\n","protected":false},"author":1,"featured_media":626,"parent":0,"menu_order":0,"comment_status":"closed","ping_status":"closed","template":"","meta":{"_crdt_document":"","footnotes":""},"class_list":["post-728","page","type-page","status-publish","has-post-thumbnail","hentry"],"yoast_head":"<!-- This site is optimized with the Yoast SEO plugin v27.5 - https:\/\/yoast.com\/product\/yoast-seo-wordpress\/ -->\n<title>Guiding i Fortet - Lammetun Ferie &amp; Fritid<\/title>\n<meta name=\"robots\" content=\"index, follow, max-snippet:-1, max-image-preview:large, max-video-preview:-1\" \/>\n<link rel=\"canonical\" href=\"https:\/\/www.lammetun.no\/?page_id=728\" \/>\n<meta property=\"og:locale\" content=\"nb_NO\" \/>\n<meta property=\"og:type\" content=\"article\" \/>\n<meta property=\"og:title\" content=\"Guiding i Fortet - Lammetun Ferie &amp; Fritid\" \/>\n<meta property=\"og:description\" content=\"Opplev eit av dei f\u00e5 kystforta som ikkje er stengt att, og l\u00e6r meir om den lokale krigshistoria. Lammetun Kystfort vart bygd fr\u00e5 oktober 1941 og skulle saman med Fure &#8211; fortet ha kontrollen med Vilnesfjorden og Buefjorden, samt sperre innl\u00f8pet til Dalsfjorden. P\u00e5 h\u00f8gste punktet i festningsanlegget fr\u00e5 2.verdskrig ligg kommandobunkersen. Inni observasjonsrommet til &hellip;\" \/>\n<meta property=\"og:url\" content=\"https:\/\/www.lammetun.no\/?page_id=728\" \/>\n<meta property=\"og:site_name\" content=\"Lammetun Ferie &amp; Fritid\" \/>\n<meta property=\"article:publisher\" content=\"https:\/\/www.facebook.com\/lammetun.no\/\" \/>\n<meta property=\"article:modified_time\" content=\"2023-10-23T09:53:49+00:00\" \/>\n<meta property=\"og:image\" content=\"https:\/\/www.lammetun.no\/wp-content\/uploads\/2015\/05\/Fortet.jpg\" \/>\n\t<meta property=\"og:image:width\" content=\"1020\" \/>\n\t<meta property=\"og:image:height\" content=\"365\" \/>\n\t<meta property=\"og:image:type\" content=\"image\/jpeg\" \/>\n<meta name=\"twitter:card\" content=\"summary_large_image\" \/>\n<meta name=\"twitter:label1\" content=\"Ansl. lesetid\" \/>\n\t<meta name=\"twitter:data1\" content=\"2 minutter\" \/>\n<script type=\"application\/ld+json\" class=\"yoast-schema-graph\">{\"@context\":\"https:\\\/\\\/schema.org\",\"@graph\":[{\"@type\":\"WebPage\",\"@id\":\"https:\\\/\\\/www.lammetun.no\\\/?page_id=728\",\"url\":\"https:\\\/\\\/www.lammetun.no\\\/?page_id=728\",\"name\":\"Guiding i Fortet - Lammetun Ferie &amp; Fritid\",\"isPartOf\":{\"@id\":\"https:\\\/\\\/www.lammetun.no\\\/#website\"},\"primaryImageOfPage\":{\"@id\":\"https:\\\/\\\/www.lammetun.no\\\/?page_id=728#primaryimage\"},\"image\":{\"@id\":\"https:\\\/\\\/www.lammetun.no\\\/?page_id=728#primaryimage\"},\"thumbnailUrl\":\"https:\\\/\\\/www.lammetun.no\\\/wp-content\\\/uploads\\\/2015\\\/05\\\/Fortet.jpg\",\"datePublished\":\"2018-02-13T13:53:15+00:00\",\"dateModified\":\"2023-10-23T09:53:49+00:00\",\"breadcrumb\":{\"@id\":\"https:\\\/\\\/www.lammetun.no\\\/?page_id=728#breadcrumb\"},\"inLanguage\":\"nb-NO\",\"potentialAction\":[{\"@type\":\"ReadAction\",\"target\":[\"https:\\\/\\\/www.lammetun.no\\\/?page_id=728\"]}]},{\"@type\":\"ImageObject\",\"inLanguage\":\"nb-NO\",\"@id\":\"https:\\\/\\\/www.lammetun.no\\\/?page_id=728#primaryimage\",\"url\":\"https:\\\/\\\/www.lammetun.no\\\/wp-content\\\/uploads\\\/2015\\\/05\\\/Fortet.jpg\",\"contentUrl\":\"https:\\\/\\\/www.lammetun.no\\\/wp-content\\\/uploads\\\/2015\\\/05\\\/Fortet.jpg\",\"width\":1020,\"height\":365},{\"@type\":\"BreadcrumbList\",\"@id\":\"https:\\\/\\\/www.lammetun.no\\\/?page_id=728#breadcrumb\",\"itemListElement\":[{\"@type\":\"ListItem\",\"position\":1,\"name\":\"Hjem\",\"item\":\"https:\\\/\\\/www.lammetun.no\\\/\"},{\"@type\":\"ListItem\",\"position\":2,\"name\":\"Guiding i Fortet\"}]},{\"@type\":\"WebSite\",\"@id\":\"https:\\\/\\\/www.lammetun.no\\\/#website\",\"url\":\"https:\\\/\\\/www.lammetun.no\\\/\",\"name\":\"Lammetun Ferie & Fritid\",\"description\":\"- ei perle i vest\",\"potentialAction\":[{\"@type\":\"SearchAction\",\"target\":{\"@type\":\"EntryPoint\",\"urlTemplate\":\"https:\\\/\\\/www.lammetun.no\\\/?s={search_term_string}\"},\"query-input\":{\"@type\":\"PropertyValueSpecification\",\"valueRequired\":true,\"valueName\":\"search_term_string\"}}],\"inLanguage\":\"nb-NO\"}]}<\/script>\n<!-- \/ Yoast SEO plugin. -->","yoast_head_json":{"title":"Guiding i Fortet - Lammetun Ferie &amp; Fritid","robots":{"index":"index","follow":"follow","max-snippet":"max-snippet:-1","max-image-preview":"max-image-preview:large","max-video-preview":"max-video-preview:-1"},"canonical":"https:\/\/www.lammetun.no\/?page_id=728","og_locale":"nb_NO","og_type":"article","og_title":"Guiding i Fortet - Lammetun Ferie &amp; Fritid","og_description":"Opplev eit av dei f\u00e5 kystforta som ikkje er stengt att, og l\u00e6r meir om den lokale krigshistoria. Lammetun Kystfort vart bygd fr\u00e5 oktober 1941 og skulle saman med Fure &#8211; fortet ha kontrollen med Vilnesfjorden og Buefjorden, samt sperre innl\u00f8pet til Dalsfjorden. P\u00e5 h\u00f8gste punktet i festningsanlegget fr\u00e5 2.verdskrig ligg kommandobunkersen. Inni observasjonsrommet til &hellip;","og_url":"https:\/\/www.lammetun.no\/?page_id=728","og_site_name":"Lammetun Ferie &amp; Fritid","article_publisher":"https:\/\/www.facebook.com\/lammetun.no\/","article_modified_time":"2023-10-23T09:53:49+00:00","og_image":[{"width":1020,"height":365,"url":"https:\/\/www.lammetun.no\/wp-content\/uploads\/2015\/05\/Fortet.jpg","type":"image\/jpeg"}],"twitter_card":"summary_large_image","twitter_misc":{"Ansl. lesetid":"2 minutter"},"schema":{"@context":"https:\/\/schema.org","@graph":[{"@type":"WebPage","@id":"https:\/\/www.lammetun.no\/?page_id=728","url":"https:\/\/www.lammetun.no\/?page_id=728","name":"Guiding i Fortet - Lammetun Ferie &amp; Fritid","isPartOf":{"@id":"https:\/\/www.lammetun.no\/#website"},"primaryImageOfPage":{"@id":"https:\/\/www.lammetun.no\/?page_id=728#primaryimage"},"image":{"@id":"https:\/\/www.lammetun.no\/?page_id=728#primaryimage"},"thumbnailUrl":"https:\/\/www.lammetun.no\/wp-content\/uploads\/2015\/05\/Fortet.jpg","datePublished":"2018-02-13T13:53:15+00:00","dateModified":"2023-10-23T09:53:49+00:00","breadcrumb":{"@id":"https:\/\/www.lammetun.no\/?page_id=728#breadcrumb"},"inLanguage":"nb-NO","potentialAction":[{"@type":"ReadAction","target":["https:\/\/www.lammetun.no\/?page_id=728"]}]},{"@type":"ImageObject","inLanguage":"nb-NO","@id":"https:\/\/www.lammetun.no\/?page_id=728#primaryimage","url":"https:\/\/www.lammetun.no\/wp-content\/uploads\/2015\/05\/Fortet.jpg","contentUrl":"https:\/\/www.lammetun.no\/wp-content\/uploads\/2015\/05\/Fortet.jpg","width":1020,"height":365},{"@type":"BreadcrumbList","@id":"https:\/\/www.lammetun.no\/?page_id=728#breadcrumb","itemListElement":[{"@type":"ListItem","position":1,"name":"Hjem","item":"https:\/\/www.lammetun.no\/"},{"@type":"ListItem","position":2,"name":"Guiding i Fortet"}]},{"@type":"WebSite","@id":"https:\/\/www.lammetun.no\/#website","url":"https:\/\/www.lammetun.no\/","name":"Lammetun Ferie & Fritid","description":"- ei perle i vest","potentialAction":[{"@type":"SearchAction","target":{"@type":"EntryPoint","urlTemplate":"https:\/\/www.lammetun.no\/?s={search_term_string}"},"query-input":{"@type":"PropertyValueSpecification","valueRequired":true,"valueName":"search_term_string"}}],"inLanguage":"nb-NO"}]}},"_links":{"self":[{"href":"https:\/\/www.lammetun.no\/index.php?rest_route=\/wp\/v2\/pages\/728","targetHints":{"allow":["GET"]}}],"collection":[{"href":"https:\/\/www.lammetun.no\/index.php?rest_route=\/wp\/v2\/pages"}],"about":[{"href":"https:\/\/www.lammetun.no\/index.php?rest_route=\/wp\/v2\/types\/page"}],"author":[{"embeddable":true,"href":"https:\/\/www.lammetun.no\/index.php?rest_route=\/wp\/v2\/users\/1"}],"replies":[{"embeddable":true,"href":"https:\/\/www.lammetun.no\/index.php?rest_route=%2Fwp%2Fv2%2Fcomments&post=728"}],"version-history":[{"count":7,"href":"https:\/\/www.lammetun.no\/index.php?rest_route=\/wp\/v2\/pages\/728\/revisions"}],"predecessor-version":[{"id":15255,"href":"https:\/\/www.lammetun.no\/index.php?rest_route=\/wp\/v2\/pages\/728\/revisions\/15255"}],"wp:featuredmedia":[{"embeddable":true,"href":"https:\/\/www.lammetun.no\/index.php?rest_route=\/wp\/v2\/media\/626"}],"wp:attachment":[{"href":"https:\/\/www.lammetun.no\/index.php?rest_route=%2Fwp%2Fv2%2Fmedia&parent=728"}],"curies":[{"name":"wp","href":"https:\/\/api.w.org\/{rel}","templated":true}]}}