{"id":682,"date":"2018-02-07T11:10:32","date_gmt":"2018-02-07T10:10:32","guid":{"rendered":"http:\/\/www.lammetun.no\/?page_id=682"},"modified":"2022-10-25T13:15:04","modified_gmt":"2022-10-25T11:15:04","slug":"paintball","status":"publish","type":"page","link":"https:\/\/www.lammetun.no\/?page_id=682","title":{"rendered":"Paintball"},"content":{"rendered":"<p>Paintball er ein sport der deltakarane kan spele med \u00e5 skyte sm\u00e5 malingskuler (baller) p\u00e5 kvarandre. N\u00e5r en ball treff ein person sprekk den og markerar vedkomande. Vedkomande er d\u00e5 ute av spelet og m\u00e5 g\u00e5 tilbake til sikker sone.<br \/>\nHos oss spelar vi skogsspel &#8211; det er ein variant av paintball der ein spelar i skogen og utnyttar naturen til hinder. Eit vanleg skogsspel varer i ca. 30 til 60 minutt.<\/p>\n<p>Paintball er ein morosam og actionfyllt m\u00e5te \u00e5 treffe vener og kollegaer p\u00e5, ein blir oppdelt i to lag og skal konkurrere om kven som kaprar motstandarar laget sitt flagg f\u00f8rst. Her m\u00e5 ein tenke taktikk og samarbeide.<br \/>\nDette er kjekt b\u00e5de som leik og s\u00e5 er det ein annleis og fin \u00f8velse til samarbeid for bedrifter.<br \/>\nDet passar og godt som innslag i utdrikningslag:)<\/p>\n<p>Vi har 18 mark\u00f8rar og utstyr klart til ei kvar tid!<br \/>\nPris pr. magasin er kr. 300,- (eit magasin inneheld 200 malingskuler og rekk lett til ein heil kamp), inkludert i prisen er og leige av utstyr (kjeledress, hanskar og maske).<\/p>\n<p>Her p\u00e5 Lammetun spelar ein paintball ute i neset, men vi kan og kome der dykk er. Men det m\u00e5 v\u00e6re p\u00e5 eigna omr\u00e5de. Vi har og ei paintball bane i Akvoll. S\u00e5 for dei som ynskjer det arrangerar vi paintball der.<\/p>\n<p>I mange \u00e5r har vi og stilt med paintball i Kr\u00e5kenes marka natt til 01. Mai og 17. mai, i regi av NAF avd. fjordane og ytre sogn som kvart \u00e5r bl.a. arrangerar rusfrie arrangement for 10. klasse.<\/p>\n<p><strong>Reglar:<\/strong><br \/>\nMaska skal alltid v\u00e6re p\u00e5 medan spelet er i gong.<br \/>\nDet er ikkje lov \u00e5 g\u00e5 utanfor markert omr\u00e5de.<br \/>\ndet er ikkje tillat \u00e5 sikte p\u00e5 nokon fr\u00e5 halsen og opp.<br \/>\nN\u00e5r du er markert skal du g\u00e5 tilbake til basen, maska skal heile tida v\u00e6re p\u00e5.<\/p>\n<p>Ellers kan de som grupper danne d\u00e5ka eigne reglar i tillegg til desse.<\/p>\n<div id='gallery-1' class='gallery galleryid-682 gallery-columns-3 gallery-size-thumbnail'><figure class='gallery-item'>\n\t\t\t<div class='gallery-icon landscape'>\n\t\t\t\t<a href='https:\/\/www.lammetun.no\/?attachment_id=257'><img decoding=\"async\" width=\"150\" height=\"150\" src=\"https:\/\/www.lammetun.no\/wp-content\/uploads\/2017\/09\/wpid-wp-image-1679773010-150x150.jpg\" class=\"attachment-thumbnail size-thumbnail\" alt=\"\" aria-describedby=\"gallery-1-257\" srcset=\"https:\/\/www.lammetun.no\/wp-content\/uploads\/2017\/09\/wpid-wp-image-1679773010-150x150.jpg 150w, https:\/\/www.lammetun.no\/wp-content\/uploads\/2017\/09\/wpid-wp-image-1679773010-300x300.jpg 300w, https:\/\/www.lammetun.no\/wp-content\/uploads\/2017\/09\/wpid-wp-image-1679773010-100x100.jpg 100w\" sizes=\"(max-width: 150px) 100vw, 150px\" \/><\/a>\n\t\t\t<\/div>\n\t\t\t\t<figcaption class='wp-caption-text gallery-caption' id='gallery-1-257'>\n\t\t\t\tPaintball\n\t\t\t\t<\/figcaption><\/figure>\n\t\t<\/div>\n\n<p>Lyst \u00e5 spele? Kontakt oss d\u00e5 vel!:-)<\/p>\n<p>Epost: Booking@lammetun.no<br \/>\nTlf: +47 47 28 36 34 \/ +47 90 65 24 90<\/p>\n","protected":false},"excerpt":{"rendered":"<p>Paintball er ein sport der deltakarane kan spele med \u00e5 skyte sm\u00e5 malingskuler (baller) p\u00e5 kvarandre. N\u00e5r en ball treff ein person sprekk den og markerar vedkomande. Vedkomande er d\u00e5 ute av spelet og m\u00e5 g\u00e5 tilbake til sikker sone. Hos oss spelar vi skogsspel &#8211; det er ein variant av paintball der ein spelar &hellip; <\/p>\n","protected":false},"author":1,"featured_media":0,"parent":0,"menu_order":0,"comment_status":"closed","ping_status":"closed","template":"","meta":{"_crdt_document":"","footnotes":""},"class_list":["post-682","page","type-page","status-publish","hentry"],"yoast_head":"<!-- This site is optimized with the Yoast SEO plugin v27.5 - https:\/\/yoast.com\/product\/yoast-seo-wordpress\/ -->\n<title>Paintball - Lammetun Ferie &amp; Fritid<\/title>\n<meta name=\"description\" content=\"Spill paintball hos oss! Unik bane - vi spiller i kanonstillingene i kystfortet. Samle vennegjengen, kolleger eller familien til ei adrenalinfylt stund! minimum 6 personer.\" \/>\n<meta name=\"robots\" content=\"index, follow, max-snippet:-1, max-image-preview:large, max-video-preview:-1\" \/>\n<link rel=\"canonical\" href=\"https:\/\/www.lammetun.no\/?page_id=682\" \/>\n<meta property=\"og:locale\" content=\"nb_NO\" \/>\n<meta property=\"og:type\" content=\"article\" \/>\n<meta property=\"og:title\" content=\"Paintball - Lammetun Ferie &amp; Fritid\" \/>\n<meta property=\"og:description\" content=\"Spill paintball hos oss! Unik bane - vi spiller i kanonstillingene i kystfortet. Samle vennegjengen, kolleger eller familien til ei adrenalinfylt stund! minimum 6 personer.\" \/>\n<meta property=\"og:url\" content=\"https:\/\/www.lammetun.no\/?page_id=682\" \/>\n<meta property=\"og:site_name\" content=\"Lammetun Ferie &amp; Fritid\" \/>\n<meta property=\"article:publisher\" content=\"https:\/\/www.facebook.com\/lammetun.no\/\" \/>\n<meta property=\"article:modified_time\" content=\"2022-10-25T11:15:04+00:00\" \/>\n<meta property=\"og:image\" content=\"https:\/\/i0.wp.com\/www.lammetun.no\/wp-content\/uploads\/2017\/09\/wpid-wp-image-1679773010.jpg?w=276&#038;h=276&#038;crop=1&#038;ssl=1\" \/>\n<meta name=\"twitter:card\" content=\"summary_large_image\" \/>\n<meta name=\"twitter:label1\" content=\"Ansl. lesetid\" \/>\n\t<meta name=\"twitter:data1\" content=\"2 minutter\" \/>\n<script type=\"application\/ld+json\" class=\"yoast-schema-graph\">{\"@context\":\"https:\\\/\\\/schema.org\",\"@graph\":[{\"@type\":\"WebPage\",\"@id\":\"https:\\\/\\\/www.lammetun.no\\\/?page_id=682\",\"url\":\"https:\\\/\\\/www.lammetun.no\\\/?page_id=682\",\"name\":\"Paintball - Lammetun Ferie &amp; Fritid\",\"isPartOf\":{\"@id\":\"https:\\\/\\\/www.lammetun.no\\\/#website\"},\"datePublished\":\"2018-02-07T10:10:32+00:00\",\"dateModified\":\"2022-10-25T11:15:04+00:00\",\"description\":\"Spill paintball hos oss! Unik bane - vi spiller i kanonstillingene i kystfortet. Samle vennegjengen, kolleger eller familien til ei adrenalinfylt stund! minimum 6 personer.\",\"breadcrumb\":{\"@id\":\"https:\\\/\\\/www.lammetun.no\\\/?page_id=682#breadcrumb\"},\"inLanguage\":\"nb-NO\",\"potentialAction\":[{\"@type\":\"ReadAction\",\"target\":[\"https:\\\/\\\/www.lammetun.no\\\/?page_id=682\"]}]},{\"@type\":\"BreadcrumbList\",\"@id\":\"https:\\\/\\\/www.lammetun.no\\\/?page_id=682#breadcrumb\",\"itemListElement\":[{\"@type\":\"ListItem\",\"position\":1,\"name\":\"Hjem\",\"item\":\"https:\\\/\\\/www.lammetun.no\\\/\"},{\"@type\":\"ListItem\",\"position\":2,\"name\":\"Paintball\"}]},{\"@type\":\"WebSite\",\"@id\":\"https:\\\/\\\/www.lammetun.no\\\/#website\",\"url\":\"https:\\\/\\\/www.lammetun.no\\\/\",\"name\":\"Lammetun Ferie & Fritid\",\"description\":\"- ei perle i vest\",\"potentialAction\":[{\"@type\":\"SearchAction\",\"target\":{\"@type\":\"EntryPoint\",\"urlTemplate\":\"https:\\\/\\\/www.lammetun.no\\\/?s={search_term_string}\"},\"query-input\":{\"@type\":\"PropertyValueSpecification\",\"valueRequired\":true,\"valueName\":\"search_term_string\"}}],\"inLanguage\":\"nb-NO\"}]}<\/script>\n<!-- \/ Yoast SEO plugin. -->","yoast_head_json":{"title":"Paintball - Lammetun Ferie &amp; Fritid","description":"Spill paintball hos oss! Unik bane - vi spiller i kanonstillingene i kystfortet. Samle vennegjengen, kolleger eller familien til ei adrenalinfylt stund! minimum 6 personer.","robots":{"index":"index","follow":"follow","max-snippet":"max-snippet:-1","max-image-preview":"max-image-preview:large","max-video-preview":"max-video-preview:-1"},"canonical":"https:\/\/www.lammetun.no\/?page_id=682","og_locale":"nb_NO","og_type":"article","og_title":"Paintball - Lammetun Ferie &amp; Fritid","og_description":"Spill paintball hos oss! Unik bane - vi spiller i kanonstillingene i kystfortet. Samle vennegjengen, kolleger eller familien til ei adrenalinfylt stund! minimum 6 personer.","og_url":"https:\/\/www.lammetun.no\/?page_id=682","og_site_name":"Lammetun Ferie &amp; Fritid","article_publisher":"https:\/\/www.facebook.com\/lammetun.no\/","article_modified_time":"2022-10-25T11:15:04+00:00","og_image":[{"url":"https:\/\/i0.wp.com\/www.lammetun.no\/wp-content\/uploads\/2017\/09\/wpid-wp-image-1679773010.jpg?w=276&#038;h=276&#038;crop=1&#038;ssl=1","type":"","width":"","height":""}],"twitter_card":"summary_large_image","twitter_misc":{"Ansl. lesetid":"2 minutter"},"schema":{"@context":"https:\/\/schema.org","@graph":[{"@type":"WebPage","@id":"https:\/\/www.lammetun.no\/?page_id=682","url":"https:\/\/www.lammetun.no\/?page_id=682","name":"Paintball - Lammetun Ferie &amp; Fritid","isPartOf":{"@id":"https:\/\/www.lammetun.no\/#website"},"datePublished":"2018-02-07T10:10:32+00:00","dateModified":"2022-10-25T11:15:04+00:00","description":"Spill paintball hos oss! Unik bane - vi spiller i kanonstillingene i kystfortet. Samle vennegjengen, kolleger eller familien til ei adrenalinfylt stund! minimum 6 personer.","breadcrumb":{"@id":"https:\/\/www.lammetun.no\/?page_id=682#breadcrumb"},"inLanguage":"nb-NO","potentialAction":[{"@type":"ReadAction","target":["https:\/\/www.lammetun.no\/?page_id=682"]}]},{"@type":"BreadcrumbList","@id":"https:\/\/www.lammetun.no\/?page_id=682#breadcrumb","itemListElement":[{"@type":"ListItem","position":1,"name":"Hjem","item":"https:\/\/www.lammetun.no\/"},{"@type":"ListItem","position":2,"name":"Paintball"}]},{"@type":"WebSite","@id":"https:\/\/www.lammetun.no\/#website","url":"https:\/\/www.lammetun.no\/","name":"Lammetun Ferie & Fritid","description":"- ei perle i vest","potentialAction":[{"@type":"SearchAction","target":{"@type":"EntryPoint","urlTemplate":"https:\/\/www.lammetun.no\/?s={search_term_string}"},"query-input":{"@type":"PropertyValueSpecification","valueRequired":true,"valueName":"search_term_string"}}],"inLanguage":"nb-NO"}]}},"_links":{"self":[{"href":"https:\/\/www.lammetun.no\/index.php?rest_route=\/wp\/v2\/pages\/682","targetHints":{"allow":["GET"]}}],"collection":[{"href":"https:\/\/www.lammetun.no\/index.php?rest_route=\/wp\/v2\/pages"}],"about":[{"href":"https:\/\/www.lammetun.no\/index.php?rest_route=\/wp\/v2\/types\/page"}],"author":[{"embeddable":true,"href":"https:\/\/www.lammetun.no\/index.php?rest_route=\/wp\/v2\/users\/1"}],"replies":[{"embeddable":true,"href":"https:\/\/www.lammetun.no\/index.php?rest_route=%2Fwp%2Fv2%2Fcomments&post=682"}],"version-history":[{"count":8,"href":"https:\/\/www.lammetun.no\/index.php?rest_route=\/wp\/v2\/pages\/682\/revisions"}],"predecessor-version":[{"id":14805,"href":"https:\/\/www.lammetun.no\/index.php?rest_route=\/wp\/v2\/pages\/682\/revisions\/14805"}],"wp:attachment":[{"href":"https:\/\/www.lammetun.no\/index.php?rest_route=%2Fwp%2Fv2%2Fmedia&parent=682"}],"curies":[{"name":"wp","href":"https:\/\/api.w.org\/{rel}","templated":true}]}}