{"id":308,"date":"2017-09-03T13:27:15","date_gmt":"2017-09-03T11:27:15","guid":{"rendered":"http:\/\/www.lammetun.no\/?page_id=308"},"modified":"2023-10-24T08:36:29","modified_gmt":"2023-10-24T06:36:29","slug":"hoyloftet","status":"publish","type":"page","link":"https:\/\/www.lammetun.no\/?page_id=308","title":{"rendered":"Selskapslokale\/M\u00f8terom"},"content":{"rendered":"\n<h2 class=\"wp-block-heading\">H\u00f8ybr\u00e5tet<\/h2>\n\n\n\n<p class=\"wp-block-paragraph\">H\u00f8ybr\u00e5tet er eit nyoppussa rom i L\u00e5ven som ein kan leige til tilstelningar, for eks. klubb, julebord,&nbsp; bursdag, fest, utdrikningslag, bedriftssamling og alt mogleg anna:)<\/p>\n\n\n\n<p class=\"wp-block-paragraph\">Vi har lerret og prosjektor som kan nyttast, for dei som treng det.&nbsp;<\/p>\n\n\n\n<figure class=\"wp-block-gallery has-nested-images columns-6 is-cropped wp-block-gallery-1 is-layout-flex wp-block-gallery-is-layout-flex\">\n<figure class=\"wp-block-image size-large\"><a href=\"https:\/\/www.lammetun.no\/wp-content\/uploads\/2018\/10\/20180907_120226.jpg\"><img decoding=\"async\" data-id=\"1849\" src=\"https:\/\/www.lammetun.no\/wp-content\/uploads\/2018\/10\/20180907_120226-1024x498.jpg\" alt=\"\" class=\"wp-image-1849\"\/><\/a><\/figure>\n\n\n\n<figure class=\"wp-block-image size-large\"><a href=\"https:\/\/www.lammetun.no\/wp-content\/uploads\/2018\/10\/20180907_120412.jpg\"><img decoding=\"async\" data-id=\"1850\" src=\"https:\/\/www.lammetun.no\/wp-content\/uploads\/2018\/10\/20180907_120412-1024x498.jpg\" alt=\"\" class=\"wp-image-1850\"\/><\/a><\/figure>\n\n\n\n<figure class=\"wp-block-image size-large\"><a href=\"https:\/\/www.lammetun.no\/wp-content\/uploads\/2017\/09\/18057862_1510486182315673_7059670404211601044_n.jpg\"><img fetchpriority=\"high\" decoding=\"async\" width=\"720\" height=\"960\" data-id=\"631\" src=\"https:\/\/www.lammetun.no\/wp-content\/uploads\/2017\/09\/18057862_1510486182315673_7059670404211601044_n.jpg\" alt=\"\" class=\"wp-image-631\" srcset=\"https:\/\/www.lammetun.no\/wp-content\/uploads\/2017\/09\/18057862_1510486182315673_7059670404211601044_n.jpg 720w, https:\/\/www.lammetun.no\/wp-content\/uploads\/2017\/09\/18057862_1510486182315673_7059670404211601044_n-600x800.jpg 600w, https:\/\/www.lammetun.no\/wp-content\/uploads\/2017\/09\/18057862_1510486182315673_7059670404211601044_n-225x300.jpg 225w\" sizes=\"(max-width: 720px) 100vw, 720px\" \/><\/a><\/figure>\n\n\n\n<figure class=\"wp-block-image size-large\"><a href=\"https:\/\/www.lammetun.no\/wp-content\/uploads\/2017\/09\/18057897_1510486328982325_1041242277633021369_n.jpg\"><img decoding=\"async\" width=\"720\" height=\"960\" data-id=\"632\" src=\"https:\/\/www.lammetun.no\/wp-content\/uploads\/2017\/09\/18057897_1510486328982325_1041242277633021369_n.jpg\" alt=\"\" class=\"wp-image-632\" srcset=\"https:\/\/www.lammetun.no\/wp-content\/uploads\/2017\/09\/18057897_1510486328982325_1041242277633021369_n.jpg 720w, https:\/\/www.lammetun.no\/wp-content\/uploads\/2017\/09\/18057897_1510486328982325_1041242277633021369_n-600x800.jpg 600w, https:\/\/www.lammetun.no\/wp-content\/uploads\/2017\/09\/18057897_1510486328982325_1041242277633021369_n-225x300.jpg 225w\" sizes=\"(max-width: 720px) 100vw, 720px\" \/><\/a><\/figure>\n\n\n\n<figure class=\"wp-block-image size-large\"><a href=\"https:\/\/www.lammetun.no\/wp-content\/uploads\/2017\/09\/18156020_1510486265648998_8408898264675936822_o.jpg\"><img decoding=\"async\" width=\"1024\" height=\"488\" data-id=\"633\" src=\"https:\/\/www.lammetun.no\/wp-content\/uploads\/2017\/09\/18156020_1510486265648998_8408898264675936822_o-1024x488.jpg\" alt=\"\" class=\"wp-image-633\" srcset=\"https:\/\/www.lammetun.no\/wp-content\/uploads\/2017\/09\/18156020_1510486265648998_8408898264675936822_o-1024x488.jpg 1024w, https:\/\/www.lammetun.no\/wp-content\/uploads\/2017\/09\/18156020_1510486265648998_8408898264675936822_o-600x286.jpg 600w, https:\/\/www.lammetun.no\/wp-content\/uploads\/2017\/09\/18156020_1510486265648998_8408898264675936822_o-300x143.jpg 300w, https:\/\/www.lammetun.no\/wp-content\/uploads\/2017\/09\/18156020_1510486265648998_8408898264675936822_o-768x366.jpg 768w, https:\/\/www.lammetun.no\/wp-content\/uploads\/2017\/09\/18156020_1510486265648998_8408898264675936822_o-1240x590.jpg 1240w, https:\/\/www.lammetun.no\/wp-content\/uploads\/2017\/09\/18156020_1510486265648998_8408898264675936822_o-1080x514.jpg 1080w, https:\/\/www.lammetun.no\/wp-content\/uploads\/2017\/09\/18156020_1510486265648998_8408898264675936822_o.jpg 1344w\" sizes=\"(max-width: 1024px) 100vw, 1024px\" \/><\/a><\/figure>\n\n\n\n<figure class=\"wp-block-image size-large\"><a href=\"https:\/\/www.lammetun.no\/wp-content\/uploads\/2018\/10\/20180907_120328.jpg\"><img decoding=\"async\" data-id=\"1852\" src=\"https:\/\/www.lammetun.no\/wp-content\/uploads\/2018\/10\/20180907_120328-1024x498.jpg\" alt=\"\" class=\"wp-image-1852\"\/><\/a><\/figure>\n\n\n\n<figure class=\"wp-block-image size-large\"><a href=\"https:\/\/www.lammetun.no\/wp-content\/uploads\/2018\/10\/20180907_120341.jpg\"><img decoding=\"async\" data-id=\"1851\" src=\"https:\/\/www.lammetun.no\/wp-content\/uploads\/2018\/10\/20180907_120341-1024x498.jpg\" alt=\"\" class=\"wp-image-1851\"\/><\/a><\/figure>\n\n\n\n<figure class=\"wp-block-image size-large\"><a href=\"https:\/\/www.lammetun.no\/wp-content\/uploads\/2017\/09\/25443102_1770465016317787_5875413180188091329_n.jpg\"><img loading=\"lazy\" decoding=\"async\" width=\"960\" height=\"960\" data-id=\"640\" src=\"https:\/\/www.lammetun.no\/wp-content\/uploads\/2017\/09\/25443102_1770465016317787_5875413180188091329_n.jpg\" alt=\"\" class=\"wp-image-640\" srcset=\"https:\/\/www.lammetun.no\/wp-content\/uploads\/2017\/09\/25443102_1770465016317787_5875413180188091329_n.jpg 960w, https:\/\/www.lammetun.no\/wp-content\/uploads\/2017\/09\/25443102_1770465016317787_5875413180188091329_n-300x300.jpg 300w, https:\/\/www.lammetun.no\/wp-content\/uploads\/2017\/09\/25443102_1770465016317787_5875413180188091329_n-600x600.jpg 600w, https:\/\/www.lammetun.no\/wp-content\/uploads\/2017\/09\/25443102_1770465016317787_5875413180188091329_n-100x100.jpg 100w, https:\/\/www.lammetun.no\/wp-content\/uploads\/2017\/09\/25443102_1770465016317787_5875413180188091329_n-150x150.jpg 150w, https:\/\/www.lammetun.no\/wp-content\/uploads\/2017\/09\/25443102_1770465016317787_5875413180188091329_n-768x768.jpg 768w, https:\/\/www.lammetun.no\/wp-content\/uploads\/2017\/09\/25443102_1770465016317787_5875413180188091329_n-680x680.jpg 680w, https:\/\/www.lammetun.no\/wp-content\/uploads\/2017\/09\/25443102_1770465016317787_5875413180188091329_n-200x200.jpg 200w, https:\/\/www.lammetun.no\/wp-content\/uploads\/2017\/09\/25443102_1770465016317787_5875413180188091329_n-144x144.jpg 144w, https:\/\/www.lammetun.no\/wp-content\/uploads\/2017\/09\/25443102_1770465016317787_5875413180188091329_n-50x50.jpg 50w\" sizes=\"(max-width: 960px) 100vw, 960px\" \/><\/a><\/figure>\n\n\n\n<figure class=\"wp-block-image size-large\"><a href=\"https:\/\/www.lammetun.no\/wp-content\/uploads\/2017\/09\/25398630_1770464842984471_5278698087203483388_n.jpg\"><img loading=\"lazy\" decoding=\"async\" width=\"960\" height=\"960\" data-id=\"639\" src=\"https:\/\/www.lammetun.no\/wp-content\/uploads\/2017\/09\/25398630_1770464842984471_5278698087203483388_n.jpg\" alt=\"\" class=\"wp-image-639\" srcset=\"https:\/\/www.lammetun.no\/wp-content\/uploads\/2017\/09\/25398630_1770464842984471_5278698087203483388_n.jpg 960w, https:\/\/www.lammetun.no\/wp-content\/uploads\/2017\/09\/25398630_1770464842984471_5278698087203483388_n-300x300.jpg 300w, https:\/\/www.lammetun.no\/wp-content\/uploads\/2017\/09\/25398630_1770464842984471_5278698087203483388_n-600x600.jpg 600w, https:\/\/www.lammetun.no\/wp-content\/uploads\/2017\/09\/25398630_1770464842984471_5278698087203483388_n-100x100.jpg 100w, https:\/\/www.lammetun.no\/wp-content\/uploads\/2017\/09\/25398630_1770464842984471_5278698087203483388_n-150x150.jpg 150w, https:\/\/www.lammetun.no\/wp-content\/uploads\/2017\/09\/25398630_1770464842984471_5278698087203483388_n-768x768.jpg 768w, https:\/\/www.lammetun.no\/wp-content\/uploads\/2017\/09\/25398630_1770464842984471_5278698087203483388_n-680x680.jpg 680w, https:\/\/www.lammetun.no\/wp-content\/uploads\/2017\/09\/25398630_1770464842984471_5278698087203483388_n-200x200.jpg 200w, https:\/\/www.lammetun.no\/wp-content\/uploads\/2017\/09\/25398630_1770464842984471_5278698087203483388_n-144x144.jpg 144w, https:\/\/www.lammetun.no\/wp-content\/uploads\/2017\/09\/25398630_1770464842984471_5278698087203483388_n-50x50.jpg 50w\" sizes=\"(max-width: 960px) 100vw, 960px\" \/><\/a><\/figure>\n\n\n\n<figure class=\"wp-block-image size-large\"><a href=\"https:\/\/www.lammetun.no\/wp-content\/uploads\/2017\/09\/25289233_1770465119651110_189868393909120390_n.jpg\"><img loading=\"lazy\" decoding=\"async\" width=\"960\" height=\"960\" data-id=\"634\" src=\"https:\/\/www.lammetun.no\/wp-content\/uploads\/2017\/09\/25289233_1770465119651110_189868393909120390_n.jpg\" alt=\"\" class=\"wp-image-634\" srcset=\"https:\/\/www.lammetun.no\/wp-content\/uploads\/2017\/09\/25289233_1770465119651110_189868393909120390_n.jpg 960w, https:\/\/www.lammetun.no\/wp-content\/uploads\/2017\/09\/25289233_1770465119651110_189868393909120390_n-300x300.jpg 300w, https:\/\/www.lammetun.no\/wp-content\/uploads\/2017\/09\/25289233_1770465119651110_189868393909120390_n-600x600.jpg 600w, https:\/\/www.lammetun.no\/wp-content\/uploads\/2017\/09\/25289233_1770465119651110_189868393909120390_n-100x100.jpg 100w, https:\/\/www.lammetun.no\/wp-content\/uploads\/2017\/09\/25289233_1770465119651110_189868393909120390_n-150x150.jpg 150w, https:\/\/www.lammetun.no\/wp-content\/uploads\/2017\/09\/25289233_1770465119651110_189868393909120390_n-768x768.jpg 768w, https:\/\/www.lammetun.no\/wp-content\/uploads\/2017\/09\/25289233_1770465119651110_189868393909120390_n-680x680.jpg 680w, https:\/\/www.lammetun.no\/wp-content\/uploads\/2017\/09\/25289233_1770465119651110_189868393909120390_n-200x200.jpg 200w, https:\/\/www.lammetun.no\/wp-content\/uploads\/2017\/09\/25289233_1770465119651110_189868393909120390_n-144x144.jpg 144w, https:\/\/www.lammetun.no\/wp-content\/uploads\/2017\/09\/25289233_1770465119651110_189868393909120390_n-50x50.jpg 50w\" sizes=\"(max-width: 960px) 100vw, 960px\" \/><\/a><\/figure>\n\n\n\n<figure class=\"wp-block-image size-large\"><a href=\"https:\/\/www.lammetun.no\/wp-content\/uploads\/2017\/09\/25348802_1770464686317820_6572025174433612668_n.jpg\"><img loading=\"lazy\" decoding=\"async\" width=\"960\" height=\"960\" data-id=\"637\" src=\"https:\/\/www.lammetun.no\/wp-content\/uploads\/2017\/09\/25348802_1770464686317820_6572025174433612668_n.jpg\" alt=\"\" class=\"wp-image-637\" srcset=\"https:\/\/www.lammetun.no\/wp-content\/uploads\/2017\/09\/25348802_1770464686317820_6572025174433612668_n.jpg 960w, https:\/\/www.lammetun.no\/wp-content\/uploads\/2017\/09\/25348802_1770464686317820_6572025174433612668_n-300x300.jpg 300w, https:\/\/www.lammetun.no\/wp-content\/uploads\/2017\/09\/25348802_1770464686317820_6572025174433612668_n-600x600.jpg 600w, https:\/\/www.lammetun.no\/wp-content\/uploads\/2017\/09\/25348802_1770464686317820_6572025174433612668_n-100x100.jpg 100w, https:\/\/www.lammetun.no\/wp-content\/uploads\/2017\/09\/25348802_1770464686317820_6572025174433612668_n-150x150.jpg 150w, https:\/\/www.lammetun.no\/wp-content\/uploads\/2017\/09\/25348802_1770464686317820_6572025174433612668_n-768x768.jpg 768w, https:\/\/www.lammetun.no\/wp-content\/uploads\/2017\/09\/25348802_1770464686317820_6572025174433612668_n-680x680.jpg 680w, https:\/\/www.lammetun.no\/wp-content\/uploads\/2017\/09\/25348802_1770464686317820_6572025174433612668_n-200x200.jpg 200w, https:\/\/www.lammetun.no\/wp-content\/uploads\/2017\/09\/25348802_1770464686317820_6572025174433612668_n-144x144.jpg 144w, https:\/\/www.lammetun.no\/wp-content\/uploads\/2017\/09\/25348802_1770464686317820_6572025174433612668_n-50x50.jpg 50w\" sizes=\"(max-width: 960px) 100vw, 960px\" \/><\/a><\/figure>\n\n\n\n<figure class=\"wp-block-image size-large\"><a href=\"https:\/\/www.lammetun.no\/wp-content\/uploads\/2017\/09\/25354000_1770464912984464_7026659180214963933_n.jpg\"><img loading=\"lazy\" decoding=\"async\" width=\"960\" height=\"960\" data-id=\"638\" src=\"https:\/\/www.lammetun.no\/wp-content\/uploads\/2017\/09\/25354000_1770464912984464_7026659180214963933_n.jpg\" alt=\"\" class=\"wp-image-638\" srcset=\"https:\/\/www.lammetun.no\/wp-content\/uploads\/2017\/09\/25354000_1770464912984464_7026659180214963933_n.jpg 960w, https:\/\/www.lammetun.no\/wp-content\/uploads\/2017\/09\/25354000_1770464912984464_7026659180214963933_n-300x300.jpg 300w, https:\/\/www.lammetun.no\/wp-content\/uploads\/2017\/09\/25354000_1770464912984464_7026659180214963933_n-600x600.jpg 600w, https:\/\/www.lammetun.no\/wp-content\/uploads\/2017\/09\/25354000_1770464912984464_7026659180214963933_n-100x100.jpg 100w, https:\/\/www.lammetun.no\/wp-content\/uploads\/2017\/09\/25354000_1770464912984464_7026659180214963933_n-150x150.jpg 150w, https:\/\/www.lammetun.no\/wp-content\/uploads\/2017\/09\/25354000_1770464912984464_7026659180214963933_n-768x768.jpg 768w, https:\/\/www.lammetun.no\/wp-content\/uploads\/2017\/09\/25354000_1770464912984464_7026659180214963933_n-680x680.jpg 680w, https:\/\/www.lammetun.no\/wp-content\/uploads\/2017\/09\/25354000_1770464912984464_7026659180214963933_n-200x200.jpg 200w, https:\/\/www.lammetun.no\/wp-content\/uploads\/2017\/09\/25354000_1770464912984464_7026659180214963933_n-144x144.jpg 144w, https:\/\/www.lammetun.no\/wp-content\/uploads\/2017\/09\/25354000_1770464912984464_7026659180214963933_n-50x50.jpg 50w\" sizes=\"(max-width: 960px) 100vw, 960px\" \/><\/a><\/figure>\n<\/figure>\n\n\n<p>For meir informasjon\/booking ta kontakt p\u00e5<\/p>\n<p>(+47) 47 28 36 34\u00a0<br \/>Booking@lammetun.no <br \/><br \/><\/p>","protected":false},"excerpt":{"rendered":"<p>H\u00f8ybr\u00e5tet H\u00f8ybr\u00e5tet er eit nyoppussa rom i L\u00e5ven som ein kan leige til tilstelningar, for eks. klubb, julebord,&nbsp; bursdag, fest, utdrikningslag, bedriftssamling og alt mogleg anna:) Vi har lerret og prosjektor som kan nyttast, for dei som treng det.&nbsp; For meir informasjon\/booking ta kontakt p\u00e5 (+47) 47 28 36 34\u00a0Booking@lammetun.no<\/p>\n","protected":false},"author":1,"featured_media":307,"parent":0,"menu_order":0,"comment_status":"closed","ping_status":"closed","template":"","meta":{"_crdt_document":"","footnotes":""},"class_list":["post-308","page","type-page","status-publish","has-post-thumbnail","hentry"],"yoast_head":"<!-- This site is optimized with the Yoast SEO plugin v27.5 - https:\/\/yoast.com\/product\/yoast-seo-wordpress\/ -->\n<title>Selskapslokale\/M\u00f8terom - Lammetun Ferie &amp; Fritid<\/title>\n<meta name=\"robots\" content=\"index, follow, max-snippet:-1, max-image-preview:large, max-video-preview:-1\" \/>\n<link rel=\"canonical\" href=\"https:\/\/www.lammetun.no\/?page_id=308\" \/>\n<meta property=\"og:locale\" content=\"nb_NO\" \/>\n<meta property=\"og:type\" content=\"article\" \/>\n<meta property=\"og:title\" content=\"Selskapslokale\/M\u00f8terom - Lammetun Ferie &amp; Fritid\" \/>\n<meta property=\"og:description\" content=\"H\u00f8ybr\u00e5tet H\u00f8ybr\u00e5tet er eit nyoppussa rom i L\u00e5ven som ein kan leige til tilstelningar, for eks. klubb, julebord,&nbsp; bursdag, fest, utdrikningslag, bedriftssamling og alt mogleg anna:) Vi har lerret og prosjektor som kan nyttast, for dei som treng det.&nbsp; For meir informasjon\/booking ta kontakt p\u00e5 (+47) 47 28 36 34\u00a0Booking@lammetun.no\" \/>\n<meta property=\"og:url\" content=\"https:\/\/www.lammetun.no\/?page_id=308\" \/>\n<meta property=\"og:site_name\" content=\"Lammetun Ferie &amp; Fritid\" \/>\n<meta property=\"article:publisher\" content=\"https:\/\/www.facebook.com\/lammetun.no\/\" \/>\n<meta property=\"article:modified_time\" content=\"2023-10-24T06:36:29+00:00\" \/>\n<meta property=\"og:image\" content=\"https:\/\/www.lammetun.no\/wp-content\/uploads\/2017\/09\/wpid-wp-image-1050912248.jpg\" \/>\n\t<meta property=\"og:image:width\" content=\"720\" \/>\n\t<meta property=\"og:image:height\" content=\"960\" \/>\n\t<meta property=\"og:image:type\" content=\"image\/jpeg\" \/>\n<meta name=\"twitter:card\" content=\"summary_large_image\" \/>\n<meta name=\"twitter:label1\" content=\"Ansl. lesetid\" \/>\n\t<meta name=\"twitter:data1\" content=\"3 minutter\" \/>\n<script type=\"application\/ld+json\" class=\"yoast-schema-graph\">{\"@context\":\"https:\\\/\\\/schema.org\",\"@graph\":[{\"@type\":\"WebPage\",\"@id\":\"https:\\\/\\\/www.lammetun.no\\\/?page_id=308\",\"url\":\"https:\\\/\\\/www.lammetun.no\\\/?page_id=308\",\"name\":\"Selskapslokale\\\/M\u00f8terom - Lammetun Ferie &amp; Fritid\",\"isPartOf\":{\"@id\":\"https:\\\/\\\/www.lammetun.no\\\/#website\"},\"primaryImageOfPage\":{\"@id\":\"https:\\\/\\\/www.lammetun.no\\\/?page_id=308#primaryimage\"},\"image\":{\"@id\":\"https:\\\/\\\/www.lammetun.no\\\/?page_id=308#primaryimage\"},\"thumbnailUrl\":\"https:\\\/\\\/www.lammetun.no\\\/wp-content\\\/uploads\\\/2017\\\/09\\\/wpid-wp-image-1050912248.jpg\",\"datePublished\":\"2017-09-03T11:27:15+00:00\",\"dateModified\":\"2023-10-24T06:36:29+00:00\",\"breadcrumb\":{\"@id\":\"https:\\\/\\\/www.lammetun.no\\\/?page_id=308#breadcrumb\"},\"inLanguage\":\"nb-NO\",\"potentialAction\":[{\"@type\":\"ReadAction\",\"target\":[\"https:\\\/\\\/www.lammetun.no\\\/?page_id=308\"]}]},{\"@type\":\"ImageObject\",\"inLanguage\":\"nb-NO\",\"@id\":\"https:\\\/\\\/www.lammetun.no\\\/?page_id=308#primaryimage\",\"url\":\"https:\\\/\\\/www.lammetun.no\\\/wp-content\\\/uploads\\\/2017\\\/09\\\/wpid-wp-image-1050912248.jpg\",\"contentUrl\":\"https:\\\/\\\/www.lammetun.no\\\/wp-content\\\/uploads\\\/2017\\\/09\\\/wpid-wp-image-1050912248.jpg\",\"width\":720,\"height\":960},{\"@type\":\"BreadcrumbList\",\"@id\":\"https:\\\/\\\/www.lammetun.no\\\/?page_id=308#breadcrumb\",\"itemListElement\":[{\"@type\":\"ListItem\",\"position\":1,\"name\":\"Hjem\",\"item\":\"https:\\\/\\\/www.lammetun.no\\\/\"},{\"@type\":\"ListItem\",\"position\":2,\"name\":\"Selskapslokale\\\/M\u00f8terom\"}]},{\"@type\":\"WebSite\",\"@id\":\"https:\\\/\\\/www.lammetun.no\\\/#website\",\"url\":\"https:\\\/\\\/www.lammetun.no\\\/\",\"name\":\"Lammetun Ferie & Fritid\",\"description\":\"- ei perle i vest\",\"potentialAction\":[{\"@type\":\"SearchAction\",\"target\":{\"@type\":\"EntryPoint\",\"urlTemplate\":\"https:\\\/\\\/www.lammetun.no\\\/?s={search_term_string}\"},\"query-input\":{\"@type\":\"PropertyValueSpecification\",\"valueRequired\":true,\"valueName\":\"search_term_string\"}}],\"inLanguage\":\"nb-NO\"}]}<\/script>\n<!-- \/ Yoast SEO plugin. -->","yoast_head_json":{"title":"Selskapslokale\/M\u00f8terom - Lammetun Ferie &amp; Fritid","robots":{"index":"index","follow":"follow","max-snippet":"max-snippet:-1","max-image-preview":"max-image-preview:large","max-video-preview":"max-video-preview:-1"},"canonical":"https:\/\/www.lammetun.no\/?page_id=308","og_locale":"nb_NO","og_type":"article","og_title":"Selskapslokale\/M\u00f8terom - Lammetun Ferie &amp; Fritid","og_description":"H\u00f8ybr\u00e5tet H\u00f8ybr\u00e5tet er eit nyoppussa rom i L\u00e5ven som ein kan leige til tilstelningar, for eks. klubb, julebord,&nbsp; bursdag, fest, utdrikningslag, bedriftssamling og alt mogleg anna:) Vi har lerret og prosjektor som kan nyttast, for dei som treng det.&nbsp; For meir informasjon\/booking ta kontakt p\u00e5 (+47) 47 28 36 34\u00a0Booking@lammetun.no","og_url":"https:\/\/www.lammetun.no\/?page_id=308","og_site_name":"Lammetun Ferie &amp; Fritid","article_publisher":"https:\/\/www.facebook.com\/lammetun.no\/","article_modified_time":"2023-10-24T06:36:29+00:00","og_image":[{"width":720,"height":960,"url":"https:\/\/www.lammetun.no\/wp-content\/uploads\/2017\/09\/wpid-wp-image-1050912248.jpg","type":"image\/jpeg"}],"twitter_card":"summary_large_image","twitter_misc":{"Ansl. lesetid":"3 minutter"},"schema":{"@context":"https:\/\/schema.org","@graph":[{"@type":"WebPage","@id":"https:\/\/www.lammetun.no\/?page_id=308","url":"https:\/\/www.lammetun.no\/?page_id=308","name":"Selskapslokale\/M\u00f8terom - Lammetun Ferie &amp; Fritid","isPartOf":{"@id":"https:\/\/www.lammetun.no\/#website"},"primaryImageOfPage":{"@id":"https:\/\/www.lammetun.no\/?page_id=308#primaryimage"},"image":{"@id":"https:\/\/www.lammetun.no\/?page_id=308#primaryimage"},"thumbnailUrl":"https:\/\/www.lammetun.no\/wp-content\/uploads\/2017\/09\/wpid-wp-image-1050912248.jpg","datePublished":"2017-09-03T11:27:15+00:00","dateModified":"2023-10-24T06:36:29+00:00","breadcrumb":{"@id":"https:\/\/www.lammetun.no\/?page_id=308#breadcrumb"},"inLanguage":"nb-NO","potentialAction":[{"@type":"ReadAction","target":["https:\/\/www.lammetun.no\/?page_id=308"]}]},{"@type":"ImageObject","inLanguage":"nb-NO","@id":"https:\/\/www.lammetun.no\/?page_id=308#primaryimage","url":"https:\/\/www.lammetun.no\/wp-content\/uploads\/2017\/09\/wpid-wp-image-1050912248.jpg","contentUrl":"https:\/\/www.lammetun.no\/wp-content\/uploads\/2017\/09\/wpid-wp-image-1050912248.jpg","width":720,"height":960},{"@type":"BreadcrumbList","@id":"https:\/\/www.lammetun.no\/?page_id=308#breadcrumb","itemListElement":[{"@type":"ListItem","position":1,"name":"Hjem","item":"https:\/\/www.lammetun.no\/"},{"@type":"ListItem","position":2,"name":"Selskapslokale\/M\u00f8terom"}]},{"@type":"WebSite","@id":"https:\/\/www.lammetun.no\/#website","url":"https:\/\/www.lammetun.no\/","name":"Lammetun Ferie & Fritid","description":"- ei perle i vest","potentialAction":[{"@type":"SearchAction","target":{"@type":"EntryPoint","urlTemplate":"https:\/\/www.lammetun.no\/?s={search_term_string}"},"query-input":{"@type":"PropertyValueSpecification","valueRequired":true,"valueName":"search_term_string"}}],"inLanguage":"nb-NO"}]}},"_links":{"self":[{"href":"https:\/\/www.lammetun.no\/index.php?rest_route=\/wp\/v2\/pages\/308","targetHints":{"allow":["GET"]}}],"collection":[{"href":"https:\/\/www.lammetun.no\/index.php?rest_route=\/wp\/v2\/pages"}],"about":[{"href":"https:\/\/www.lammetun.no\/index.php?rest_route=\/wp\/v2\/types\/page"}],"author":[{"embeddable":true,"href":"https:\/\/www.lammetun.no\/index.php?rest_route=\/wp\/v2\/users\/1"}],"replies":[{"embeddable":true,"href":"https:\/\/www.lammetun.no\/index.php?rest_route=%2Fwp%2Fv2%2Fcomments&post=308"}],"version-history":[{"count":10,"href":"https:\/\/www.lammetun.no\/index.php?rest_route=\/wp\/v2\/pages\/308\/revisions"}],"predecessor-version":[{"id":15258,"href":"https:\/\/www.lammetun.no\/index.php?rest_route=\/wp\/v2\/pages\/308\/revisions\/15258"}],"wp:featuredmedia":[{"embeddable":true,"href":"https:\/\/www.lammetun.no\/index.php?rest_route=\/wp\/v2\/media\/307"}],"wp:attachment":[{"href":"https:\/\/www.lammetun.no\/index.php?rest_route=%2Fwp%2Fv2%2Fmedia&parent=308"}],"curies":[{"name":"wp","href":"https:\/\/api.w.org\/{rel}","templated":true}]}}