{"id":210,"date":"2016-06-24T08:56:15","date_gmt":"2016-06-24T06:56:15","guid":{"rendered":"http:\/\/www.lammetun.no\/?page_id=210"},"modified":"2025-03-10T15:13:04","modified_gmt":"2025-03-10T14:13:04","slug":"booking","status":"publish","type":"page","link":"https:\/\/www.lammetun.no\/?page_id=210","title":{"rendered":"Booking \/ kontakt oss"},"content":{"rendered":"<p>Du kan reservere plass p\u00e5 campingen, booke overnatting i hytter og aktiviteter hos oss p\u00e5 e-post eller telefon.<br \/>NB. Utenom p\u00e5 hybelen og leilighet 1 tar vi ikkje imot bookingar p\u00e5 under 2 d\u00f8gn p\u00e5 v\u00e5re hytter\/leiligheter.<br \/>P\u00e5 alle v\u00e5re hytter utenom Skuta er det tillatt med kj\u00e6ledyr (1), dette tar vi 300 kroner ekstra for. Kj\u00e6ledyr skal ikkje ligge i senger\/sofa osv.<\/p>\n<hr \/>\n<p>Book your stay at the camping site or cabins and activities.<br \/>NB. Only at the dorm room\/hybelen and apartemnt 1\/leilighet 1 we accept stay under 2 nigts in our cabins.<br \/>We allow pets on all our cabins except Skuta, we charge 300 NOK extra for this.<\/p>\n<h1 style=\"text-align: center;\"><strong>Postadresse\/Mail adress:<\/strong><br \/><strong>Lammetun ferie &amp; Fritid<\/strong><br \/><strong>Lammetunvegen 371<\/strong><br \/><strong>6964 Korssund<\/strong><br \/><strong>-Noreg-<\/strong><\/h1>\n<h1 style=\"text-align: center;\"><strong>Epost: <\/strong><strong>Booking@lammetun.no<\/strong><\/h1>\n<h1 style=\"text-align: center;\"><strong>Tlf. + 47 47 28 36 34\u00a0<\/strong><\/h1>\n<div id=\"info\" style=\"position: absolute; right: 60px; top: 460px;\">\u00a0<\/div>\n\n<div class=\"wp-block-image\">\n<figure class=\"aligncenter size-full\"><a href=\"https:\/\/www.campcation.com\/no\/campsite\/lammetun-ferie-og-fritid\"><img fetchpriority=\"high\" decoding=\"async\" width=\"616\" height=\"125\" src=\"https:\/\/www.lammetun.no\/wp-content\/uploads\/2025\/03\/bokning.png\" alt=\"\" class=\"wp-image-15800\" srcset=\"https:\/\/www.lammetun.no\/wp-content\/uploads\/2025\/03\/bokning.png 616w, https:\/\/www.lammetun.no\/wp-content\/uploads\/2025\/03\/bokning-300x61.png 300w, https:\/\/www.lammetun.no\/wp-content\/uploads\/2025\/03\/bokning-150x30.png 150w\" sizes=\"(max-width: 616px) 100vw, 616px\" \/><\/a><\/figure>\n<\/div>","protected":false},"excerpt":{"rendered":"<p>Du kan reservere plass p\u00e5 campingen, booke overnatting i hytter og aktiviteter hos oss p\u00e5 e-post eller telefon.NB. Utenom p\u00e5 hybelen og leilighet 1 tar vi ikkje imot bookingar p\u00e5 under 2 d\u00f8gn p\u00e5 v\u00e5re hytter\/leiligheter.P\u00e5 alle v\u00e5re hytter utenom Skuta er det tillatt med kj\u00e6ledyr (1), dette tar vi 300 kroner ekstra for. Kj\u00e6ledyr &hellip; <\/p>\n","protected":false},"author":1,"featured_media":0,"parent":0,"menu_order":0,"comment_status":"closed","ping_status":"closed","template":"","meta":{"_crdt_document":"","footnotes":""},"class_list":["post-210","page","type-page","status-publish","hentry"],"yoast_head":"<!-- This site is optimized with the Yoast SEO plugin v27.5 - https:\/\/yoast.com\/product\/yoast-seo-wordpress\/ -->\n<title>Booking \/ kontakt oss - Lammetun Ferie &amp; Fritid<\/title>\n<meta name=\"robots\" content=\"index, follow, max-snippet:-1, max-image-preview:large, max-video-preview:-1\" \/>\n<link rel=\"canonical\" href=\"https:\/\/www.lammetun.no\/?page_id=210\" \/>\n<meta property=\"og:locale\" content=\"nb_NO\" \/>\n<meta property=\"og:type\" content=\"article\" \/>\n<meta property=\"og:title\" content=\"Booking \/ kontakt oss - Lammetun Ferie &amp; Fritid\" \/>\n<meta property=\"og:description\" content=\"Du kan reservere plass p\u00e5 campingen, booke overnatting i hytter og aktiviteter hos oss p\u00e5 e-post eller telefon.NB. Utenom p\u00e5 hybelen og leilighet 1 tar vi ikkje imot bookingar p\u00e5 under 2 d\u00f8gn p\u00e5 v\u00e5re hytter\/leiligheter.P\u00e5 alle v\u00e5re hytter utenom Skuta er det tillatt med kj\u00e6ledyr (1), dette tar vi 300 kroner ekstra for. Kj\u00e6ledyr &hellip;\" \/>\n<meta property=\"og:url\" content=\"https:\/\/www.lammetun.no\/?page_id=210\" \/>\n<meta property=\"og:site_name\" content=\"Lammetun Ferie &amp; Fritid\" \/>\n<meta property=\"article:publisher\" content=\"https:\/\/www.facebook.com\/lammetun.no\/\" \/>\n<meta property=\"article:modified_time\" content=\"2025-03-10T14:13:04+00:00\" \/>\n<meta property=\"og:image\" content=\"https:\/\/www.lammetun.no\/wp-content\/uploads\/2025\/03\/bokning.png\" \/>\n\t<meta property=\"og:image:width\" content=\"616\" \/>\n\t<meta property=\"og:image:height\" content=\"125\" \/>\n\t<meta property=\"og:image:type\" content=\"image\/png\" \/>\n<meta name=\"twitter:card\" content=\"summary_large_image\" \/>\n<meta name=\"twitter:label1\" content=\"Ansl. lesetid\" \/>\n\t<meta name=\"twitter:data1\" content=\"1 minutt\" \/>\n<script type=\"application\/ld+json\" class=\"yoast-schema-graph\">{\"@context\":\"https:\\\/\\\/schema.org\",\"@graph\":[{\"@type\":\"WebPage\",\"@id\":\"https:\\\/\\\/www.lammetun.no\\\/?page_id=210\",\"url\":\"https:\\\/\\\/www.lammetun.no\\\/?page_id=210\",\"name\":\"Booking \\\/ kontakt oss - Lammetun Ferie &amp; Fritid\",\"isPartOf\":{\"@id\":\"https:\\\/\\\/www.lammetun.no\\\/#website\"},\"primaryImageOfPage\":{\"@id\":\"https:\\\/\\\/www.lammetun.no\\\/?page_id=210#primaryimage\"},\"image\":{\"@id\":\"https:\\\/\\\/www.lammetun.no\\\/?page_id=210#primaryimage\"},\"thumbnailUrl\":\"https:\\\/\\\/www.lammetun.no\\\/wp-content\\\/uploads\\\/2025\\\/03\\\/bokning.png\",\"datePublished\":\"2016-06-24T06:56:15+00:00\",\"dateModified\":\"2025-03-10T14:13:04+00:00\",\"breadcrumb\":{\"@id\":\"https:\\\/\\\/www.lammetun.no\\\/?page_id=210#breadcrumb\"},\"inLanguage\":\"nb-NO\",\"potentialAction\":[{\"@type\":\"ReadAction\",\"target\":[\"https:\\\/\\\/www.lammetun.no\\\/?page_id=210\"]}]},{\"@type\":\"ImageObject\",\"inLanguage\":\"nb-NO\",\"@id\":\"https:\\\/\\\/www.lammetun.no\\\/?page_id=210#primaryimage\",\"url\":\"https:\\\/\\\/www.lammetun.no\\\/wp-content\\\/uploads\\\/2025\\\/03\\\/bokning.png\",\"contentUrl\":\"https:\\\/\\\/www.lammetun.no\\\/wp-content\\\/uploads\\\/2025\\\/03\\\/bokning.png\",\"width\":616,\"height\":125},{\"@type\":\"BreadcrumbList\",\"@id\":\"https:\\\/\\\/www.lammetun.no\\\/?page_id=210#breadcrumb\",\"itemListElement\":[{\"@type\":\"ListItem\",\"position\":1,\"name\":\"Hjem\",\"item\":\"https:\\\/\\\/www.lammetun.no\\\/\"},{\"@type\":\"ListItem\",\"position\":2,\"name\":\"Booking \\\/ kontakt oss\"}]},{\"@type\":\"WebSite\",\"@id\":\"https:\\\/\\\/www.lammetun.no\\\/#website\",\"url\":\"https:\\\/\\\/www.lammetun.no\\\/\",\"name\":\"Lammetun Ferie & Fritid\",\"description\":\"- ei perle i vest\",\"potentialAction\":[{\"@type\":\"SearchAction\",\"target\":{\"@type\":\"EntryPoint\",\"urlTemplate\":\"https:\\\/\\\/www.lammetun.no\\\/?s={search_term_string}\"},\"query-input\":{\"@type\":\"PropertyValueSpecification\",\"valueRequired\":true,\"valueName\":\"search_term_string\"}}],\"inLanguage\":\"nb-NO\"}]}<\/script>\n<!-- \/ Yoast SEO plugin. -->","yoast_head_json":{"title":"Booking \/ kontakt oss - Lammetun Ferie &amp; Fritid","robots":{"index":"index","follow":"follow","max-snippet":"max-snippet:-1","max-image-preview":"max-image-preview:large","max-video-preview":"max-video-preview:-1"},"canonical":"https:\/\/www.lammetun.no\/?page_id=210","og_locale":"nb_NO","og_type":"article","og_title":"Booking \/ kontakt oss - Lammetun Ferie &amp; Fritid","og_description":"Du kan reservere plass p\u00e5 campingen, booke overnatting i hytter og aktiviteter hos oss p\u00e5 e-post eller telefon.NB. Utenom p\u00e5 hybelen og leilighet 1 tar vi ikkje imot bookingar p\u00e5 under 2 d\u00f8gn p\u00e5 v\u00e5re hytter\/leiligheter.P\u00e5 alle v\u00e5re hytter utenom Skuta er det tillatt med kj\u00e6ledyr (1), dette tar vi 300 kroner ekstra for. Kj\u00e6ledyr &hellip;","og_url":"https:\/\/www.lammetun.no\/?page_id=210","og_site_name":"Lammetun Ferie &amp; Fritid","article_publisher":"https:\/\/www.facebook.com\/lammetun.no\/","article_modified_time":"2025-03-10T14:13:04+00:00","og_image":[{"width":616,"height":125,"url":"https:\/\/www.lammetun.no\/wp-content\/uploads\/2025\/03\/bokning.png","type":"image\/png"}],"twitter_card":"summary_large_image","twitter_misc":{"Ansl. lesetid":"1 minutt"},"schema":{"@context":"https:\/\/schema.org","@graph":[{"@type":"WebPage","@id":"https:\/\/www.lammetun.no\/?page_id=210","url":"https:\/\/www.lammetun.no\/?page_id=210","name":"Booking \/ kontakt oss - Lammetun Ferie &amp; Fritid","isPartOf":{"@id":"https:\/\/www.lammetun.no\/#website"},"primaryImageOfPage":{"@id":"https:\/\/www.lammetun.no\/?page_id=210#primaryimage"},"image":{"@id":"https:\/\/www.lammetun.no\/?page_id=210#primaryimage"},"thumbnailUrl":"https:\/\/www.lammetun.no\/wp-content\/uploads\/2025\/03\/bokning.png","datePublished":"2016-06-24T06:56:15+00:00","dateModified":"2025-03-10T14:13:04+00:00","breadcrumb":{"@id":"https:\/\/www.lammetun.no\/?page_id=210#breadcrumb"},"inLanguage":"nb-NO","potentialAction":[{"@type":"ReadAction","target":["https:\/\/www.lammetun.no\/?page_id=210"]}]},{"@type":"ImageObject","inLanguage":"nb-NO","@id":"https:\/\/www.lammetun.no\/?page_id=210#primaryimage","url":"https:\/\/www.lammetun.no\/wp-content\/uploads\/2025\/03\/bokning.png","contentUrl":"https:\/\/www.lammetun.no\/wp-content\/uploads\/2025\/03\/bokning.png","width":616,"height":125},{"@type":"BreadcrumbList","@id":"https:\/\/www.lammetun.no\/?page_id=210#breadcrumb","itemListElement":[{"@type":"ListItem","position":1,"name":"Hjem","item":"https:\/\/www.lammetun.no\/"},{"@type":"ListItem","position":2,"name":"Booking \/ kontakt oss"}]},{"@type":"WebSite","@id":"https:\/\/www.lammetun.no\/#website","url":"https:\/\/www.lammetun.no\/","name":"Lammetun Ferie & Fritid","description":"- ei perle i vest","potentialAction":[{"@type":"SearchAction","target":{"@type":"EntryPoint","urlTemplate":"https:\/\/www.lammetun.no\/?s={search_term_string}"},"query-input":{"@type":"PropertyValueSpecification","valueRequired":true,"valueName":"search_term_string"}}],"inLanguage":"nb-NO"}]}},"_links":{"self":[{"href":"https:\/\/www.lammetun.no\/index.php?rest_route=\/wp\/v2\/pages\/210","targetHints":{"allow":["GET"]}}],"collection":[{"href":"https:\/\/www.lammetun.no\/index.php?rest_route=\/wp\/v2\/pages"}],"about":[{"href":"https:\/\/www.lammetun.no\/index.php?rest_route=\/wp\/v2\/types\/page"}],"author":[{"embeddable":true,"href":"https:\/\/www.lammetun.no\/index.php?rest_route=\/wp\/v2\/users\/1"}],"replies":[{"embeddable":true,"href":"https:\/\/www.lammetun.no\/index.php?rest_route=%2Fwp%2Fv2%2Fcomments&post=210"}],"version-history":[{"count":28,"href":"https:\/\/www.lammetun.no\/index.php?rest_route=\/wp\/v2\/pages\/210\/revisions"}],"predecessor-version":[{"id":15803,"href":"https:\/\/www.lammetun.no\/index.php?rest_route=\/wp\/v2\/pages\/210\/revisions\/15803"}],"wp:attachment":[{"href":"https:\/\/www.lammetun.no\/index.php?rest_route=%2Fwp%2Fv2%2Fmedia&parent=210"}],"curies":[{"name":"wp","href":"https:\/\/api.w.org\/{rel}","templated":true}]}}