{"id":1811,"date":"2018-10-22T13:05:18","date_gmt":"2018-10-22T11:05:18","guid":{"rendered":"http:\/\/www.lammetun.no\/?page_id=1811"},"modified":"2023-10-24T08:57:40","modified_gmt":"2023-10-24T06:57:40","slug":"stor-taren-2","status":"publish","type":"page","link":"https:\/\/www.lammetun.no\/?page_id=1811","title":{"rendered":"Stor Taren &#8211; Great Tare"},"content":{"rendered":"\n<p class=\"wp-block-paragraph\">Stor Taren stod klar p\u00e5 f\u00f8rsommaren 2018, dette er ei leilegheit med plass til 5 personar (3 soverom med enkle sengar). Passar best for storfamilien, arbeidsfolk og vennegjengar.<br>Dersom ein er fleire personar kan ein for eks. leie Taren i tillegg, disse leilighetene ligger vegg i vegg. <br>Under bilda finn de meir informasjon. Ta kontakt for pristilbod. <\/p>\n\n\n\n<p class=\"wp-block-paragraph\">Fasaden er under utbetring;)<\/p>\n\n\n\n<p class=\"has-vivid-cyan-blue-color has-text-color wp-block-paragraph\">The apartment Great Tare was ready in the summer of 2018, this is an apartment with room for 5 people (three bedrooms with single beds). Suits well for familys, groups of friends and working peoples. If you need more beds its nice to also book Taren. These apartments lies beside each other. <br>The outside are under improvement.<br>Below the pictures you can see more information and our prices.<\/p>\n\n\n\n<figure class=\"wp-block-gallery has-nested-images columns-8 is-cropped wp-block-gallery-1 is-layout-flex wp-block-gallery-is-layout-flex\">\n<figure class=\"wp-block-image size-large\"><a href=\"https:\/\/www.lammetun.no\/wp-content\/uploads\/2018\/10\/20180907_114258.jpg\"><img fetchpriority=\"high\" decoding=\"async\" width=\"1024\" height=\"498\" data-id=\"1812\" src=\"https:\/\/www.lammetun.no\/wp-content\/uploads\/2018\/10\/20180907_114258-1024x498.jpg\" alt=\"\" class=\"wp-image-1812\" srcset=\"https:\/\/www.lammetun.no\/wp-content\/uploads\/2018\/10\/20180907_114258-1024x498.jpg 1024w, https:\/\/www.lammetun.no\/wp-content\/uploads\/2018\/10\/20180907_114258-300x146.jpg 300w, https:\/\/www.lammetun.no\/wp-content\/uploads\/2018\/10\/20180907_114258-768x373.jpg 768w, https:\/\/www.lammetun.no\/wp-content\/uploads\/2018\/10\/20180907_114258-600x292.jpg 600w\" sizes=\"(max-width: 1024px) 100vw, 1024px\" \/><\/a><\/figure>\n\n\n\n<figure class=\"wp-block-image size-large\"><a href=\"https:\/\/www.lammetun.no\/wp-content\/uploads\/2018\/10\/20180907_114349-e1540205271257.jpg\"><img decoding=\"async\" width=\"498\" height=\"1024\" data-id=\"1813\" src=\"https:\/\/www.lammetun.no\/wp-content\/uploads\/2018\/10\/20180907_114349-e1540205271257-498x1024.jpg\" alt=\"\" class=\"wp-image-1813\" srcset=\"https:\/\/www.lammetun.no\/wp-content\/uploads\/2018\/10\/20180907_114349-e1540205271257-498x1024.jpg 498w, https:\/\/www.lammetun.no\/wp-content\/uploads\/2018\/10\/20180907_114349-e1540205271257-146x300.jpg 146w, https:\/\/www.lammetun.no\/wp-content\/uploads\/2018\/10\/20180907_114349-e1540205271257-768x1580.jpg 768w, https:\/\/www.lammetun.no\/wp-content\/uploads\/2018\/10\/20180907_114349-e1540205271257-600x1234.jpg 600w, https:\/\/www.lammetun.no\/wp-content\/uploads\/2018\/10\/20180907_114349-e1540205271257.jpg 1960w\" sizes=\"(max-width: 498px) 100vw, 498px\" \/><\/a><\/figure>\n\n\n\n<figure class=\"wp-block-image size-large\"><a href=\"https:\/\/www.lammetun.no\/wp-content\/uploads\/2018\/10\/20180907_115947-e1540205135666.jpg\"><img decoding=\"async\" width=\"498\" height=\"1024\" data-id=\"1818\" src=\"https:\/\/www.lammetun.no\/wp-content\/uploads\/2018\/10\/20180907_115947-e1540205135666-498x1024.jpg\" alt=\"\" class=\"wp-image-1818\" srcset=\"https:\/\/www.lammetun.no\/wp-content\/uploads\/2018\/10\/20180907_115947-e1540205135666-498x1024.jpg 498w, https:\/\/www.lammetun.no\/wp-content\/uploads\/2018\/10\/20180907_115947-e1540205135666-146x300.jpg 146w, https:\/\/www.lammetun.no\/wp-content\/uploads\/2018\/10\/20180907_115947-e1540205135666-768x1580.jpg 768w, https:\/\/www.lammetun.no\/wp-content\/uploads\/2018\/10\/20180907_115947-e1540205135666-600x1234.jpg 600w, https:\/\/www.lammetun.no\/wp-content\/uploads\/2018\/10\/20180907_115947-e1540205135666.jpg 1960w\" sizes=\"(max-width: 498px) 100vw, 498px\" \/><\/a><\/figure>\n\n\n\n<figure class=\"wp-block-image size-large\"><a href=\"https:\/\/www.lammetun.no\/wp-content\/uploads\/2018\/10\/20180907_114504-e1540205207996.jpg\"><img loading=\"lazy\" decoding=\"async\" width=\"498\" height=\"1024\" data-id=\"1815\" src=\"https:\/\/www.lammetun.no\/wp-content\/uploads\/2018\/10\/20180907_114504-e1540205207996-498x1024.jpg\" alt=\"\" class=\"wp-image-1815\" srcset=\"https:\/\/www.lammetun.no\/wp-content\/uploads\/2018\/10\/20180907_114504-e1540205207996-498x1024.jpg 498w, https:\/\/www.lammetun.no\/wp-content\/uploads\/2018\/10\/20180907_114504-e1540205207996-146x300.jpg 146w, https:\/\/www.lammetun.no\/wp-content\/uploads\/2018\/10\/20180907_114504-e1540205207996-768x1580.jpg 768w, https:\/\/www.lammetun.no\/wp-content\/uploads\/2018\/10\/20180907_114504-e1540205207996-600x1234.jpg 600w, https:\/\/www.lammetun.no\/wp-content\/uploads\/2018\/10\/20180907_114504-e1540205207996.jpg 1960w\" sizes=\"(max-width: 498px) 100vw, 498px\" \/><\/a><\/figure>\n\n\n\n<figure class=\"wp-block-image size-large\"><a href=\"https:\/\/www.lammetun.no\/wp-content\/uploads\/2018\/10\/20180907_114938.jpg\"><img loading=\"lazy\" decoding=\"async\" width=\"1024\" height=\"498\" data-id=\"1817\" src=\"https:\/\/www.lammetun.no\/wp-content\/uploads\/2018\/10\/20180907_114938-1024x498.jpg\" alt=\"\" class=\"wp-image-1817\" srcset=\"https:\/\/www.lammetun.no\/wp-content\/uploads\/2018\/10\/20180907_114938-1024x498.jpg 1024w, https:\/\/www.lammetun.no\/wp-content\/uploads\/2018\/10\/20180907_114938-300x146.jpg 300w, https:\/\/www.lammetun.no\/wp-content\/uploads\/2018\/10\/20180907_114938-768x373.jpg 768w, https:\/\/www.lammetun.no\/wp-content\/uploads\/2018\/10\/20180907_114938-600x292.jpg 600w\" sizes=\"(max-width: 1024px) 100vw, 1024px\" \/><\/a><\/figure>\n\n\n\n<figure class=\"wp-block-image size-large\"><a href=\"https:\/\/www.lammetun.no\/wp-content\/uploads\/2018\/10\/20180907_114831.jpg\"><img loading=\"lazy\" decoding=\"async\" width=\"1024\" height=\"498\" data-id=\"1816\" src=\"https:\/\/www.lammetun.no\/wp-content\/uploads\/2018\/10\/20180907_114831-1024x498.jpg\" alt=\"\" class=\"wp-image-1816\" srcset=\"https:\/\/www.lammetun.no\/wp-content\/uploads\/2018\/10\/20180907_114831-1024x498.jpg 1024w, https:\/\/www.lammetun.no\/wp-content\/uploads\/2018\/10\/20180907_114831-300x146.jpg 300w, https:\/\/www.lammetun.no\/wp-content\/uploads\/2018\/10\/20180907_114831-768x373.jpg 768w, https:\/\/www.lammetun.no\/wp-content\/uploads\/2018\/10\/20180907_114831-600x292.jpg 600w\" sizes=\"(max-width: 1024px) 100vw, 1024px\" \/><\/a><\/figure>\n\n\n\n<figure class=\"wp-block-image size-large\"><a href=\"https:\/\/www.lammetun.no\/wp-content\/uploads\/2018\/10\/20180907_115320-e1540205569677.jpg\"><img decoding=\"async\" data-id=\"1821\" src=\"https:\/\/www.lammetun.no\/wp-content\/uploads\/2018\/10\/20180907_115320-e1540205569677-498x1024.jpg\" alt=\"\" class=\"wp-image-1821\"\/><\/a><\/figure>\n\n\n\n<figure class=\"wp-block-image size-large\"><a href=\"https:\/\/www.lammetun.no\/wp-content\/uploads\/2018\/10\/20180907_115346-e1540205765792.jpg\"><img decoding=\"async\" data-id=\"1822\" src=\"https:\/\/www.lammetun.no\/wp-content\/uploads\/2018\/10\/20180907_115346-e1540205765792-498x1024.jpg\" alt=\"\" class=\"wp-image-1822\"\/><\/a><\/figure>\n<\/figure>\n\n\n<p>Leilegheita er utstyrt for 5 personar:<\/p>\n<ul>\n<li>Fullt utstyrt kj\u00f8kken<\/li>\n<li>Toalett \/ Dusj \/ Wc<\/li>\n<li>Vaskemaskin og t\u00f8rketrommel<\/li>\n<li>Stove<\/li>\n<li>Tv \/ wifi<\/li>\n<li>3 soverom med 5 enkle senger\n<p>Pris varierer med antall personer, lengde p\u00e5 opphold, og n\u00e5r p\u00e5 \u00e5ret det er &#8211; ta derfor kontakt for \u00e5 f\u00e5 pris p\u00e5 denne leiligheita.\u00a0<\/p>\n<\/li>\n<\/ul>\n<p><!--more--><\/p>\n<p>Book her:<br \/>Booking@lammetun.no<br \/>Tlf. +47 47 28 36 34<br \/><!--more--><\/p>\n\n\n<p class=\"has-vivid-cyan-blue-color has-text-color wp-block-paragraph\">The apartment is fully equipped for 6 people:<br>&#8211; Fully equipped kitchen<br>&#8211; Bathroom\/Shower\/WC with hot and cold water<br>&#8211; Washingmachine and tumble dryer<br>&#8211; Livingroom<br>&#8211; Tv\/Wifi<br>&#8211; 3 bedrooms with 6 single beds (can also be arranged as douvle beds)<\/p>\n\n\n\n<p class=\"wp-block-paragraph\">Take contact for prices. <\/p>\n\n\n\n<p class=\"has-vivid-cyan-blue-color has-text-color wp-block-paragraph\">Book here: <br>booking@lammetun.no<br>Phone: 0047 47283634<br><\/p>\n","protected":false},"excerpt":{"rendered":"<p>Stor Taren stod klar p\u00e5 f\u00f8rsommaren 2018, dette er ei leilegheit med plass til 5 personar (3 soverom med enkle sengar). Passar best for storfamilien, arbeidsfolk og vennegjengar.Dersom ein er fleire personar kan ein for eks. leie Taren i tillegg, disse leilighetene ligger vegg i vegg. Under bilda finn de meir informasjon. Ta kontakt for &hellip; <\/p>\n","protected":false},"author":1,"featured_media":0,"parent":0,"menu_order":0,"comment_status":"closed","ping_status":"closed","template":"","meta":{"_crdt_document":"","footnotes":""},"class_list":["post-1811","page","type-page","status-publish","hentry"],"yoast_head":"<!-- This site is optimized with the Yoast SEO plugin v27.5 - https:\/\/yoast.com\/product\/yoast-seo-wordpress\/ -->\n<title>Stor Taren - Great Tare - Lammetun Ferie &amp; Fritid<\/title>\n<meta name=\"robots\" content=\"index, follow, max-snippet:-1, max-image-preview:large, max-video-preview:-1\" \/>\n<link rel=\"canonical\" href=\"https:\/\/www.lammetun.no\/?page_id=1811\" \/>\n<meta property=\"og:locale\" content=\"nb_NO\" \/>\n<meta property=\"og:type\" content=\"article\" \/>\n<meta property=\"og:title\" content=\"Stor Taren - Great Tare - Lammetun Ferie &amp; Fritid\" \/>\n<meta property=\"og:description\" content=\"Stor Taren stod klar p\u00e5 f\u00f8rsommaren 2018, dette er ei leilegheit med plass til 5 personar (3 soverom med enkle sengar). Passar best for storfamilien, arbeidsfolk og vennegjengar.Dersom ein er fleire personar kan ein for eks. leie Taren i tillegg, disse leilighetene ligger vegg i vegg. Under bilda finn de meir informasjon. Ta kontakt for &hellip;\" \/>\n<meta property=\"og:url\" content=\"https:\/\/www.lammetun.no\/?page_id=1811\" \/>\n<meta property=\"og:site_name\" content=\"Lammetun Ferie &amp; Fritid\" \/>\n<meta property=\"article:publisher\" content=\"https:\/\/www.facebook.com\/lammetun.no\/\" \/>\n<meta property=\"article:modified_time\" content=\"2023-10-24T06:57:40+00:00\" \/>\n<meta property=\"og:image\" content=\"https:\/\/www.lammetun.no\/wp-content\/uploads\/2018\/10\/20180907_114258-1024x498.jpg\" \/>\n<meta name=\"twitter:card\" content=\"summary_large_image\" \/>\n<meta name=\"twitter:label1\" content=\"Ansl. lesetid\" \/>\n\t<meta name=\"twitter:data1\" content=\"3 minutter\" \/>\n<script type=\"application\/ld+json\" class=\"yoast-schema-graph\">{\"@context\":\"https:\\\/\\\/schema.org\",\"@graph\":[{\"@type\":\"WebPage\",\"@id\":\"https:\\\/\\\/www.lammetun.no\\\/?page_id=1811\",\"url\":\"https:\\\/\\\/www.lammetun.no\\\/?page_id=1811\",\"name\":\"Stor Taren - Great Tare - Lammetun Ferie &amp; Fritid\",\"isPartOf\":{\"@id\":\"https:\\\/\\\/www.lammetun.no\\\/#website\"},\"primaryImageOfPage\":{\"@id\":\"https:\\\/\\\/www.lammetun.no\\\/?page_id=1811#primaryimage\"},\"image\":{\"@id\":\"https:\\\/\\\/www.lammetun.no\\\/?page_id=1811#primaryimage\"},\"thumbnailUrl\":\"https:\\\/\\\/www.lammetun.no\\\/wp-content\\\/uploads\\\/2018\\\/10\\\/20180907_114258-1024x498.jpg\",\"datePublished\":\"2018-10-22T11:05:18+00:00\",\"dateModified\":\"2023-10-24T06:57:40+00:00\",\"breadcrumb\":{\"@id\":\"https:\\\/\\\/www.lammetun.no\\\/?page_id=1811#breadcrumb\"},\"inLanguage\":\"nb-NO\",\"potentialAction\":[{\"@type\":\"ReadAction\",\"target\":[\"https:\\\/\\\/www.lammetun.no\\\/?page_id=1811\"]}]},{\"@type\":\"ImageObject\",\"inLanguage\":\"nb-NO\",\"@id\":\"https:\\\/\\\/www.lammetun.no\\\/?page_id=1811#primaryimage\",\"url\":\"https:\\\/\\\/www.lammetun.no\\\/wp-content\\\/uploads\\\/2018\\\/10\\\/20180907_114258.jpg\",\"contentUrl\":\"https:\\\/\\\/www.lammetun.no\\\/wp-content\\\/uploads\\\/2018\\\/10\\\/20180907_114258.jpg\",\"width\":4032,\"height\":1960},{\"@type\":\"BreadcrumbList\",\"@id\":\"https:\\\/\\\/www.lammetun.no\\\/?page_id=1811#breadcrumb\",\"itemListElement\":[{\"@type\":\"ListItem\",\"position\":1,\"name\":\"Hjem\",\"item\":\"https:\\\/\\\/www.lammetun.no\\\/\"},{\"@type\":\"ListItem\",\"position\":2,\"name\":\"Stor Taren &#8211; Great Tare\"}]},{\"@type\":\"WebSite\",\"@id\":\"https:\\\/\\\/www.lammetun.no\\\/#website\",\"url\":\"https:\\\/\\\/www.lammetun.no\\\/\",\"name\":\"Lammetun Ferie & Fritid\",\"description\":\"- ei perle i vest\",\"potentialAction\":[{\"@type\":\"SearchAction\",\"target\":{\"@type\":\"EntryPoint\",\"urlTemplate\":\"https:\\\/\\\/www.lammetun.no\\\/?s={search_term_string}\"},\"query-input\":{\"@type\":\"PropertyValueSpecification\",\"valueRequired\":true,\"valueName\":\"search_term_string\"}}],\"inLanguage\":\"nb-NO\"}]}<\/script>\n<!-- \/ Yoast SEO plugin. -->","yoast_head_json":{"title":"Stor Taren - Great Tare - Lammetun Ferie &amp; Fritid","robots":{"index":"index","follow":"follow","max-snippet":"max-snippet:-1","max-image-preview":"max-image-preview:large","max-video-preview":"max-video-preview:-1"},"canonical":"https:\/\/www.lammetun.no\/?page_id=1811","og_locale":"nb_NO","og_type":"article","og_title":"Stor Taren - Great Tare - Lammetun Ferie &amp; Fritid","og_description":"Stor Taren stod klar p\u00e5 f\u00f8rsommaren 2018, dette er ei leilegheit med plass til 5 personar (3 soverom med enkle sengar). Passar best for storfamilien, arbeidsfolk og vennegjengar.Dersom ein er fleire personar kan ein for eks. leie Taren i tillegg, disse leilighetene ligger vegg i vegg. Under bilda finn de meir informasjon. Ta kontakt for &hellip;","og_url":"https:\/\/www.lammetun.no\/?page_id=1811","og_site_name":"Lammetun Ferie &amp; Fritid","article_publisher":"https:\/\/www.facebook.com\/lammetun.no\/","article_modified_time":"2023-10-24T06:57:40+00:00","og_image":[{"url":"https:\/\/www.lammetun.no\/wp-content\/uploads\/2018\/10\/20180907_114258-1024x498.jpg","type":"","width":"","height":""}],"twitter_card":"summary_large_image","twitter_misc":{"Ansl. lesetid":"3 minutter"},"schema":{"@context":"https:\/\/schema.org","@graph":[{"@type":"WebPage","@id":"https:\/\/www.lammetun.no\/?page_id=1811","url":"https:\/\/www.lammetun.no\/?page_id=1811","name":"Stor Taren - Great Tare - Lammetun Ferie &amp; Fritid","isPartOf":{"@id":"https:\/\/www.lammetun.no\/#website"},"primaryImageOfPage":{"@id":"https:\/\/www.lammetun.no\/?page_id=1811#primaryimage"},"image":{"@id":"https:\/\/www.lammetun.no\/?page_id=1811#primaryimage"},"thumbnailUrl":"https:\/\/www.lammetun.no\/wp-content\/uploads\/2018\/10\/20180907_114258-1024x498.jpg","datePublished":"2018-10-22T11:05:18+00:00","dateModified":"2023-10-24T06:57:40+00:00","breadcrumb":{"@id":"https:\/\/www.lammetun.no\/?page_id=1811#breadcrumb"},"inLanguage":"nb-NO","potentialAction":[{"@type":"ReadAction","target":["https:\/\/www.lammetun.no\/?page_id=1811"]}]},{"@type":"ImageObject","inLanguage":"nb-NO","@id":"https:\/\/www.lammetun.no\/?page_id=1811#primaryimage","url":"https:\/\/www.lammetun.no\/wp-content\/uploads\/2018\/10\/20180907_114258.jpg","contentUrl":"https:\/\/www.lammetun.no\/wp-content\/uploads\/2018\/10\/20180907_114258.jpg","width":4032,"height":1960},{"@type":"BreadcrumbList","@id":"https:\/\/www.lammetun.no\/?page_id=1811#breadcrumb","itemListElement":[{"@type":"ListItem","position":1,"name":"Hjem","item":"https:\/\/www.lammetun.no\/"},{"@type":"ListItem","position":2,"name":"Stor Taren &#8211; Great Tare"}]},{"@type":"WebSite","@id":"https:\/\/www.lammetun.no\/#website","url":"https:\/\/www.lammetun.no\/","name":"Lammetun Ferie & Fritid","description":"- ei perle i vest","potentialAction":[{"@type":"SearchAction","target":{"@type":"EntryPoint","urlTemplate":"https:\/\/www.lammetun.no\/?s={search_term_string}"},"query-input":{"@type":"PropertyValueSpecification","valueRequired":true,"valueName":"search_term_string"}}],"inLanguage":"nb-NO"}]}},"_links":{"self":[{"href":"https:\/\/www.lammetun.no\/index.php?rest_route=\/wp\/v2\/pages\/1811","targetHints":{"allow":["GET"]}}],"collection":[{"href":"https:\/\/www.lammetun.no\/index.php?rest_route=\/wp\/v2\/pages"}],"about":[{"href":"https:\/\/www.lammetun.no\/index.php?rest_route=\/wp\/v2\/types\/page"}],"author":[{"embeddable":true,"href":"https:\/\/www.lammetun.no\/index.php?rest_route=\/wp\/v2\/users\/1"}],"replies":[{"embeddable":true,"href":"https:\/\/www.lammetun.no\/index.php?rest_route=%2Fwp%2Fv2%2Fcomments&post=1811"}],"version-history":[{"count":9,"href":"https:\/\/www.lammetun.no\/index.php?rest_route=\/wp\/v2\/pages\/1811\/revisions"}],"predecessor-version":[{"id":15300,"href":"https:\/\/www.lammetun.no\/index.php?rest_route=\/wp\/v2\/pages\/1811\/revisions\/15300"}],"wp:attachment":[{"href":"https:\/\/www.lammetun.no\/index.php?rest_route=%2Fwp%2Fv2%2Fmedia&parent=1811"}],"curies":[{"name":"wp","href":"https:\/\/api.w.org\/{rel}","templated":true}]}}