{"id":15051,"date":"2022-09-20T13:36:17","date_gmt":"2022-09-20T11:36:17","guid":{"rendered":"https:\/\/www.lammetun.no\/?page_id=15051"},"modified":"2023-10-24T10:19:02","modified_gmt":"2023-10-24T08:19:02","slug":"opplevelseshelg-pa-lammetun","status":"publish","type":"page","link":"https:\/\/www.lammetun.no\/?page_id=15051","title":{"rendered":"Opplevelseshelg p\u00e5 Lammetun"},"content":{"rendered":"\n<figure class=\"wp-block-gallery has-nested-images columns-default is-cropped wp-block-gallery-1 is-layout-flex wp-block-gallery-is-layout-flex\">\n<figure class=\"wp-block-image size-large\"><a href=\"https:\/\/www.lammetun.no\/wp-content\/uploads\/2023\/10\/01A0272-CF.jpg\"><img fetchpriority=\"high\" decoding=\"async\" width=\"3648\" height=\"5472\" data-id=\"15321\" src=\"https:\/\/www.lammetun.no\/wp-content\/uploads\/2023\/10\/01A0272-CF.jpg\" alt=\"\" class=\"wp-image-15321\" srcset=\"https:\/\/www.lammetun.no\/wp-content\/uploads\/2023\/10\/01A0272-CF.jpg 3648w, https:\/\/www.lammetun.no\/wp-content\/uploads\/2023\/10\/01A0272-CF-200x300.jpg 200w, https:\/\/www.lammetun.no\/wp-content\/uploads\/2023\/10\/01A0272-CF-1365x2048.jpg 1365w\" sizes=\"(max-width: 3648px) 100vw, 3648px\" \/><\/a><\/figure>\n\n\n\n<figure class=\"wp-block-image size-full\"><a href=\"https:\/\/www.lammetun.no\/wp-content\/uploads\/2023\/10\/Video-frame-at-0m7s.jpg\"><img decoding=\"async\" width=\"320\" height=\"568\" data-id=\"15339\" src=\"https:\/\/www.lammetun.no\/wp-content\/uploads\/2023\/10\/Video-frame-at-0m7s.jpg\" alt=\"\" class=\"wp-image-15339\" srcset=\"https:\/\/www.lammetun.no\/wp-content\/uploads\/2023\/10\/Video-frame-at-0m7s.jpg 320w, https:\/\/www.lammetun.no\/wp-content\/uploads\/2023\/10\/Video-frame-at-0m7s-169x300.jpg 169w\" sizes=\"(max-width: 320px) 100vw, 320px\" \/><\/a><\/figure>\n\n\n\n<figure class=\"wp-block-image size-large\"><a href=\"https:\/\/www.lammetun.no\/wp-content\/uploads\/2023\/10\/4I4A4469-SG-scaled.jpg\"><img decoding=\"async\" width=\"683\" height=\"1024\" data-id=\"15381\" src=\"https:\/\/www.lammetun.no\/wp-content\/uploads\/2023\/10\/4I4A4469-SG-683x1024.jpg\" alt=\"\" class=\"wp-image-15381\" srcset=\"https:\/\/www.lammetun.no\/wp-content\/uploads\/2023\/10\/4I4A4469-SG-683x1024.jpg 683w, https:\/\/www.lammetun.no\/wp-content\/uploads\/2023\/10\/4I4A4469-SG-200x300.jpg 200w, https:\/\/www.lammetun.no\/wp-content\/uploads\/2023\/10\/4I4A4469-SG-768x1152.jpg 768w, https:\/\/www.lammetun.no\/wp-content\/uploads\/2023\/10\/4I4A4469-SG-scaled.jpg 1707w\" sizes=\"(max-width: 683px) 100vw, 683px\" \/><\/a><\/figure>\n\n\n\n<figure class=\"wp-block-image size-large\"><a href=\"https:\/\/www.lammetun.no\/wp-content\/uploads\/2023\/10\/Video-frame-at-0m22s.jpg\"><img loading=\"lazy\" decoding=\"async\" width=\"320\" height=\"568\" data-id=\"15348\" src=\"https:\/\/www.lammetun.no\/wp-content\/uploads\/2023\/10\/Video-frame-at-0m22s.jpg\" alt=\"\" class=\"wp-image-15348\" srcset=\"https:\/\/www.lammetun.no\/wp-content\/uploads\/2023\/10\/Video-frame-at-0m22s.jpg 320w, https:\/\/www.lammetun.no\/wp-content\/uploads\/2023\/10\/Video-frame-at-0m22s-169x300.jpg 169w\" sizes=\"(max-width: 320px) 100vw, 320px\" \/><\/a><\/figure>\n\n\n\n<figure class=\"wp-block-image size-large\"><a href=\"https:\/\/www.lammetun.no\/wp-content\/uploads\/2023\/10\/215A6688-1-JV.jpg\"><img loading=\"lazy\" decoding=\"async\" width=\"683\" height=\"1024\" data-id=\"15336\" src=\"https:\/\/www.lammetun.no\/wp-content\/uploads\/2023\/10\/215A6688-1-JV-683x1024.jpg\" alt=\"\" class=\"wp-image-15336\" srcset=\"https:\/\/www.lammetun.no\/wp-content\/uploads\/2023\/10\/215A6688-1-JV-683x1024.jpg 683w, https:\/\/www.lammetun.no\/wp-content\/uploads\/2023\/10\/215A6688-1-JV-200x300.jpg 200w, https:\/\/www.lammetun.no\/wp-content\/uploads\/2023\/10\/215A6688-1-JV-768x1151.jpg 768w\" sizes=\"(max-width: 683px) 100vw, 683px\" \/><\/a><\/figure>\n<\/figure>\n\n\n\n<h2 class=\"wp-block-heading\">Sett sammen dei elementa du\/de \u00f8nsker: <\/h2>\n\n\n\n<p class=\"wp-block-paragraph\">Vi tilbyr ulike aktivitetar og opplevelsar, du kan plukke dei du ynskjer for \u00e5 sette sammen ditt opphold slik at det blir akkurat som du\/de ynskjer. <br>Vi hjelper d\u00e5ke gjerne med \u00e5 sette sammen opplegg som passar for vennegjengen\/firma\/familien.<\/p>\n\n\n\n<p class=\"wp-block-paragraph\">Vi tilbyr:<br>Overnatting i hytter\/leiligheter eller du kan komme med bobil\/campingvogn\/telt. <br>Utleie av kajakk, SUP-brett og b\u00e5tar<br>Paintball (minimum 6 personar)<br>Havrafting<br>Guida omvisning i Lammetun kystfort<br>Catering\/matservering i samarbeid med Askvoll sj\u00f8mat og delikatesser<br>Skyss til\/fr\u00e5 Alden, S\u00e5 ein endelig f\u00e5r tatt seg ein tur p\u00e5 det majestetiske fjellet midt ute i havet \ud83d\ude42<br>Tur i Lammetunhola og andre kjekke fjellturar i n\u00e6romr\u00e5det. <\/p>\n\n\n\n<p class=\"wp-block-paragraph\">Dette passar godt dersom du ynskjer \u00e5 arrangere bl\u00e5tur, utdrikningslag eller vennetur, men ogs\u00e5 for familiar eller par. <\/p>\n\n\n\n<h2 class=\"wp-block-heading\">Eksempel pakke &#8211; Vennegjeng\/bl\u00e5tur\/utdrikningslag: <\/h2>\n\n\n\n<p class=\"wp-block-paragraph\">Overnatting i hytta Skuta 2 d\u00f8gn, 8 personar. <br>Aktivitetar: Guida tur i fortet som avsluttast med paintball i kanonstillingane!<br>Pris per person: 1,350,- kroner<\/p>\n\n\n\n<h2 class=\"wp-block-heading\">Eksempel pakke 2 &#8211; Friluftsliv deluxe:<\/h2>\n\n\n\n<p class=\"wp-block-paragraph\">Overnatting p\u00e5 Sj\u00f8bua 2 d\u00f8gn, 2 personar<br>Aktivitetar: leige av kajakk, skyss tur\/retur Alden, <br>Pris per person: 2,900,- kroner. <\/p>\n\n\n\n<h2 class=\"wp-block-heading\">Venninnetur<\/h2>\n\n\n\n<p class=\"wp-block-paragraph\">Overnatting i hytta Skuta, 2 d\u00f8gn, 8 personar<br>Aktivitetar: Fjelltur Alden \/skyss tur\/retur inkl), Omvisning i Lammetun kystfort, <br>Pris per person: 1,500,- kroner<\/p>\n","protected":false},"excerpt":{"rendered":"<p>Sett sammen dei elementa du\/de \u00f8nsker: Vi tilbyr ulike aktivitetar og opplevelsar, du kan plukke dei du ynskjer for \u00e5 sette sammen ditt opphold slik at det blir akkurat som du\/de ynskjer. Vi hjelper d\u00e5ke gjerne med \u00e5 sette sammen opplegg som passar for vennegjengen\/firma\/familien. Vi tilbyr:Overnatting i hytter\/leiligheter eller du kan komme med bobil\/campingvogn\/telt. &hellip; <\/p>\n","protected":false},"author":1,"featured_media":0,"parent":0,"menu_order":0,"comment_status":"closed","ping_status":"closed","template":"","meta":{"_crdt_document":"","footnotes":""},"class_list":["post-15051","page","type-page","status-publish","hentry"],"yoast_head":"<!-- This site is optimized with the Yoast SEO plugin v27.5 - https:\/\/yoast.com\/product\/yoast-seo-wordpress\/ -->\n<title>Opplevelseshelg p\u00e5 Lammetun - Lammetun Ferie &amp; Fritid<\/title>\n<meta name=\"description\" content=\"Opplevelseshelg p\u00e5 Lammetun! sett sammen ditt opphold slik at det blir akkurat som du\/de ynskjer, velg mellom aktiviteter som paintball, \u00f8lsmaking, fjellturer, kajakk\/b\u00e5t\/SUP utleie, omvisning Lammetun kystfort, havrafting, tur i Lammetunhola,\" \/>\n<meta name=\"robots\" content=\"index, follow, max-snippet:-1, max-image-preview:large, max-video-preview:-1\" \/>\n<link rel=\"canonical\" href=\"https:\/\/www.lammetun.no\/?page_id=15051\" \/>\n<meta property=\"og:locale\" content=\"nb_NO\" \/>\n<meta property=\"og:type\" content=\"article\" \/>\n<meta property=\"og:title\" content=\"Opplevelseshelg p\u00e5 Lammetun - Lammetun Ferie &amp; Fritid\" \/>\n<meta property=\"og:description\" content=\"Opplevelseshelg p\u00e5 Lammetun! sett sammen ditt opphold slik at det blir akkurat som du\/de ynskjer, velg mellom aktiviteter som paintball, \u00f8lsmaking, fjellturer, kajakk\/b\u00e5t\/SUP utleie, omvisning Lammetun kystfort, havrafting, tur i Lammetunhola,\" \/>\n<meta property=\"og:url\" content=\"https:\/\/www.lammetun.no\/?page_id=15051\" \/>\n<meta property=\"og:site_name\" content=\"Lammetun Ferie &amp; Fritid\" \/>\n<meta property=\"article:publisher\" content=\"https:\/\/www.facebook.com\/lammetun.no\/\" \/>\n<meta property=\"article:modified_time\" content=\"2023-10-24T08:19:02+00:00\" \/>\n<meta property=\"og:image\" content=\"https:\/\/www.lammetun.no\/wp-content\/uploads\/2023\/10\/01A0272-CF.jpg\" \/>\n<meta name=\"twitter:card\" content=\"summary_large_image\" \/>\n<meta name=\"twitter:label1\" content=\"Ansl. lesetid\" \/>\n\t<meta name=\"twitter:data1\" content=\"3 minutter\" \/>\n<script type=\"application\/ld+json\" class=\"yoast-schema-graph\">{\"@context\":\"https:\\\/\\\/schema.org\",\"@graph\":[{\"@type\":\"WebPage\",\"@id\":\"https:\\\/\\\/www.lammetun.no\\\/?page_id=15051\",\"url\":\"https:\\\/\\\/www.lammetun.no\\\/?page_id=15051\",\"name\":\"Opplevelseshelg p\u00e5 Lammetun - Lammetun Ferie &amp; Fritid\",\"isPartOf\":{\"@id\":\"https:\\\/\\\/www.lammetun.no\\\/#website\"},\"primaryImageOfPage\":{\"@id\":\"https:\\\/\\\/www.lammetun.no\\\/?page_id=15051#primaryimage\"},\"image\":{\"@id\":\"https:\\\/\\\/www.lammetun.no\\\/?page_id=15051#primaryimage\"},\"thumbnailUrl\":\"https:\\\/\\\/www.lammetun.no\\\/wp-content\\\/uploads\\\/2023\\\/10\\\/01A0272-CF.jpg\",\"datePublished\":\"2022-09-20T11:36:17+00:00\",\"dateModified\":\"2023-10-24T08:19:02+00:00\",\"description\":\"Opplevelseshelg p\u00e5 Lammetun! sett sammen ditt opphold slik at det blir akkurat som du\\\/de ynskjer, velg mellom aktiviteter som paintball, \u00f8lsmaking, fjellturer, kajakk\\\/b\u00e5t\\\/SUP utleie, omvisning Lammetun kystfort, havrafting, tur i Lammetunhola,\",\"breadcrumb\":{\"@id\":\"https:\\\/\\\/www.lammetun.no\\\/?page_id=15051#breadcrumb\"},\"inLanguage\":\"nb-NO\",\"potentialAction\":[{\"@type\":\"ReadAction\",\"target\":[\"https:\\\/\\\/www.lammetun.no\\\/?page_id=15051\"]}]},{\"@type\":\"ImageObject\",\"inLanguage\":\"nb-NO\",\"@id\":\"https:\\\/\\\/www.lammetun.no\\\/?page_id=15051#primaryimage\",\"url\":\"https:\\\/\\\/www.lammetun.no\\\/wp-content\\\/uploads\\\/2023\\\/10\\\/01A0272-CF.jpg\",\"contentUrl\":\"https:\\\/\\\/www.lammetun.no\\\/wp-content\\\/uploads\\\/2023\\\/10\\\/01A0272-CF.jpg\"},{\"@type\":\"BreadcrumbList\",\"@id\":\"https:\\\/\\\/www.lammetun.no\\\/?page_id=15051#breadcrumb\",\"itemListElement\":[{\"@type\":\"ListItem\",\"position\":1,\"name\":\"Hjem\",\"item\":\"https:\\\/\\\/www.lammetun.no\\\/\"},{\"@type\":\"ListItem\",\"position\":2,\"name\":\"Opplevelseshelg p\u00e5 Lammetun\"}]},{\"@type\":\"WebSite\",\"@id\":\"https:\\\/\\\/www.lammetun.no\\\/#website\",\"url\":\"https:\\\/\\\/www.lammetun.no\\\/\",\"name\":\"Lammetun Ferie & Fritid\",\"description\":\"- ei perle i vest\",\"potentialAction\":[{\"@type\":\"SearchAction\",\"target\":{\"@type\":\"EntryPoint\",\"urlTemplate\":\"https:\\\/\\\/www.lammetun.no\\\/?s={search_term_string}\"},\"query-input\":{\"@type\":\"PropertyValueSpecification\",\"valueRequired\":true,\"valueName\":\"search_term_string\"}}],\"inLanguage\":\"nb-NO\"}]}<\/script>\n<!-- \/ Yoast SEO plugin. -->","yoast_head_json":{"title":"Opplevelseshelg p\u00e5 Lammetun - Lammetun Ferie &amp; Fritid","description":"Opplevelseshelg p\u00e5 Lammetun! sett sammen ditt opphold slik at det blir akkurat som du\/de ynskjer, velg mellom aktiviteter som paintball, \u00f8lsmaking, fjellturer, kajakk\/b\u00e5t\/SUP utleie, omvisning Lammetun kystfort, havrafting, tur i Lammetunhola,","robots":{"index":"index","follow":"follow","max-snippet":"max-snippet:-1","max-image-preview":"max-image-preview:large","max-video-preview":"max-video-preview:-1"},"canonical":"https:\/\/www.lammetun.no\/?page_id=15051","og_locale":"nb_NO","og_type":"article","og_title":"Opplevelseshelg p\u00e5 Lammetun - Lammetun Ferie &amp; Fritid","og_description":"Opplevelseshelg p\u00e5 Lammetun! sett sammen ditt opphold slik at det blir akkurat som du\/de ynskjer, velg mellom aktiviteter som paintball, \u00f8lsmaking, fjellturer, kajakk\/b\u00e5t\/SUP utleie, omvisning Lammetun kystfort, havrafting, tur i Lammetunhola,","og_url":"https:\/\/www.lammetun.no\/?page_id=15051","og_site_name":"Lammetun Ferie &amp; Fritid","article_publisher":"https:\/\/www.facebook.com\/lammetun.no\/","article_modified_time":"2023-10-24T08:19:02+00:00","og_image":[{"url":"https:\/\/www.lammetun.no\/wp-content\/uploads\/2023\/10\/01A0272-CF.jpg","type":"","width":"","height":""}],"twitter_card":"summary_large_image","twitter_misc":{"Ansl. lesetid":"3 minutter"},"schema":{"@context":"https:\/\/schema.org","@graph":[{"@type":"WebPage","@id":"https:\/\/www.lammetun.no\/?page_id=15051","url":"https:\/\/www.lammetun.no\/?page_id=15051","name":"Opplevelseshelg p\u00e5 Lammetun - Lammetun Ferie &amp; Fritid","isPartOf":{"@id":"https:\/\/www.lammetun.no\/#website"},"primaryImageOfPage":{"@id":"https:\/\/www.lammetun.no\/?page_id=15051#primaryimage"},"image":{"@id":"https:\/\/www.lammetun.no\/?page_id=15051#primaryimage"},"thumbnailUrl":"https:\/\/www.lammetun.no\/wp-content\/uploads\/2023\/10\/01A0272-CF.jpg","datePublished":"2022-09-20T11:36:17+00:00","dateModified":"2023-10-24T08:19:02+00:00","description":"Opplevelseshelg p\u00e5 Lammetun! sett sammen ditt opphold slik at det blir akkurat som du\/de ynskjer, velg mellom aktiviteter som paintball, \u00f8lsmaking, fjellturer, kajakk\/b\u00e5t\/SUP utleie, omvisning Lammetun kystfort, havrafting, tur i Lammetunhola,","breadcrumb":{"@id":"https:\/\/www.lammetun.no\/?page_id=15051#breadcrumb"},"inLanguage":"nb-NO","potentialAction":[{"@type":"ReadAction","target":["https:\/\/www.lammetun.no\/?page_id=15051"]}]},{"@type":"ImageObject","inLanguage":"nb-NO","@id":"https:\/\/www.lammetun.no\/?page_id=15051#primaryimage","url":"https:\/\/www.lammetun.no\/wp-content\/uploads\/2023\/10\/01A0272-CF.jpg","contentUrl":"https:\/\/www.lammetun.no\/wp-content\/uploads\/2023\/10\/01A0272-CF.jpg"},{"@type":"BreadcrumbList","@id":"https:\/\/www.lammetun.no\/?page_id=15051#breadcrumb","itemListElement":[{"@type":"ListItem","position":1,"name":"Hjem","item":"https:\/\/www.lammetun.no\/"},{"@type":"ListItem","position":2,"name":"Opplevelseshelg p\u00e5 Lammetun"}]},{"@type":"WebSite","@id":"https:\/\/www.lammetun.no\/#website","url":"https:\/\/www.lammetun.no\/","name":"Lammetun Ferie & Fritid","description":"- ei perle i vest","potentialAction":[{"@type":"SearchAction","target":{"@type":"EntryPoint","urlTemplate":"https:\/\/www.lammetun.no\/?s={search_term_string}"},"query-input":{"@type":"PropertyValueSpecification","valueRequired":true,"valueName":"search_term_string"}}],"inLanguage":"nb-NO"}]}},"_links":{"self":[{"href":"https:\/\/www.lammetun.no\/index.php?rest_route=\/wp\/v2\/pages\/15051","targetHints":{"allow":["GET"]}}],"collection":[{"href":"https:\/\/www.lammetun.no\/index.php?rest_route=\/wp\/v2\/pages"}],"about":[{"href":"https:\/\/www.lammetun.no\/index.php?rest_route=\/wp\/v2\/types\/page"}],"author":[{"embeddable":true,"href":"https:\/\/www.lammetun.no\/index.php?rest_route=\/wp\/v2\/users\/1"}],"replies":[{"embeddable":true,"href":"https:\/\/www.lammetun.no\/index.php?rest_route=%2Fwp%2Fv2%2Fcomments&post=15051"}],"version-history":[{"count":4,"href":"https:\/\/www.lammetun.no\/index.php?rest_route=\/wp\/v2\/pages\/15051\/revisions"}],"predecessor-version":[{"id":15387,"href":"https:\/\/www.lammetun.no\/index.php?rest_route=\/wp\/v2\/pages\/15051\/revisions\/15387"}],"wp:attachment":[{"href":"https:\/\/www.lammetun.no\/index.php?rest_route=%2Fwp%2Fv2%2Fmedia&parent=15051"}],"curies":[{"name":"wp","href":"https:\/\/api.w.org\/{rel}","templated":true}]}}