{"id":14475,"date":"2022-07-21T15:52:45","date_gmt":"2022-07-21T13:52:45","guid":{"rendered":"https:\/\/www.lammetun.no\/?page_id=14475"},"modified":"2022-07-21T15:52:47","modified_gmt":"2022-07-21T13:52:47","slug":"leilighet-1","status":"publish","type":"page","link":"https:\/\/www.lammetun.no\/?page_id=14475","title":{"rendered":"Leilighet 1"},"content":{"rendered":"\n<div class=\"wp-block-themeisle-blocks-advanced-columns has-1-columns has-desktop-equal-layout has-tablet-equal-layout has-mobile-equal-layout has-default-gap has-vertical-unset\" id=\"wp-block-themeisle-blocks-advanced-columns-76ad2dcf\"><div class=\"wp-block-themeisle-blocks-advanced-columns-overlay\"><\/div><div class=\"innerblocks-wrap\">\n<div class=\"wp-block-themeisle-blocks-advanced-column\" id=\"wp-block-themeisle-blocks-advanced-column-bca5b722\">\n<h2 id=\"wp-block-themeisle-blocks-advanced-heading-cacb7365\" class=\"wp-block-themeisle-blocks-advanced-heading wp-block-themeisle-blocks-advanced-heading-cacb7365\"><strong><span style=\"text-decoration: underline;\">Beskrivelse:<\/span><\/strong><\/h2>\n\n\n\n<p class=\"wp-block-paragraph\">Leilighet 1 er en &laquo;hybel leilighet&raquo; som passer for 1 person eller et par. <br>Leiligheten har soverom og stue i samme rom og innhelolder en 120- seng, bord og tv. <br>Kj\u00f8kkenkrok med kj\u00f8leskap, kokeplater, vannkoker, panner, bestikk, servise og kopper\/glass. <br>Bad med toalett og dusj. <br>WiFi.<br>Dyr er tillatt mot ekstra gebyr p\u00e5 kr. 300 NOK. <br>leilighet 1 og Hybelen er de eneste leilighetene vi leier ut for 1 natt per booking. De andre m\u00e5 man minimum leie i 2 netter. <\/p>\n\n\n\n<p class=\"wp-block-paragraph\">Pris per natt: 800 NOK + gebyr for utvask 300 NOK. <br>Ved ukesleie f\u00e5r man avslag i d\u00f8gnpris, s\u00e5 om du \u00f8nsker \u00e5 bli en stund &#8211; ta kontakt for eg godt tilbud \ud83d\ude42<\/p>\n\n\n\n<p class=\"wp-block-paragraph\">Leiligheten ligger i samme bygning som &laquo;Stor Taren&raquo; og Taren&raquo;, slik at om man er en st\u00f8re vennegjeng\/gruppe passer disse tre fint \u00e5 leie sammen, det er da plass til 11 personer totalt i samme bygning. <br>Alle leilighetene har egen inngang. P\u00e5 bildet som viser utsiden har leilighet 1 den hvite d\u00f8ren helt til venstre, Taren d\u00f8r nr 2 fra venstre og Stor Taren har d\u00f8r rundt h\u00f8yre hj\u00f8rne opp trappen. <br>parkeringsplass i n\u00e6rheten (bilde under tatt fra utsiden er tatt fra parkeringsplassen). <\/p>\n\n\n\n<h2 id=\"wp-block-themeisle-blocks-advanced-heading-2d91cdbf\" class=\"wp-block-themeisle-blocks-advanced-heading wp-block-themeisle-blocks-advanced-heading-2d91cdbf\"><strong><span style=\"text-decoration: underline;\">\/\/ Description:<\/span><\/strong><\/h2>\n\n\n\n<p class=\"wp-block-paragraph\">Apartment 1 is a dormitory apartment, suitable for 1 person or couples. <br>The apartment has bedroom and living room in the same room, and has a 120-bed and tv.<br>Kitchenette with refrigerator, cooking plates and water boiler, pans, cutlery, plates and cups\/glasses. <br>Bathroom with toilet and shower. <br>WiFi. <br>Pets are allowed against a fee, 300 NOK. <br>Apartment 1 and the dorm room are the only apartments we rent out for 1 night only. But of course you can stay longer. <\/p>\n\n\n\n<p class=\"wp-block-paragraph\">Price per night: 800 NOK + fee for washing after departue 300 NOK.<br>When renting for a week or longer you get discount on the price &#8211; contact us for a good offer \ud83d\ude42<\/p>\n\n\n\n<p class=\"wp-block-paragraph\">The apartment lies next to the apartments called &laquo;Stor Taren&raquo; and &laquo;Taren&raquo;, if you are i group of friends or a family on a trip it suits good to rent these three together, since they are in the same building. <br>The all have separate entrances. Apartment 1 has the white door to the left in the picture under, Taren has the door next to it and Stor Tarens door is around the right corner up the stairs. <br>Parking space nearby (picture from outside is taken from the parking space). <\/p>\n\n\n\n<figure class=\"wp-block-gallery has-nested-images columns-default is-cropped wp-block-gallery-1 is-layout-flex wp-block-gallery-is-layout-flex\">\n<figure class=\"wp-block-image size-large\"><a href=\"https:\/\/www.lammetun.no\/wp-content\/uploads\/2022\/07\/20210723_110823-scaled.jpg\"><img fetchpriority=\"high\" decoding=\"async\" width=\"2560\" height=\"1920\" data-id=\"14493\" src=\"https:\/\/www.lammetun.no\/wp-content\/uploads\/2022\/07\/20210723_110823-scaled.jpg\" alt=\"\" class=\"wp-image-14493\" srcset=\"https:\/\/www.lammetun.no\/wp-content\/uploads\/2022\/07\/20210723_110823-scaled.jpg 2560w, https:\/\/www.lammetun.no\/wp-content\/uploads\/2022\/07\/20210723_110823-300x225.jpg 300w, https:\/\/www.lammetun.no\/wp-content\/uploads\/2022\/07\/20210723_110823-768x576.jpg 768w, https:\/\/www.lammetun.no\/wp-content\/uploads\/2022\/07\/20210723_110823-1536x1152.jpg 1536w, https:\/\/www.lammetun.no\/wp-content\/uploads\/2022\/07\/20210723_110823-2048x1536.jpg 2048w\" sizes=\"(max-width: 2560px) 100vw, 2560px\" \/><\/a><\/figure>\n\n\n\n<figure class=\"wp-block-image size-large\"><a href=\"https:\/\/www.lammetun.no\/wp-content\/uploads\/2022\/07\/20210723_123746-scaled.jpg\"><img decoding=\"async\" width=\"2560\" height=\"1920\" data-id=\"14487\" src=\"https:\/\/www.lammetun.no\/wp-content\/uploads\/2022\/07\/20210723_123746-scaled.jpg\" alt=\"\" class=\"wp-image-14487\" srcset=\"https:\/\/www.lammetun.no\/wp-content\/uploads\/2022\/07\/20210723_123746-scaled.jpg 2560w, https:\/\/www.lammetun.no\/wp-content\/uploads\/2022\/07\/20210723_123746-300x225.jpg 300w, https:\/\/www.lammetun.no\/wp-content\/uploads\/2022\/07\/20210723_123746-768x576.jpg 768w, https:\/\/www.lammetun.no\/wp-content\/uploads\/2022\/07\/20210723_123746-1536x1152.jpg 1536w, https:\/\/www.lammetun.no\/wp-content\/uploads\/2022\/07\/20210723_123746-2048x1536.jpg 2048w\" sizes=\"(max-width: 2560px) 100vw, 2560px\" \/><\/a><\/figure>\n\n\n\n<figure class=\"wp-block-image size-large\"><a href=\"https:\/\/www.lammetun.no\/wp-content\/uploads\/2022\/07\/20210723_110650-scaled.jpg\"><img decoding=\"async\" width=\"2560\" height=\"1920\" data-id=\"14490\" src=\"https:\/\/www.lammetun.no\/wp-content\/uploads\/2022\/07\/20210723_110650-scaled.jpg\" alt=\"\" class=\"wp-image-14490\" srcset=\"https:\/\/www.lammetun.no\/wp-content\/uploads\/2022\/07\/20210723_110650-scaled.jpg 2560w, https:\/\/www.lammetun.no\/wp-content\/uploads\/2022\/07\/20210723_110650-300x225.jpg 300w, https:\/\/www.lammetun.no\/wp-content\/uploads\/2022\/07\/20210723_110650-768x576.jpg 768w, https:\/\/www.lammetun.no\/wp-content\/uploads\/2022\/07\/20210723_110650-1536x1152.jpg 1536w, https:\/\/www.lammetun.no\/wp-content\/uploads\/2022\/07\/20210723_110650-2048x1536.jpg 2048w\" sizes=\"(max-width: 2560px) 100vw, 2560px\" \/><\/a><\/figure>\n\n\n\n<figure class=\"wp-block-image size-large\"><a href=\"https:\/\/www.lammetun.no\/wp-content\/uploads\/2022\/07\/Leiligheit-1-bilde-2-scaled.jpg\"><img loading=\"lazy\" decoding=\"async\" width=\"768\" height=\"1024\" data-id=\"14499\" src=\"https:\/\/www.lammetun.no\/wp-content\/uploads\/2022\/07\/Leiligheit-1-bilde-2-768x1024.jpg\" alt=\"\" class=\"wp-image-14499\" srcset=\"https:\/\/www.lammetun.no\/wp-content\/uploads\/2022\/07\/Leiligheit-1-bilde-2-768x1024.jpg 768w, https:\/\/www.lammetun.no\/wp-content\/uploads\/2022\/07\/Leiligheit-1-bilde-2-225x300.jpg 225w, https:\/\/www.lammetun.no\/wp-content\/uploads\/2022\/07\/Leiligheit-1-bilde-2-1152x1536.jpg 1152w, https:\/\/www.lammetun.no\/wp-content\/uploads\/2022\/07\/Leiligheit-1-bilde-2-1536x2048.jpg 1536w, https:\/\/www.lammetun.no\/wp-content\/uploads\/2022\/07\/Leiligheit-1-bilde-2-1200x1600.jpg 1200w, https:\/\/www.lammetun.no\/wp-content\/uploads\/2022\/07\/Leiligheit-1-bilde-2-scaled.jpg 1920w\" sizes=\"(max-width: 768px) 100vw, 768px\" \/><\/a><\/figure>\n\n\n\n<figure class=\"wp-block-image size-large\"><a href=\"https:\/\/www.lammetun.no\/wp-content\/uploads\/2022\/07\/Leiligheit-1-bilde-4-scaled.jpg\"><img loading=\"lazy\" decoding=\"async\" width=\"768\" height=\"1024\" data-id=\"14505\" src=\"https:\/\/www.lammetun.no\/wp-content\/uploads\/2022\/07\/Leiligheit-1-bilde-4-768x1024.jpg\" alt=\"\" class=\"wp-image-14505\" srcset=\"https:\/\/www.lammetun.no\/wp-content\/uploads\/2022\/07\/Leiligheit-1-bilde-4-768x1024.jpg 768w, https:\/\/www.lammetun.no\/wp-content\/uploads\/2022\/07\/Leiligheit-1-bilde-4-225x300.jpg 225w, https:\/\/www.lammetun.no\/wp-content\/uploads\/2022\/07\/Leiligheit-1-bilde-4-1152x1536.jpg 1152w, https:\/\/www.lammetun.no\/wp-content\/uploads\/2022\/07\/Leiligheit-1-bilde-4-1536x2048.jpg 1536w, https:\/\/www.lammetun.no\/wp-content\/uploads\/2022\/07\/Leiligheit-1-bilde-4-1200x1600.jpg 1200w, https:\/\/www.lammetun.no\/wp-content\/uploads\/2022\/07\/Leiligheit-1-bilde-4-scaled.jpg 1920w\" sizes=\"(max-width: 768px) 100vw, 768px\" \/><\/a><\/figure>\n\n\n\n<figure class=\"wp-block-image size-large\"><a href=\"https:\/\/www.lammetun.no\/wp-content\/uploads\/2022\/07\/Leiligheit-1-bilde-5-scaled.jpg\"><img loading=\"lazy\" decoding=\"async\" width=\"1920\" height=\"2560\" data-id=\"14508\" src=\"https:\/\/www.lammetun.no\/wp-content\/uploads\/2022\/07\/Leiligheit-1-bilde-5-scaled.jpg\" alt=\"\" class=\"wp-image-14508\" srcset=\"https:\/\/www.lammetun.no\/wp-content\/uploads\/2022\/07\/Leiligheit-1-bilde-5-scaled.jpg 1920w, https:\/\/www.lammetun.no\/wp-content\/uploads\/2022\/07\/Leiligheit-1-bilde-5-225x300.jpg 225w, https:\/\/www.lammetun.no\/wp-content\/uploads\/2022\/07\/Leiligheit-1-bilde-5-1152x1536.jpg 1152w, https:\/\/www.lammetun.no\/wp-content\/uploads\/2022\/07\/Leiligheit-1-bilde-5-1536x2048.jpg 1536w, https:\/\/www.lammetun.no\/wp-content\/uploads\/2022\/07\/Leiligheit-1-bilde-5-1200x1600.jpg 1200w\" sizes=\"(max-width: 1920px) 100vw, 1920px\" \/><\/a><\/figure>\n<\/figure>\n<\/div>\n<\/div><\/div>\n","protected":false},"excerpt":{"rendered":"","protected":false},"author":1,"featured_media":0,"parent":0,"menu_order":0,"comment_status":"closed","ping_status":"closed","template":"","meta":{"_crdt_document":"","footnotes":""},"class_list":["post-14475","page","type-page","status-publish","hentry"],"yoast_head":"<!-- This site is optimized with the Yoast SEO plugin v27.5 - https:\/\/yoast.com\/product\/yoast-seo-wordpress\/ -->\n<title>Leilighet 1 - Lammetun Ferie &amp; Fritid<\/title>\n<meta name=\"description\" content=\"Leilighet p\u00e5 Lammetun for -2 personer. 3 timers kj\u00f8ring fra Bergen. Tillatt med dyr. parkeringsplass i n\u00e6rheten. (ligger i 2. etg.).\" \/>\n<meta name=\"robots\" content=\"index, follow, max-snippet:-1, max-image-preview:large, max-video-preview:-1\" \/>\n<link rel=\"canonical\" href=\"https:\/\/www.lammetun.no\/?page_id=14475\" \/>\n<meta property=\"og:locale\" content=\"nb_NO\" \/>\n<meta property=\"og:type\" content=\"article\" \/>\n<meta property=\"og:title\" content=\"Leilighet 1 - Lammetun Ferie &amp; Fritid\" \/>\n<meta property=\"og:description\" content=\"Leilighet p\u00e5 Lammetun for -2 personer. 3 timers kj\u00f8ring fra Bergen. Tillatt med dyr. parkeringsplass i n\u00e6rheten. (ligger i 2. etg.).\" \/>\n<meta property=\"og:url\" content=\"https:\/\/www.lammetun.no\/?page_id=14475\" \/>\n<meta property=\"og:site_name\" content=\"Lammetun Ferie &amp; Fritid\" \/>\n<meta property=\"article:publisher\" content=\"https:\/\/www.facebook.com\/lammetun.no\/\" \/>\n<meta property=\"article:modified_time\" content=\"2022-07-21T13:52:47+00:00\" \/>\n<meta property=\"og:image\" content=\"https:\/\/www.lammetun.no\/wp-content\/uploads\/2022\/07\/20210723_110823-scaled.jpg\" \/>\n<meta name=\"twitter:card\" content=\"summary_large_image\" \/>\n<meta name=\"twitter:label1\" content=\"Ansl. lesetid\" \/>\n\t<meta name=\"twitter:data1\" content=\"4 minutter\" \/>\n<script type=\"application\/ld+json\" class=\"yoast-schema-graph\">{\"@context\":\"https:\\\/\\\/schema.org\",\"@graph\":[{\"@type\":\"WebPage\",\"@id\":\"https:\\\/\\\/www.lammetun.no\\\/?page_id=14475\",\"url\":\"https:\\\/\\\/www.lammetun.no\\\/?page_id=14475\",\"name\":\"Leilighet 1 - Lammetun Ferie &amp; Fritid\",\"isPartOf\":{\"@id\":\"https:\\\/\\\/www.lammetun.no\\\/#website\"},\"primaryImageOfPage\":{\"@id\":\"https:\\\/\\\/www.lammetun.no\\\/?page_id=14475#primaryimage\"},\"image\":{\"@id\":\"https:\\\/\\\/www.lammetun.no\\\/?page_id=14475#primaryimage\"},\"thumbnailUrl\":\"https:\\\/\\\/www.lammetun.no\\\/wp-content\\\/uploads\\\/2022\\\/07\\\/20210723_110823-scaled.jpg\",\"datePublished\":\"2022-07-21T13:52:45+00:00\",\"dateModified\":\"2022-07-21T13:52:47+00:00\",\"description\":\"Leilighet p\u00e5 Lammetun for -2 personer. 3 timers kj\u00f8ring fra Bergen. Tillatt med dyr. parkeringsplass i n\u00e6rheten. (ligger i 2. etg.).\",\"breadcrumb\":{\"@id\":\"https:\\\/\\\/www.lammetun.no\\\/?page_id=14475#breadcrumb\"},\"inLanguage\":\"nb-NO\",\"potentialAction\":[{\"@type\":\"ReadAction\",\"target\":[\"https:\\\/\\\/www.lammetun.no\\\/?page_id=14475\"]}]},{\"@type\":\"ImageObject\",\"inLanguage\":\"nb-NO\",\"@id\":\"https:\\\/\\\/www.lammetun.no\\\/?page_id=14475#primaryimage\",\"url\":\"https:\\\/\\\/www.lammetun.no\\\/wp-content\\\/uploads\\\/2022\\\/07\\\/20210723_110823-scaled.jpg\",\"contentUrl\":\"https:\\\/\\\/www.lammetun.no\\\/wp-content\\\/uploads\\\/2022\\\/07\\\/20210723_110823-scaled.jpg\",\"width\":2560,\"height\":1920},{\"@type\":\"BreadcrumbList\",\"@id\":\"https:\\\/\\\/www.lammetun.no\\\/?page_id=14475#breadcrumb\",\"itemListElement\":[{\"@type\":\"ListItem\",\"position\":1,\"name\":\"Hjem\",\"item\":\"https:\\\/\\\/www.lammetun.no\\\/\"},{\"@type\":\"ListItem\",\"position\":2,\"name\":\"Leilighet 1\"}]},{\"@type\":\"WebSite\",\"@id\":\"https:\\\/\\\/www.lammetun.no\\\/#website\",\"url\":\"https:\\\/\\\/www.lammetun.no\\\/\",\"name\":\"Lammetun Ferie & Fritid\",\"description\":\"- ei perle i vest\",\"potentialAction\":[{\"@type\":\"SearchAction\",\"target\":{\"@type\":\"EntryPoint\",\"urlTemplate\":\"https:\\\/\\\/www.lammetun.no\\\/?s={search_term_string}\"},\"query-input\":{\"@type\":\"PropertyValueSpecification\",\"valueRequired\":true,\"valueName\":\"search_term_string\"}}],\"inLanguage\":\"nb-NO\"}]}<\/script>\n<!-- \/ Yoast SEO plugin. -->","yoast_head_json":{"title":"Leilighet 1 - Lammetun Ferie &amp; Fritid","description":"Leilighet p\u00e5 Lammetun for -2 personer. 3 timers kj\u00f8ring fra Bergen. Tillatt med dyr. parkeringsplass i n\u00e6rheten. (ligger i 2. etg.).","robots":{"index":"index","follow":"follow","max-snippet":"max-snippet:-1","max-image-preview":"max-image-preview:large","max-video-preview":"max-video-preview:-1"},"canonical":"https:\/\/www.lammetun.no\/?page_id=14475","og_locale":"nb_NO","og_type":"article","og_title":"Leilighet 1 - Lammetun Ferie &amp; Fritid","og_description":"Leilighet p\u00e5 Lammetun for -2 personer. 3 timers kj\u00f8ring fra Bergen. Tillatt med dyr. parkeringsplass i n\u00e6rheten. (ligger i 2. etg.).","og_url":"https:\/\/www.lammetun.no\/?page_id=14475","og_site_name":"Lammetun Ferie &amp; Fritid","article_publisher":"https:\/\/www.facebook.com\/lammetun.no\/","article_modified_time":"2022-07-21T13:52:47+00:00","og_image":[{"url":"https:\/\/www.lammetun.no\/wp-content\/uploads\/2022\/07\/20210723_110823-scaled.jpg","type":"","width":"","height":""}],"twitter_card":"summary_large_image","twitter_misc":{"Ansl. lesetid":"4 minutter"},"schema":{"@context":"https:\/\/schema.org","@graph":[{"@type":"WebPage","@id":"https:\/\/www.lammetun.no\/?page_id=14475","url":"https:\/\/www.lammetun.no\/?page_id=14475","name":"Leilighet 1 - Lammetun Ferie &amp; Fritid","isPartOf":{"@id":"https:\/\/www.lammetun.no\/#website"},"primaryImageOfPage":{"@id":"https:\/\/www.lammetun.no\/?page_id=14475#primaryimage"},"image":{"@id":"https:\/\/www.lammetun.no\/?page_id=14475#primaryimage"},"thumbnailUrl":"https:\/\/www.lammetun.no\/wp-content\/uploads\/2022\/07\/20210723_110823-scaled.jpg","datePublished":"2022-07-21T13:52:45+00:00","dateModified":"2022-07-21T13:52:47+00:00","description":"Leilighet p\u00e5 Lammetun for -2 personer. 3 timers kj\u00f8ring fra Bergen. Tillatt med dyr. parkeringsplass i n\u00e6rheten. (ligger i 2. etg.).","breadcrumb":{"@id":"https:\/\/www.lammetun.no\/?page_id=14475#breadcrumb"},"inLanguage":"nb-NO","potentialAction":[{"@type":"ReadAction","target":["https:\/\/www.lammetun.no\/?page_id=14475"]}]},{"@type":"ImageObject","inLanguage":"nb-NO","@id":"https:\/\/www.lammetun.no\/?page_id=14475#primaryimage","url":"https:\/\/www.lammetun.no\/wp-content\/uploads\/2022\/07\/20210723_110823-scaled.jpg","contentUrl":"https:\/\/www.lammetun.no\/wp-content\/uploads\/2022\/07\/20210723_110823-scaled.jpg","width":2560,"height":1920},{"@type":"BreadcrumbList","@id":"https:\/\/www.lammetun.no\/?page_id=14475#breadcrumb","itemListElement":[{"@type":"ListItem","position":1,"name":"Hjem","item":"https:\/\/www.lammetun.no\/"},{"@type":"ListItem","position":2,"name":"Leilighet 1"}]},{"@type":"WebSite","@id":"https:\/\/www.lammetun.no\/#website","url":"https:\/\/www.lammetun.no\/","name":"Lammetun Ferie & Fritid","description":"- ei perle i vest","potentialAction":[{"@type":"SearchAction","target":{"@type":"EntryPoint","urlTemplate":"https:\/\/www.lammetun.no\/?s={search_term_string}"},"query-input":{"@type":"PropertyValueSpecification","valueRequired":true,"valueName":"search_term_string"}}],"inLanguage":"nb-NO"}]}},"_links":{"self":[{"href":"https:\/\/www.lammetun.no\/index.php?rest_route=\/wp\/v2\/pages\/14475","targetHints":{"allow":["GET"]}}],"collection":[{"href":"https:\/\/www.lammetun.no\/index.php?rest_route=\/wp\/v2\/pages"}],"about":[{"href":"https:\/\/www.lammetun.no\/index.php?rest_route=\/wp\/v2\/types\/page"}],"author":[{"embeddable":true,"href":"https:\/\/www.lammetun.no\/index.php?rest_route=\/wp\/v2\/users\/1"}],"replies":[{"embeddable":true,"href":"https:\/\/www.lammetun.no\/index.php?rest_route=%2Fwp%2Fv2%2Fcomments&post=14475"}],"version-history":[{"count":2,"href":"https:\/\/www.lammetun.no\/index.php?rest_route=\/wp\/v2\/pages\/14475\/revisions"}],"predecessor-version":[{"id":15309,"href":"https:\/\/www.lammetun.no\/index.php?rest_route=\/wp\/v2\/pages\/14475\/revisions\/15309"}],"wp:attachment":[{"href":"https:\/\/www.lammetun.no\/index.php?rest_route=%2Fwp%2Fv2%2Fmedia&parent=14475"}],"curies":[{"name":"wp","href":"https:\/\/api.w.org\/{rel}","templated":true}]}}