{"id":14424,"date":"2022-07-21T14:43:32","date_gmt":"2022-07-21T12:43:32","guid":{"rendered":"https:\/\/www.lammetun.no\/?page_id=14424"},"modified":"2023-10-24T09:02:20","modified_gmt":"2023-10-24T07:02:20","slug":"leilighet-2","status":"publish","type":"page","link":"https:\/\/www.lammetun.no\/?page_id=14424","title":{"rendered":"Taren"},"content":{"rendered":"\n<h2 id=\"wp-block-themeisle-blocks-advanced-heading-d949ad07\" class=\"wp-block-themeisle-blocks-advanced-heading wp-block-themeisle-blocks-advanced-heading-d949ad07\">Beskrivelse:<\/h2>\n\n\n\n<p class=\"wp-block-paragraph\">Taren ligg i tilknytning til Stor Taren og leilighet nr 1. <br>Leiligheten er utstyrt for 3 personer, med 2 soverom &#8211; 3 enkle senger, men p\u00e5 det ene rommet kan sengene sl\u00e5s sammen til dobbeltseng om \u00f8nskelig. <br>Passer fint for par eller venner p\u00e5 tur, men ogs\u00e5 fint til vennegjengen\/grupper da man kan leie stor taren, L2 og L1 sammen &#8211; da har man plass til 11 personer i samme bygget, da leilighetene ligger vegg i vegg. <br>Parkeringsplass i n\u00e6rheten. <\/p>\n\n\n\n<p class=\"wp-block-paragraph\">Pris per nett 1250,- NOK + obligatorisk gebyr for utvask kr. 500,- NOK Sengkl\u00e6r\/handkle er inkludert i prisen. <br>NB. minimum 2 netter overnatting. <br>Ved ukesleie f\u00e5r man avslag i d\u00f8gnprisen. Ta kontakt for tilbud, da ukes prisen varierer med sesongen.<br>Dyr er tillatt. Mot ekstra gebyr for dyr, kr. 300,- NOK. <br>B\u00e5t som kan leies i tillegg: 15 fot med 15 HK. kroner 2500 per uke. <\/p>\n\n\n\n<p class=\"wp-block-paragraph\">Leiligheten har kj\u00f8kken med stekeovn\/komfyr, kj\u00f8leskap, oppvaskmaskin, kaffetrakter. servise, panner og bestikk. <br>badet har dusj, toalett og vaskemaskin. <br>Stue med tv (norske kanaler).<br>WiFi. <\/p>\n\n\n\n<p class=\"wp-block-paragraph\">Beliggenhet:<br>Lammetun ligg helt vest i Fjaler kommune (Vestlandet), ca. 3 timers kj\u00f8ring fra Bergen. <\/p>\n\n\n\n<h2 class=\"wp-block-heading\">Book her: booking@lammetun.no eller p\u00e5 tlf. +47 472 83 634<\/h2>\n\n\n\n<h2 id=\"wp-block-themeisle-blocks-advanced-heading-76cb9071\" class=\"wp-block-themeisle-blocks-advanced-heading wp-block-themeisle-blocks-advanced-heading-76cb9071\">\/\/ Description: <\/h2>\n\n\n\n<p class=\"wp-block-paragraph\">Apartment nr. 2 is located in the same building as &laquo;Stor Taren&raquo; and &laquo;L1&raquo; in the middle. <br>All the apartments has its own entrance. <br>Apartment nr. 2 is equipped for 3 persons, with two bedrooms &#8211; 3 single beds but on of the rooms you can put two single beds together to one double if wanted. <br>Suitable for friends and couples, or for bigger groups &#8211; then you can book Stor taren, L2 and L1 together and have room for total of 11 persons in the same builidng. since the apartments lies next to each other in the same building. every apartment has separate entrances. <br>Parking space is nearby.<\/p>\n\n\n\n<p class=\"wp-block-paragraph\">Price per night: 1250,- NOK. + mandatory fee for washing after departure 500 NOK. <br>Minimum stay: 2 nights. <br>When renting for a week or more you get discount in the price. Please contact us for weekly rates, they vary with the season.<br>Pets are allowed, costs extra 300 NOK. <br>Boat can be rented in addition to the house: 15 feet, 15 HP. Price: 2500 NOK per week. <\/p>\n\n\n\n<p class=\"wp-block-paragraph\">The apartment has kitchen with refrigerator, cooking oven, coffee maker, dishwasher. pans, plates, forks\/knifes. <br>The bathroom has toilet, shower and washing machine. <br>living room with television. <br>WiFi. <\/p>\n\n\n\n<figure class=\"wp-block-gallery has-nested-images columns-default is-cropped wp-block-gallery-1 is-layout-flex wp-block-gallery-is-layout-flex\">\n<figure class=\"wp-block-image size-thumbnail\"><a href=\"https:\/\/www.lammetun.no\/wp-content\/uploads\/2022\/07\/20210623_101435-scaled.jpg\"><img decoding=\"async\" width=\"150\" height=\"150\" data-id=\"14433\" src=\"https:\/\/www.lammetun.no\/wp-content\/uploads\/2022\/07\/20210623_101435-150x150.jpg\" alt=\"\" class=\"wp-image-14433\"\/><\/a><\/figure>\n\n\n\n<figure class=\"wp-block-image size-thumbnail\"><a href=\"https:\/\/www.lammetun.no\/wp-content\/uploads\/2022\/07\/20210623_101550-scaled.jpg\"><img decoding=\"async\" width=\"150\" height=\"150\" data-id=\"14439\" src=\"https:\/\/www.lammetun.no\/wp-content\/uploads\/2022\/07\/20210623_101550-150x150.jpg\" alt=\"\" class=\"wp-image-14439\"\/><\/a><\/figure>\n\n\n\n<figure class=\"wp-block-image size-large\"><a href=\"https:\/\/www.lammetun.no\/wp-content\/uploads\/2022\/07\/Leiligheit-2-bilde-1-scaled.jpg\"><img fetchpriority=\"high\" decoding=\"async\" width=\"1920\" height=\"2560\" data-id=\"14445\" src=\"https:\/\/www.lammetun.no\/wp-content\/uploads\/2022\/07\/Leiligheit-2-bilde-1-scaled.jpg\" alt=\"\" class=\"wp-image-14445\" srcset=\"https:\/\/www.lammetun.no\/wp-content\/uploads\/2022\/07\/Leiligheit-2-bilde-1-scaled.jpg 1920w, https:\/\/www.lammetun.no\/wp-content\/uploads\/2022\/07\/Leiligheit-2-bilde-1-225x300.jpg 225w, https:\/\/www.lammetun.no\/wp-content\/uploads\/2022\/07\/Leiligheit-2-bilde-1-768x1024.jpg 768w, https:\/\/www.lammetun.no\/wp-content\/uploads\/2022\/07\/Leiligheit-2-bilde-1-1152x1536.jpg 1152w, https:\/\/www.lammetun.no\/wp-content\/uploads\/2022\/07\/Leiligheit-2-bilde-1-1536x2048.jpg 1536w, https:\/\/www.lammetun.no\/wp-content\/uploads\/2022\/07\/Leiligheit-2-bilde-1-1200x1600.jpg 1200w\" sizes=\"(max-width: 1920px) 100vw, 1920px\" \/><\/a><\/figure>\n\n\n\n<figure class=\"wp-block-image size-large\"><a href=\"https:\/\/www.lammetun.no\/wp-content\/uploads\/2022\/07\/Leiligheit-2-bilde-2-scaled.jpg\"><img loading=\"lazy\" decoding=\"async\" width=\"1920\" height=\"2560\" data-id=\"14436\" src=\"https:\/\/www.lammetun.no\/wp-content\/uploads\/2022\/07\/Leiligheit-2-bilde-2-scaled.jpg\" alt=\"\" class=\"wp-image-14436\" srcset=\"https:\/\/www.lammetun.no\/wp-content\/uploads\/2022\/07\/Leiligheit-2-bilde-2-scaled.jpg 1920w, https:\/\/www.lammetun.no\/wp-content\/uploads\/2022\/07\/Leiligheit-2-bilde-2-225x300.jpg 225w, https:\/\/www.lammetun.no\/wp-content\/uploads\/2022\/07\/Leiligheit-2-bilde-2-1152x1536.jpg 1152w, https:\/\/www.lammetun.no\/wp-content\/uploads\/2022\/07\/Leiligheit-2-bilde-2-1536x2048.jpg 1536w, https:\/\/www.lammetun.no\/wp-content\/uploads\/2022\/07\/Leiligheit-2-bilde-2-1200x1600.jpg 1200w\" sizes=\"(max-width: 1920px) 100vw, 1920px\" \/><\/a><\/figure>\n\n\n\n<figure class=\"wp-block-image size-large\"><a href=\"https:\/\/www.lammetun.no\/wp-content\/uploads\/2022\/07\/Leiligheit-2-bilde-3-scaled.jpg\"><img loading=\"lazy\" decoding=\"async\" width=\"1920\" height=\"2560\" data-id=\"14442\" src=\"https:\/\/www.lammetun.no\/wp-content\/uploads\/2022\/07\/Leiligheit-2-bilde-3-scaled.jpg\" alt=\"\" class=\"wp-image-14442\" srcset=\"https:\/\/www.lammetun.no\/wp-content\/uploads\/2022\/07\/Leiligheit-2-bilde-3-scaled.jpg 1920w, https:\/\/www.lammetun.no\/wp-content\/uploads\/2022\/07\/Leiligheit-2-bilde-3-225x300.jpg 225w, https:\/\/www.lammetun.no\/wp-content\/uploads\/2022\/07\/Leiligheit-2-bilde-3-1152x1536.jpg 1152w, https:\/\/www.lammetun.no\/wp-content\/uploads\/2022\/07\/Leiligheit-2-bilde-3-1536x2048.jpg 1536w, https:\/\/www.lammetun.no\/wp-content\/uploads\/2022\/07\/Leiligheit-2-bilde-3-1200x1600.jpg 1200w\" sizes=\"(max-width: 1920px) 100vw, 1920px\" \/><\/a><\/figure>\n\n\n\n<figure class=\"wp-block-image size-thumbnail\"><a href=\"https:\/\/www.lammetun.no\/wp-content\/uploads\/2022\/07\/Leiligheit-2-bilde-5-scaled.jpg\"><img loading=\"lazy\" decoding=\"async\" width=\"150\" height=\"150\" data-id=\"14448\" src=\"https:\/\/www.lammetun.no\/wp-content\/uploads\/2022\/07\/Leiligheit-2-bilde-5-150x150.jpg\" alt=\"\" class=\"wp-image-14448\"\/><\/a><\/figure>\n<\/figure>\n","protected":false},"excerpt":{"rendered":"<p>Taren ligg i tilknytning til Stor Taren og leilighet nr 1. Leiligheten er utstyrt for 3 personer, med 2 soverom &#8211; 3 enkle senger, men p\u00e5 det ene rommet kan sengene sl\u00e5s sammen til dobbeltseng om \u00f8nskelig. Passer fint for par eller venner p\u00e5 tur, men ogs\u00e5 fint til vennegjengen\/grupper da man kan leie stor &hellip; <\/p>\n","protected":false},"author":1,"featured_media":0,"parent":0,"menu_order":0,"comment_status":"closed","ping_status":"closed","template":"","meta":{"_crdt_document":"","footnotes":""},"class_list":["post-14424","page","type-page","status-publish","hentry"],"yoast_head":"<!-- This site is optimized with the Yoast SEO plugin v27.5 - https:\/\/yoast.com\/product\/yoast-seo-wordpress\/ -->\n<title>Taren - Lammetun Ferie &amp; Fritid<\/title>\n<meta name=\"description\" content=\"Ferie leilighet til leie (korttidsleie) p\u00e5 Lammetun. 3 timers kj\u00f8ring fra Bergen. Leiligheten passer for 2-3 personer. Dyr tillat.\" \/>\n<meta name=\"robots\" content=\"index, follow, max-snippet:-1, max-image-preview:large, max-video-preview:-1\" \/>\n<link rel=\"canonical\" href=\"https:\/\/www.lammetun.no\/?page_id=14424\" \/>\n<meta property=\"og:locale\" content=\"nb_NO\" \/>\n<meta property=\"og:type\" content=\"article\" \/>\n<meta property=\"og:title\" content=\"Taren - Lammetun Ferie &amp; Fritid\" \/>\n<meta property=\"og:description\" content=\"Ferie leilighet til leie (korttidsleie) p\u00e5 Lammetun. 3 timers kj\u00f8ring fra Bergen. Leiligheten passer for 2-3 personer. Dyr tillat.\" \/>\n<meta property=\"og:url\" content=\"https:\/\/www.lammetun.no\/?page_id=14424\" \/>\n<meta property=\"og:site_name\" content=\"Lammetun Ferie &amp; Fritid\" \/>\n<meta property=\"article:publisher\" content=\"https:\/\/www.facebook.com\/lammetun.no\/\" \/>\n<meta property=\"article:modified_time\" content=\"2023-10-24T07:02:20+00:00\" \/>\n<meta property=\"og:image\" content=\"https:\/\/www.lammetun.no\/wp-content\/uploads\/2022\/07\/20210623_101435-150x150.jpg\" \/>\n<meta name=\"twitter:card\" content=\"summary_large_image\" \/>\n<meta name=\"twitter:label1\" content=\"Ansl. lesetid\" \/>\n\t<meta name=\"twitter:data1\" content=\"4 minutter\" \/>\n<script type=\"application\/ld+json\" class=\"yoast-schema-graph\">{\"@context\":\"https:\\\/\\\/schema.org\",\"@graph\":[{\"@type\":\"WebPage\",\"@id\":\"https:\\\/\\\/www.lammetun.no\\\/?page_id=14424\",\"url\":\"https:\\\/\\\/www.lammetun.no\\\/?page_id=14424\",\"name\":\"Taren - Lammetun Ferie &amp; Fritid\",\"isPartOf\":{\"@id\":\"https:\\\/\\\/www.lammetun.no\\\/#website\"},\"primaryImageOfPage\":{\"@id\":\"https:\\\/\\\/www.lammetun.no\\\/?page_id=14424#primaryimage\"},\"image\":{\"@id\":\"https:\\\/\\\/www.lammetun.no\\\/?page_id=14424#primaryimage\"},\"thumbnailUrl\":\"https:\\\/\\\/www.lammetun.no\\\/wp-content\\\/uploads\\\/2022\\\/07\\\/20210623_101435-150x150.jpg\",\"datePublished\":\"2022-07-21T12:43:32+00:00\",\"dateModified\":\"2023-10-24T07:02:20+00:00\",\"description\":\"Ferie leilighet til leie (korttidsleie) p\u00e5 Lammetun. 3 timers kj\u00f8ring fra Bergen. Leiligheten passer for 2-3 personer. Dyr tillat.\",\"breadcrumb\":{\"@id\":\"https:\\\/\\\/www.lammetun.no\\\/?page_id=14424#breadcrumb\"},\"inLanguage\":\"nb-NO\",\"potentialAction\":[{\"@type\":\"ReadAction\",\"target\":[\"https:\\\/\\\/www.lammetun.no\\\/?page_id=14424\"]}]},{\"@type\":\"ImageObject\",\"inLanguage\":\"nb-NO\",\"@id\":\"https:\\\/\\\/www.lammetun.no\\\/?page_id=14424#primaryimage\",\"url\":\"https:\\\/\\\/www.lammetun.no\\\/wp-content\\\/uploads\\\/2022\\\/07\\\/20210623_101435-scaled.jpg\",\"contentUrl\":\"https:\\\/\\\/www.lammetun.no\\\/wp-content\\\/uploads\\\/2022\\\/07\\\/20210623_101435-scaled.jpg\",\"width\":1920,\"height\":2560},{\"@type\":\"BreadcrumbList\",\"@id\":\"https:\\\/\\\/www.lammetun.no\\\/?page_id=14424#breadcrumb\",\"itemListElement\":[{\"@type\":\"ListItem\",\"position\":1,\"name\":\"Hjem\",\"item\":\"https:\\\/\\\/www.lammetun.no\\\/\"},{\"@type\":\"ListItem\",\"position\":2,\"name\":\"Taren\"}]},{\"@type\":\"WebSite\",\"@id\":\"https:\\\/\\\/www.lammetun.no\\\/#website\",\"url\":\"https:\\\/\\\/www.lammetun.no\\\/\",\"name\":\"Lammetun Ferie & Fritid\",\"description\":\"- ei perle i vest\",\"potentialAction\":[{\"@type\":\"SearchAction\",\"target\":{\"@type\":\"EntryPoint\",\"urlTemplate\":\"https:\\\/\\\/www.lammetun.no\\\/?s={search_term_string}\"},\"query-input\":{\"@type\":\"PropertyValueSpecification\",\"valueRequired\":true,\"valueName\":\"search_term_string\"}}],\"inLanguage\":\"nb-NO\"}]}<\/script>\n<!-- \/ Yoast SEO plugin. -->","yoast_head_json":{"title":"Taren - Lammetun Ferie &amp; Fritid","description":"Ferie leilighet til leie (korttidsleie) p\u00e5 Lammetun. 3 timers kj\u00f8ring fra Bergen. Leiligheten passer for 2-3 personer. Dyr tillat.","robots":{"index":"index","follow":"follow","max-snippet":"max-snippet:-1","max-image-preview":"max-image-preview:large","max-video-preview":"max-video-preview:-1"},"canonical":"https:\/\/www.lammetun.no\/?page_id=14424","og_locale":"nb_NO","og_type":"article","og_title":"Taren - Lammetun Ferie &amp; Fritid","og_description":"Ferie leilighet til leie (korttidsleie) p\u00e5 Lammetun. 3 timers kj\u00f8ring fra Bergen. Leiligheten passer for 2-3 personer. Dyr tillat.","og_url":"https:\/\/www.lammetun.no\/?page_id=14424","og_site_name":"Lammetun Ferie &amp; Fritid","article_publisher":"https:\/\/www.facebook.com\/lammetun.no\/","article_modified_time":"2023-10-24T07:02:20+00:00","og_image":[{"url":"https:\/\/www.lammetun.no\/wp-content\/uploads\/2022\/07\/20210623_101435-150x150.jpg","type":"","width":"","height":""}],"twitter_card":"summary_large_image","twitter_misc":{"Ansl. lesetid":"4 minutter"},"schema":{"@context":"https:\/\/schema.org","@graph":[{"@type":"WebPage","@id":"https:\/\/www.lammetun.no\/?page_id=14424","url":"https:\/\/www.lammetun.no\/?page_id=14424","name":"Taren - Lammetun Ferie &amp; Fritid","isPartOf":{"@id":"https:\/\/www.lammetun.no\/#website"},"primaryImageOfPage":{"@id":"https:\/\/www.lammetun.no\/?page_id=14424#primaryimage"},"image":{"@id":"https:\/\/www.lammetun.no\/?page_id=14424#primaryimage"},"thumbnailUrl":"https:\/\/www.lammetun.no\/wp-content\/uploads\/2022\/07\/20210623_101435-150x150.jpg","datePublished":"2022-07-21T12:43:32+00:00","dateModified":"2023-10-24T07:02:20+00:00","description":"Ferie leilighet til leie (korttidsleie) p\u00e5 Lammetun. 3 timers kj\u00f8ring fra Bergen. Leiligheten passer for 2-3 personer. Dyr tillat.","breadcrumb":{"@id":"https:\/\/www.lammetun.no\/?page_id=14424#breadcrumb"},"inLanguage":"nb-NO","potentialAction":[{"@type":"ReadAction","target":["https:\/\/www.lammetun.no\/?page_id=14424"]}]},{"@type":"ImageObject","inLanguage":"nb-NO","@id":"https:\/\/www.lammetun.no\/?page_id=14424#primaryimage","url":"https:\/\/www.lammetun.no\/wp-content\/uploads\/2022\/07\/20210623_101435-scaled.jpg","contentUrl":"https:\/\/www.lammetun.no\/wp-content\/uploads\/2022\/07\/20210623_101435-scaled.jpg","width":1920,"height":2560},{"@type":"BreadcrumbList","@id":"https:\/\/www.lammetun.no\/?page_id=14424#breadcrumb","itemListElement":[{"@type":"ListItem","position":1,"name":"Hjem","item":"https:\/\/www.lammetun.no\/"},{"@type":"ListItem","position":2,"name":"Taren"}]},{"@type":"WebSite","@id":"https:\/\/www.lammetun.no\/#website","url":"https:\/\/www.lammetun.no\/","name":"Lammetun Ferie & Fritid","description":"- ei perle i vest","potentialAction":[{"@type":"SearchAction","target":{"@type":"EntryPoint","urlTemplate":"https:\/\/www.lammetun.no\/?s={search_term_string}"},"query-input":{"@type":"PropertyValueSpecification","valueRequired":true,"valueName":"search_term_string"}}],"inLanguage":"nb-NO"}]}},"_links":{"self":[{"href":"https:\/\/www.lammetun.no\/index.php?rest_route=\/wp\/v2\/pages\/14424","targetHints":{"allow":["GET"]}}],"collection":[{"href":"https:\/\/www.lammetun.no\/index.php?rest_route=\/wp\/v2\/pages"}],"about":[{"href":"https:\/\/www.lammetun.no\/index.php?rest_route=\/wp\/v2\/types\/page"}],"author":[{"embeddable":true,"href":"https:\/\/www.lammetun.no\/index.php?rest_route=\/wp\/v2\/users\/1"}],"replies":[{"embeddable":true,"href":"https:\/\/www.lammetun.no\/index.php?rest_route=%2Fwp%2Fv2%2Fcomments&post=14424"}],"version-history":[{"count":6,"href":"https:\/\/www.lammetun.no\/index.php?rest_route=\/wp\/v2\/pages\/14424\/revisions"}],"predecessor-version":[{"id":15306,"href":"https:\/\/www.lammetun.no\/index.php?rest_route=\/wp\/v2\/pages\/14424\/revisions\/15306"}],"wp:attachment":[{"href":"https:\/\/www.lammetun.no\/index.php?rest_route=%2Fwp%2Fv2%2Fmedia&parent=14424"}],"curies":[{"name":"wp","href":"https:\/\/api.w.org\/{rel}","templated":true}]}}