{"id":13271,"date":"2020-06-05T15:05:23","date_gmt":"2020-06-05T13:05:23","guid":{"rendered":"https:\/\/www.lammetun.no\/?page_id=13271"},"modified":"2020-09-11T13:54:29","modified_gmt":"2020-09-11T11:54:29","slug":"hiking-trips-in-the-area","status":"publish","type":"page","link":"https:\/\/www.lammetun.no\/?page_id=13271","title":{"rendered":"Hiking trips in the area"},"content":{"rendered":"\n<p class=\"wp-block-paragraph\"><strong>Lammetunfjellet<\/strong><\/p>\n\n\n\n<figure class=\"wp-block-gallery columns-4 is-cropped wp-block-gallery-1 is-layout-flex wp-block-gallery-is-layout-flex\"><ul class=\"blocks-gallery-grid\"><li class=\"blocks-gallery-item\"><figure><a href=\"https:\/\/www.lammetun.no\/wp-content\/uploads\/2019\/03\/Lammetunfjellet-sett-fr\u00e5-Nordsj\u00f8l\u00f8ypa.jpg\"><img decoding=\"async\" width=\"150\" height=\"150\" src=\"https:\/\/www.lammetun.no\/wp-content\/uploads\/2019\/03\/Lammetunfjellet-sett-fr\u00e5-Nordsj\u00f8l\u00f8ypa-150x150.jpg\" alt=\"\" data-id=\"11344\" data-full-url=\"https:\/\/www.lammetun.no\/wp-content\/uploads\/2019\/03\/Lammetunfjellet-sett-fr\u00e5-Nordsj\u00f8l\u00f8ypa.jpg\" data-link=\"https:\/\/www.lammetun.no\/?attachment_id=11344\" class=\"wp-image-11344\" srcset=\"https:\/\/www.lammetun.no\/wp-content\/uploads\/2019\/03\/Lammetunfjellet-sett-fr\u00e5-Nordsj\u00f8l\u00f8ypa-150x150.jpg 150w, https:\/\/www.lammetun.no\/wp-content\/uploads\/2019\/03\/Lammetunfjellet-sett-fr\u00e5-Nordsj\u00f8l\u00f8ypa-144x144.jpg 144w, https:\/\/www.lammetun.no\/wp-content\/uploads\/2019\/03\/Lammetunfjellet-sett-fr\u00e5-Nordsj\u00f8l\u00f8ypa-250x250.jpg 250w, https:\/\/www.lammetun.no\/wp-content\/uploads\/2019\/03\/Lammetunfjellet-sett-fr\u00e5-Nordsj\u00f8l\u00f8ypa-174x174.jpg 174w, https:\/\/www.lammetun.no\/wp-content\/uploads\/2019\/03\/Lammetunfjellet-sett-fr\u00e5-Nordsj\u00f8l\u00f8ypa-300x300.jpg 300w, https:\/\/www.lammetun.no\/wp-content\/uploads\/2019\/03\/Lammetunfjellet-sett-fr\u00e5-Nordsj\u00f8l\u00f8ypa-100x100.jpg 100w\" sizes=\"(max-width: 150px) 100vw, 150px\" \/><\/a><\/figure><\/li><li class=\"blocks-gallery-item\"><figure><a href=\"https:\/\/www.lammetun.no\/wp-content\/uploads\/2019\/03\/20181028_165745.jpg\"><img decoding=\"async\" src=\"https:\/\/www.lammetun.no\/wp-content\/uploads\/2019\/03\/20181028_165745-150x150.jpg\" alt=\"\" data-id=\"11350\" data-full-url=\"https:\/\/www.lammetun.no\/wp-content\/uploads\/2019\/03\/20181028_165745.jpg\" data-link=\"https:\/\/www.lammetun.no\/?attachment_id=11350\" class=\"wp-image-11350\"\/><\/a><\/figure><\/li><li class=\"blocks-gallery-item\"><figure><a href=\"https:\/\/www.lammetun.no\/wp-content\/uploads\/2018\/10\/2749103_h00a4ec41705f1e61c717_v1435331494_213x.jpeg\"><img decoding=\"async\" src=\"https:\/\/www.lammetun.no\/wp-content\/uploads\/2018\/10\/2749103_h00a4ec41705f1e61c717_v1435331494_213x-150x149.jpeg\" alt=\"\" data-id=\"1858\" data-full-url=\"https:\/\/www.lammetun.no\/wp-content\/uploads\/2018\/10\/2749103_h00a4ec41705f1e61c717_v1435331494_213x.jpeg\" data-link=\"https:\/\/www.lammetun.no\/?attachment_id=1858\" class=\"wp-image-1858\"\/><\/a><\/figure><\/li><li class=\"blocks-gallery-item\"><figure><a href=\"https:\/\/www.lammetun.no\/wp-content\/uploads\/2019\/03\/utsikt-lfjell-5.jpg\"><img decoding=\"async\" width=\"150\" height=\"150\" src=\"https:\/\/www.lammetun.no\/wp-content\/uploads\/2019\/03\/utsikt-lfjell-5-150x150.jpg\" alt=\"\" data-id=\"11347\" data-full-url=\"https:\/\/www.lammetun.no\/wp-content\/uploads\/2019\/03\/utsikt-lfjell-5.jpg\" data-link=\"https:\/\/www.lammetun.no\/?attachment_id=11347\" class=\"wp-image-11347\" srcset=\"https:\/\/www.lammetun.no\/wp-content\/uploads\/2019\/03\/utsikt-lfjell-5-150x150.jpg 150w, https:\/\/www.lammetun.no\/wp-content\/uploads\/2019\/03\/utsikt-lfjell-5-144x144.jpg 144w, https:\/\/www.lammetun.no\/wp-content\/uploads\/2019\/03\/utsikt-lfjell-5-250x250.jpg 250w, https:\/\/www.lammetun.no\/wp-content\/uploads\/2019\/03\/utsikt-lfjell-5-174x174.jpg 174w, https:\/\/www.lammetun.no\/wp-content\/uploads\/2019\/03\/utsikt-lfjell-5-300x300.jpg 300w, https:\/\/www.lammetun.no\/wp-content\/uploads\/2019\/03\/utsikt-lfjell-5-100x100.jpg 100w\" sizes=\"(max-width: 150px) 100vw, 150px\" \/><\/a><\/figure><\/li><\/ul><\/figure>\n\n\n\n<div class=\"wp-block-themeisle-blocks-advanced-columns has-1-columns has-desktop-equal-layout has-tablet-equal-layout has-mobile-equal-layout has-default-gap has-vertical-unset\" id=\"wp-block-themeisle-blocks-advanced-columns-9c05b635\"><div class=\"wp-block-themeisle-blocks-advanced-columns-overlay\"><\/div><div class=\"innerblocks-wrap\">\n<div class=\"wp-block-themeisle-blocks-advanced-column\" id=\"wp-block-themeisle-blocks-advanced-column-7a6cd94c\">\n<p class=\"wp-block-paragraph\">Lammetunfjellet (120 m.o.s.) is right beside us, it takes about 15 minutes to walk to where the ascent begins. <br>Lammetunfjellet is characteristic with its steep mountain sides and flat on top. <br>It can be a bit challenging finding the way, but we will point it out for you. <br>The tour is best suited for youth and adults, as the terrain is a bit challenging and sometimes steep to walk. <\/p>\n<\/div>\n<\/div><\/div>\n\n\n\n<p class=\"wp-block-paragraph\">Lammetun cave<\/p>\n\n\n\n<figure class=\"wp-block-gallery columns-4 is-cropped wp-block-gallery-2 is-layout-flex wp-block-gallery-is-layout-flex\"><ul class=\"blocks-gallery-grid\"><li class=\"blocks-gallery-item\"><figure><a href=\"https:\/\/www.lammetun.no\/wp-content\/uploads\/2018\/10\/20180909_115447.jpg\"><img decoding=\"async\" src=\"https:\/\/www.lammetun.no\/wp-content\/uploads\/2018\/10\/20180909_115447-150x150.jpg\" alt=\"\" data-id=\"1906\" data-full-url=\"https:\/\/www.lammetun.no\/wp-content\/uploads\/2018\/10\/20180909_115447.jpg\" data-link=\"https:\/\/www.lammetun.no\/?attachment_id=1906\" class=\"wp-image-1906\"\/><\/a><\/figure><\/li><li class=\"blocks-gallery-item\"><figure><a href=\"https:\/\/www.lammetun.no\/wp-content\/uploads\/2018\/10\/20180909_215859.jpg\"><img decoding=\"async\" src=\"https:\/\/www.lammetun.no\/wp-content\/uploads\/2018\/10\/20180909_215859-150x150.jpg\" alt=\"\" data-id=\"1905\" data-full-url=\"https:\/\/www.lammetun.no\/wp-content\/uploads\/2018\/10\/20180909_215859.jpg\" data-link=\"https:\/\/www.lammetun.no\/?attachment_id=1905\" class=\"wp-image-1905\"\/><\/a><\/figure><\/li><li class=\"blocks-gallery-item\"><figure><a href=\"https:\/\/www.lammetun.no\/wp-content\/uploads\/2018\/10\/20180909_120113.jpg\"><img decoding=\"async\" src=\"https:\/\/www.lammetun.no\/wp-content\/uploads\/2018\/10\/20180909_120113-150x150.jpg\" alt=\"\" data-id=\"1902\" data-full-url=\"https:\/\/www.lammetun.no\/wp-content\/uploads\/2018\/10\/20180909_120113.jpg\" data-link=\"https:\/\/www.lammetun.no\/?attachment_id=1902\" class=\"wp-image-1902\"\/><\/a><\/figure><\/li><li class=\"blocks-gallery-item\"><figure><a href=\"https:\/\/www.lammetun.no\/wp-content\/uploads\/2018\/10\/20180909_115947.jpg\"><img decoding=\"async\" src=\"https:\/\/www.lammetun.no\/wp-content\/uploads\/2018\/10\/20180909_115947-150x150.jpg\" alt=\"\" data-id=\"1900\" data-full-url=\"https:\/\/www.lammetun.no\/wp-content\/uploads\/2018\/10\/20180909_115947.jpg\" data-link=\"https:\/\/www.lammetun.no\/?attachment_id=1900\" class=\"wp-image-1900\"\/><\/a><\/figure><\/li><\/ul><\/figure>\n\n\n\n<pre class=\"wp-block-preformatted\">Lammetunhola lies halfway up the Lammetun Mountain, one can go down into the cave. In the cave there is light moss, which is a rare moss, you can read more about it in the article here: https:\/\/www.nrk.no\/sognogfjordane\/lysfenomen-pa-lammetun-1.798528 (only in norwegian). Down in the cave there is a lake, from ancient times it was said that this lake was sacred. It has therefore been used among others during christening.\nThe road up to the cave is in rough terrain, but it's nice to walk and not too challenging, so here everyone can go. I myself have had with my children (at 5 and 8 years up there) and it went very well and is a very exciting trip!\nFor those who prefer it, we are happy to guide dives on the trip, they can and are given maps showing how they should go.<\/pre>\n\n\n\n<p class=\"wp-block-paragraph\">Alden<\/p>\n\n\n\n<figure class=\"wp-block-gallery columns-3 is-cropped wp-block-gallery-3 is-layout-flex wp-block-gallery-is-layout-flex\"><ul class=\"blocks-gallery-grid\"><li class=\"blocks-gallery-item\"><figure><a href=\"https:\/\/www.lammetun.no\/wp-content\/uploads\/2019\/08\/20160720_135441.jpg\"><img decoding=\"async\" width=\"150\" height=\"150\" src=\"https:\/\/www.lammetun.no\/wp-content\/uploads\/2019\/08\/20160720_135441-150x150.jpg\" alt=\"\" data-id=\"12677\" data-full-url=\"https:\/\/www.lammetun.no\/wp-content\/uploads\/2019\/08\/20160720_135441.jpg\" data-link=\"https:\/\/www.lammetun.no\/?attachment_id=12677\" class=\"wp-image-12677\" srcset=\"https:\/\/www.lammetun.no\/wp-content\/uploads\/2019\/08\/20160720_135441-150x150.jpg 150w, https:\/\/www.lammetun.no\/wp-content\/uploads\/2019\/08\/20160720_135441-250x250.jpg 250w, https:\/\/www.lammetun.no\/wp-content\/uploads\/2019\/08\/20160720_135441-174x174.jpg 174w\" sizes=\"(max-width: 150px) 100vw, 150px\" \/><\/a><\/figure><\/li><li class=\"blocks-gallery-item\"><figure><a href=\"https:\/\/www.lammetun.no\/wp-content\/uploads\/2019\/08\/13754605_1210021679028793_6880047143739990862_n.jpg\"><img loading=\"lazy\" decoding=\"async\" width=\"150\" height=\"150\" src=\"https:\/\/www.lammetun.no\/wp-content\/uploads\/2019\/08\/13754605_1210021679028793_6880047143739990862_n-150x150.jpg\" alt=\"\" data-id=\"12680\" data-full-url=\"https:\/\/www.lammetun.no\/wp-content\/uploads\/2019\/08\/13754605_1210021679028793_6880047143739990862_n.jpg\" data-link=\"https:\/\/www.lammetun.no\/?attachment_id=12680\" class=\"wp-image-12680\" srcset=\"https:\/\/www.lammetun.no\/wp-content\/uploads\/2019\/08\/13754605_1210021679028793_6880047143739990862_n-150x150.jpg 150w, https:\/\/www.lammetun.no\/wp-content\/uploads\/2019\/08\/13754605_1210021679028793_6880047143739990862_n-250x250.jpg 250w, https:\/\/www.lammetun.no\/wp-content\/uploads\/2019\/08\/13754605_1210021679028793_6880047143739990862_n-174x174.jpg 174w\" sizes=\"(max-width: 150px) 100vw, 150px\" \/><\/a><\/figure><\/li><li class=\"blocks-gallery-item\"><figure><a href=\"https:\/\/www.lammetun.no\/wp-content\/uploads\/2019\/08\/20160720_121409.jpg\"><img loading=\"lazy\" decoding=\"async\" width=\"150\" height=\"150\" src=\"https:\/\/www.lammetun.no\/wp-content\/uploads\/2019\/08\/20160720_121409-150x150.jpg\" alt=\"\" data-id=\"12707\" data-full-url=\"https:\/\/www.lammetun.no\/wp-content\/uploads\/2019\/08\/20160720_121409.jpg\" data-link=\"https:\/\/www.lammetun.no\/?attachment_id=12707\" class=\"wp-image-12707\" srcset=\"https:\/\/www.lammetun.no\/wp-content\/uploads\/2019\/08\/20160720_121409-150x150.jpg 150w, https:\/\/www.lammetun.no\/wp-content\/uploads\/2019\/08\/20160720_121409-250x250.jpg 250w, https:\/\/www.lammetun.no\/wp-content\/uploads\/2019\/08\/20160720_121409-174x174.jpg 174w\" sizes=\"(max-width: 150px) 100vw, 150px\" \/><\/a><\/figure><\/li><\/ul><\/figure>\n\n\n\n<pre class=\"wp-block-preformatted\">A little outside Lammetun (about 15 minutes by boat) lies the mountain Alden, the mountain path almost vertical up from the sea.\nThe age is 481 meters high and visible more than 100 km at sea and is one of the most significant sailing marks in the west country. From the top you have fantastic views in every direction!\nWe can help with boat cruising and if you want a tour map you can get it to us, you can find and map on ut.no here: https:\/\/www.ut.no\/tur\/2.6066\/\nThe tour starts fairly steeply before it flattens out, at the top there is a large flat plateau where you have a view in all directions.<\/pre>\n\n\n\n<p class=\"wp-block-paragraph\">Einingsfjellet<\/p>\n\n\n\n<figure class=\"wp-block-gallery columns-3 is-cropped wp-block-gallery-4 is-layout-flex wp-block-gallery-is-layout-flex\"><ul class=\"blocks-gallery-grid\"><li class=\"blocks-gallery-item\"><figure><a href=\"https:\/\/www.lammetun.no\/wp-content\/uploads\/2019\/08\/Utsikt-Efjell.jpg\"><img loading=\"lazy\" decoding=\"async\" width=\"150\" height=\"150\" src=\"https:\/\/www.lammetun.no\/wp-content\/uploads\/2019\/08\/Utsikt-Efjell-150x150.jpg\" alt=\"\" data-id=\"12692\" data-full-url=\"https:\/\/www.lammetun.no\/wp-content\/uploads\/2019\/08\/Utsikt-Efjell.jpg\" data-link=\"https:\/\/www.lammetun.no\/?attachment_id=12692\" class=\"wp-image-12692\" srcset=\"https:\/\/www.lammetun.no\/wp-content\/uploads\/2019\/08\/Utsikt-Efjell-150x150.jpg 150w, https:\/\/www.lammetun.no\/wp-content\/uploads\/2019\/08\/Utsikt-Efjell-250x250.jpg 250w, https:\/\/www.lammetun.no\/wp-content\/uploads\/2019\/08\/Utsikt-Efjell-174x174.jpg 174w\" sizes=\"(max-width: 150px) 100vw, 150px\" \/><\/a><\/figure><\/li><li class=\"blocks-gallery-item\"><figure><a href=\"https:\/\/www.lammetun.no\/wp-content\/uploads\/2019\/08\/2732605_h868c43886eb544d23321_v1429301029_647x.jpeg\"><img decoding=\"async\" src=\"https:\/\/www.lammetun.no\/wp-content\/uploads\/2019\/08\/2732605_h868c43886eb544d23321_v1429301029_647x-150x150.jpeg\" alt=\"\" data-id=\"12784\" data-full-url=\"https:\/\/www.lammetun.no\/wp-content\/uploads\/2019\/08\/2732605_h868c43886eb544d23321_v1429301029_647x.jpeg\" data-link=\"https:\/\/www.lammetun.no\/?attachment_id=12784\" class=\"wp-image-12784\"\/><\/a><\/figure><\/li><li class=\"blocks-gallery-item\"><figure><a href=\"https:\/\/www.lammetun.no\/wp-content\/uploads\/2019\/08\/20181028_104502.jpg\"><img loading=\"lazy\" decoding=\"async\" width=\"150\" height=\"150\" src=\"https:\/\/www.lammetun.no\/wp-content\/uploads\/2019\/08\/20181028_104502-150x150.jpg\" alt=\"\" data-id=\"12685\" data-full-url=\"https:\/\/www.lammetun.no\/wp-content\/uploads\/2019\/08\/20181028_104502.jpg\" data-link=\"https:\/\/www.lammetun.no\/?attachment_id=12685\" class=\"wp-image-12685\" srcset=\"https:\/\/www.lammetun.no\/wp-content\/uploads\/2019\/08\/20181028_104502-150x150.jpg 150w, https:\/\/www.lammetun.no\/wp-content\/uploads\/2019\/08\/20181028_104502-250x250.jpg 250w, https:\/\/www.lammetun.no\/wp-content\/uploads\/2019\/08\/20181028_104502-174x174.jpg 174w\" sizes=\"(max-width: 150px) 100vw, 150px\" \/><\/a><\/figure><\/li><\/ul><\/figure>\n\n\n\n<pre class=\"wp-block-preformatted\">Einingsfjellet lies approx. 5 minute drive from Lammetun.\nThis is a relatively short trip - but on fine days you get a fantastic view far out to sea even if it is only 258 meters high.\nThe tour is suitable for everyone, small or large :)\nThey can get a tour map if they wish, you can find and the trip here: https:\/\/www.ut.no\/tur\/2.6286\/<\/pre>\n","protected":false},"excerpt":{"rendered":"<p>Lammetunfjellet Lammetun cave Lammetunhola lies halfway up the Lammetun Mountain, one can go down into the cave. In the cave there is light moss, which is a rare moss, you can read more about it in the article here: https:\/\/www.nrk.no\/sognogfjordane\/lysfenomen-pa-lammetun-1.798528 (only in norwegian). Down in the cave there is a lake, from ancient times it &hellip; <\/p>\n","protected":false},"author":1,"featured_media":0,"parent":0,"menu_order":0,"comment_status":"closed","ping_status":"closed","template":"","meta":{"_crdt_document":"","footnotes":""},"class_list":["post-13271","page","type-page","status-publish","hentry"],"yoast_head":"<!-- This site is optimized with the Yoast SEO plugin v27.5 - https:\/\/yoast.com\/product\/yoast-seo-wordpress\/ -->\n<title>Hiking trips in the area - Lammetun Ferie &amp; Fritid<\/title>\n<meta name=\"robots\" content=\"index, follow, max-snippet:-1, max-image-preview:large, max-video-preview:-1\" \/>\n<link rel=\"canonical\" href=\"https:\/\/www.lammetun.no\/?page_id=13271\" \/>\n<meta property=\"og:locale\" content=\"nb_NO\" \/>\n<meta property=\"og:type\" content=\"article\" \/>\n<meta property=\"og:title\" content=\"Hiking trips in the area - Lammetun Ferie &amp; Fritid\" \/>\n<meta property=\"og:description\" content=\"Lammetunfjellet Lammetun cave Lammetunhola lies halfway up the Lammetun Mountain, one can go down into the cave. In the cave there is light moss, which is a rare moss, you can read more about it in the article here: https:\/\/www.nrk.no\/sognogfjordane\/lysfenomen-pa-lammetun-1.798528 (only in norwegian). Down in the cave there is a lake, from ancient times it &hellip;\" \/>\n<meta property=\"og:url\" content=\"https:\/\/www.lammetun.no\/?page_id=13271\" \/>\n<meta property=\"og:site_name\" content=\"Lammetun Ferie &amp; Fritid\" \/>\n<meta property=\"article:publisher\" content=\"https:\/\/www.facebook.com\/lammetun.no\/\" \/>\n<meta property=\"article:modified_time\" content=\"2020-09-11T11:54:29+00:00\" \/>\n<meta property=\"og:image\" content=\"https:\/\/www.lammetun.no\/wp-content\/uploads\/2019\/03\/Lammetunfjellet-sett-fr\u00e5-Nordsj\u00f8l\u00f8ypa-150x150.jpg\" \/>\n<meta name=\"twitter:card\" content=\"summary_large_image\" \/>\n<meta name=\"twitter:label1\" content=\"Ansl. lesetid\" \/>\n\t<meta name=\"twitter:data1\" content=\"2 minutter\" \/>\n<script type=\"application\/ld+json\" class=\"yoast-schema-graph\">{\"@context\":\"https:\\\/\\\/schema.org\",\"@graph\":[{\"@type\":\"WebPage\",\"@id\":\"https:\\\/\\\/www.lammetun.no\\\/?page_id=13271\",\"url\":\"https:\\\/\\\/www.lammetun.no\\\/?page_id=13271\",\"name\":\"Hiking trips in the area - Lammetun Ferie &amp; Fritid\",\"isPartOf\":{\"@id\":\"https:\\\/\\\/www.lammetun.no\\\/#website\"},\"primaryImageOfPage\":{\"@id\":\"https:\\\/\\\/www.lammetun.no\\\/?page_id=13271#primaryimage\"},\"image\":{\"@id\":\"https:\\\/\\\/www.lammetun.no\\\/?page_id=13271#primaryimage\"},\"thumbnailUrl\":\"https:\\\/\\\/www.lammetun.no\\\/wp-content\\\/uploads\\\/2019\\\/03\\\/20181028_165745-150x150.jpg\",\"datePublished\":\"2020-06-05T13:05:23+00:00\",\"dateModified\":\"2020-09-11T11:54:29+00:00\",\"breadcrumb\":{\"@id\":\"https:\\\/\\\/www.lammetun.no\\\/?page_id=13271#breadcrumb\"},\"inLanguage\":\"nb-NO\",\"potentialAction\":[{\"@type\":\"ReadAction\",\"target\":[\"https:\\\/\\\/www.lammetun.no\\\/?page_id=13271\"]}]},{\"@type\":\"ImageObject\",\"inLanguage\":\"nb-NO\",\"@id\":\"https:\\\/\\\/www.lammetun.no\\\/?page_id=13271#primaryimage\",\"url\":\"https:\\\/\\\/www.lammetun.no\\\/wp-content\\\/uploads\\\/2019\\\/03\\\/20181028_165745-150x150.jpg\",\"contentUrl\":\"https:\\\/\\\/www.lammetun.no\\\/wp-content\\\/uploads\\\/2019\\\/03\\\/20181028_165745-150x150.jpg\"},{\"@type\":\"BreadcrumbList\",\"@id\":\"https:\\\/\\\/www.lammetun.no\\\/?page_id=13271#breadcrumb\",\"itemListElement\":[{\"@type\":\"ListItem\",\"position\":1,\"name\":\"Hjem\",\"item\":\"https:\\\/\\\/www.lammetun.no\\\/\"},{\"@type\":\"ListItem\",\"position\":2,\"name\":\"Hiking trips in the area\"}]},{\"@type\":\"WebSite\",\"@id\":\"https:\\\/\\\/www.lammetun.no\\\/#website\",\"url\":\"https:\\\/\\\/www.lammetun.no\\\/\",\"name\":\"Lammetun Ferie & Fritid\",\"description\":\"- ei perle i vest\",\"potentialAction\":[{\"@type\":\"SearchAction\",\"target\":{\"@type\":\"EntryPoint\",\"urlTemplate\":\"https:\\\/\\\/www.lammetun.no\\\/?s={search_term_string}\"},\"query-input\":{\"@type\":\"PropertyValueSpecification\",\"valueRequired\":true,\"valueName\":\"search_term_string\"}}],\"inLanguage\":\"nb-NO\"}]}<\/script>\n<!-- \/ Yoast SEO plugin. -->","yoast_head_json":{"title":"Hiking trips in the area - Lammetun Ferie &amp; Fritid","robots":{"index":"index","follow":"follow","max-snippet":"max-snippet:-1","max-image-preview":"max-image-preview:large","max-video-preview":"max-video-preview:-1"},"canonical":"https:\/\/www.lammetun.no\/?page_id=13271","og_locale":"nb_NO","og_type":"article","og_title":"Hiking trips in the area - Lammetun Ferie &amp; Fritid","og_description":"Lammetunfjellet Lammetun cave Lammetunhola lies halfway up the Lammetun Mountain, one can go down into the cave. In the cave there is light moss, which is a rare moss, you can read more about it in the article here: https:\/\/www.nrk.no\/sognogfjordane\/lysfenomen-pa-lammetun-1.798528 (only in norwegian). Down in the cave there is a lake, from ancient times it &hellip;","og_url":"https:\/\/www.lammetun.no\/?page_id=13271","og_site_name":"Lammetun Ferie &amp; Fritid","article_publisher":"https:\/\/www.facebook.com\/lammetun.no\/","article_modified_time":"2020-09-11T11:54:29+00:00","og_image":[{"url":"https:\/\/www.lammetun.no\/wp-content\/uploads\/2019\/03\/Lammetunfjellet-sett-fr\u00e5-Nordsj\u00f8l\u00f8ypa-150x150.jpg","type":"","width":"","height":""}],"twitter_card":"summary_large_image","twitter_misc":{"Ansl. lesetid":"2 minutter"},"schema":{"@context":"https:\/\/schema.org","@graph":[{"@type":"WebPage","@id":"https:\/\/www.lammetun.no\/?page_id=13271","url":"https:\/\/www.lammetun.no\/?page_id=13271","name":"Hiking trips in the area - Lammetun Ferie &amp; Fritid","isPartOf":{"@id":"https:\/\/www.lammetun.no\/#website"},"primaryImageOfPage":{"@id":"https:\/\/www.lammetun.no\/?page_id=13271#primaryimage"},"image":{"@id":"https:\/\/www.lammetun.no\/?page_id=13271#primaryimage"},"thumbnailUrl":"https:\/\/www.lammetun.no\/wp-content\/uploads\/2019\/03\/20181028_165745-150x150.jpg","datePublished":"2020-06-05T13:05:23+00:00","dateModified":"2020-09-11T11:54:29+00:00","breadcrumb":{"@id":"https:\/\/www.lammetun.no\/?page_id=13271#breadcrumb"},"inLanguage":"nb-NO","potentialAction":[{"@type":"ReadAction","target":["https:\/\/www.lammetun.no\/?page_id=13271"]}]},{"@type":"ImageObject","inLanguage":"nb-NO","@id":"https:\/\/www.lammetun.no\/?page_id=13271#primaryimage","url":"https:\/\/www.lammetun.no\/wp-content\/uploads\/2019\/03\/20181028_165745-150x150.jpg","contentUrl":"https:\/\/www.lammetun.no\/wp-content\/uploads\/2019\/03\/20181028_165745-150x150.jpg"},{"@type":"BreadcrumbList","@id":"https:\/\/www.lammetun.no\/?page_id=13271#breadcrumb","itemListElement":[{"@type":"ListItem","position":1,"name":"Hjem","item":"https:\/\/www.lammetun.no\/"},{"@type":"ListItem","position":2,"name":"Hiking trips in the area"}]},{"@type":"WebSite","@id":"https:\/\/www.lammetun.no\/#website","url":"https:\/\/www.lammetun.no\/","name":"Lammetun Ferie & Fritid","description":"- ei perle i vest","potentialAction":[{"@type":"SearchAction","target":{"@type":"EntryPoint","urlTemplate":"https:\/\/www.lammetun.no\/?s={search_term_string}"},"query-input":{"@type":"PropertyValueSpecification","valueRequired":true,"valueName":"search_term_string"}}],"inLanguage":"nb-NO"}]}},"_links":{"self":[{"href":"https:\/\/www.lammetun.no\/index.php?rest_route=\/wp\/v2\/pages\/13271","targetHints":{"allow":["GET"]}}],"collection":[{"href":"https:\/\/www.lammetun.no\/index.php?rest_route=\/wp\/v2\/pages"}],"about":[{"href":"https:\/\/www.lammetun.no\/index.php?rest_route=\/wp\/v2\/types\/page"}],"author":[{"embeddable":true,"href":"https:\/\/www.lammetun.no\/index.php?rest_route=\/wp\/v2\/users\/1"}],"replies":[{"embeddable":true,"href":"https:\/\/www.lammetun.no\/index.php?rest_route=%2Fwp%2Fv2%2Fcomments&post=13271"}],"version-history":[{"count":2,"href":"https:\/\/www.lammetun.no\/index.php?rest_route=\/wp\/v2\/pages\/13271\/revisions"}],"predecessor-version":[{"id":13565,"href":"https:\/\/www.lammetun.no\/index.php?rest_route=\/wp\/v2\/pages\/13271\/revisions\/13565"}],"wp:attachment":[{"href":"https:\/\/www.lammetun.no\/index.php?rest_route=%2Fwp%2Fv2%2Fmedia&parent=13271"}],"curies":[{"name":"wp","href":"https:\/\/api.w.org\/{rel}","templated":true}]}}