{"id":12205,"date":"2019-06-17T12:06:54","date_gmt":"2019-06-17T10:06:54","guid":{"rendered":"http:\/\/www.lammetun.no\/?page_id=12205"},"modified":"2023-10-24T08:53:19","modified_gmt":"2023-10-24T06:53:19","slug":"skuta","status":"publish","type":"page","link":"https:\/\/www.lammetun.no\/?page_id=12205","title":{"rendered":"Skuta"},"content":{"rendered":"\n<figure class=\"wp-block-pullquote\"><blockquote><p>Skuta er v\u00e5r nyeste hytte, den stod klar v\u00e5ren 2019, og er topp moderne<br>Innreia for 8 personar, med 4 soverom &#8211; 2 p\u00e5 hemsen og 2 i f\u00f8rste etasje &#8211;  fullt utstyrt kj\u00f8kken, stue, bad\/dusj, vaskemaskin, wifi.<br>N\u00e5r du leier Skuta kan du leie b\u00e5t i tillegg, b\u00e5ten er 17 fot med 40HK. <\/p><\/blockquote><\/figure>\n\n\n\n<p class=\"wp-block-paragraph\">64 kvm 1. etasje. 30 kvm loft.<\/p>\n\n\n\n<p class=\"wp-block-paragraph\">Skuta blir \u00f2g utleigd via Inter Chalet, s\u00e5 her er det lurt \u00e5 v\u00e6re tidlig ute for \u00e5 booke. <br>under kan du sj\u00e5 bilder fr\u00e5 og rundt hytta,<\/p>\n\n\n\n<p class=\"wp-block-paragraph\">Pris per natt: kr. 1800,- <br>+ utvask etter avreise (obligatorisk) kr. 750,-<br>Ved vekesleige er det avslag i d\u00f8gnpris.<br><br><img decoding=\"async\" width=\"150\" height=\"113\" class=\"wp-image-14535\" style=\"width: 150px;\" src=\"https:\/\/www.lammetun.no\/wp-content\/uploads\/2022\/07\/RANA_1-1-scaled.jpg\" alt=\"\" srcset=\"https:\/\/www.lammetun.no\/wp-content\/uploads\/2022\/07\/RANA_1-1-scaled.jpg 2560w, https:\/\/www.lammetun.no\/wp-content\/uploads\/2022\/07\/RANA_1-1-300x225.jpg 300w, https:\/\/www.lammetun.no\/wp-content\/uploads\/2022\/07\/RANA_1-1-1024x768.jpg 1024w, https:\/\/www.lammetun.no\/wp-content\/uploads\/2022\/07\/RANA_1-1-768x576.jpg 768w, https:\/\/www.lammetun.no\/wp-content\/uploads\/2022\/07\/RANA_1-1-1536x1152.jpg 1536w, https:\/\/www.lammetun.no\/wp-content\/uploads\/2022\/07\/RANA_1-1-2048x1536.jpg 2048w, https:\/\/www.lammetun.no\/wp-content\/uploads\/2022\/07\/RANA_1-1-1200x900.jpg 1200w\" sizes=\"(max-width: 150px) 100vw, 150px\" \/> B\u00e5t i tilknytning til skuta: 17 fot\/40HK. kan leies i tillegg for 3,500 NOK per uke. <\/p>\n\n\n\n<p class=\"wp-block-paragraph\">For booking kontakt oss p\u00e5:<br>Booking@lammetun.no <br>Telefon: (0047) 47 28 36 34 <\/p>\n\n\n\n<p class=\"wp-block-paragraph\">Bildegalleri 1: fasade, gang, kj\u00f8kken og stue.<\/p>\n\n\n\n<figure class=\"wp-block-gallery has-nested-images columns-5 is-cropped wp-block-gallery-1 is-layout-flex wp-block-gallery-is-layout-flex\">\n<figure class=\"wp-block-image size-thumbnail\"><a href=\"https:\/\/www.lammetun.no\/wp-content\/uploads\/2019\/06\/20190606_090354-150x150.jpg\"><img decoding=\"async\" width=\"150\" height=\"150\" data-id=\"12268\" src=\"https:\/\/www.lammetun.no\/wp-content\/uploads\/2019\/06\/20190606_090354-150x150.jpg\" alt=\"\" class=\"wp-image-12268\" srcset=\"https:\/\/www.lammetun.no\/wp-content\/uploads\/2019\/06\/20190606_090354-150x150.jpg 150w, https:\/\/www.lammetun.no\/wp-content\/uploads\/2019\/06\/20190606_090354-144x144.jpg 144w, https:\/\/www.lammetun.no\/wp-content\/uploads\/2019\/06\/20190606_090354-250x250.jpg 250w, https:\/\/www.lammetun.no\/wp-content\/uploads\/2019\/06\/20190606_090354-174x174.jpg 174w\" sizes=\"(max-width: 150px) 100vw, 150px\" \/><\/a><\/figure>\n\n\n\n<figure class=\"wp-block-image size-thumbnail\"><a href=\"https:\/\/www.lammetun.no\/wp-content\/uploads\/2019\/06\/20190612_093113-e1560764831695-150x150.jpg\"><img decoding=\"async\" width=\"150\" height=\"150\" data-id=\"12370\" src=\"https:\/\/www.lammetun.no\/wp-content\/uploads\/2019\/06\/20190612_093113-e1560764831695-150x150.jpg\" alt=\"\" class=\"wp-image-12370\" srcset=\"https:\/\/www.lammetun.no\/wp-content\/uploads\/2019\/06\/20190612_093113-e1560764831695-150x150.jpg 150w, https:\/\/www.lammetun.no\/wp-content\/uploads\/2019\/06\/20190612_093113-e1560764831695-144x144.jpg 144w, https:\/\/www.lammetun.no\/wp-content\/uploads\/2019\/06\/20190612_093113-e1560764831695-250x250.jpg 250w, https:\/\/www.lammetun.no\/wp-content\/uploads\/2019\/06\/20190612_093113-e1560764831695-174x174.jpg 174w\" sizes=\"(max-width: 150px) 100vw, 150px\" \/><\/a><\/figure>\n\n\n\n<figure class=\"wp-block-image size-thumbnail\"><a href=\"https:\/\/www.lammetun.no\/wp-content\/uploads\/2019\/06\/20190612_092924-150x150.jpg\"><img loading=\"lazy\" decoding=\"async\" width=\"150\" height=\"150\" data-id=\"12358\" src=\"https:\/\/www.lammetun.no\/wp-content\/uploads\/2019\/06\/20190612_092924-150x150.jpg\" alt=\"\" class=\"wp-image-12358\" srcset=\"https:\/\/www.lammetun.no\/wp-content\/uploads\/2019\/06\/20190612_092924-150x150.jpg 150w, https:\/\/www.lammetun.no\/wp-content\/uploads\/2019\/06\/20190612_092924-144x144.jpg 144w, https:\/\/www.lammetun.no\/wp-content\/uploads\/2019\/06\/20190612_092924-250x250.jpg 250w, https:\/\/www.lammetun.no\/wp-content\/uploads\/2019\/06\/20190612_092924-174x174.jpg 174w\" sizes=\"(max-width: 150px) 100vw, 150px\" \/><\/a><\/figure>\n\n\n\n<figure class=\"wp-block-image size-thumbnail\"><a href=\"https:\/\/www.lammetun.no\/wp-content\/uploads\/2019\/06\/20190612_092109-150x150.jpg\"><img loading=\"lazy\" decoding=\"async\" width=\"150\" height=\"150\" data-id=\"12346\" src=\"https:\/\/www.lammetun.no\/wp-content\/uploads\/2019\/06\/20190612_092109-150x150.jpg\" alt=\"\" class=\"wp-image-12346\" srcset=\"https:\/\/www.lammetun.no\/wp-content\/uploads\/2019\/06\/20190612_092109-150x150.jpg 150w, https:\/\/www.lammetun.no\/wp-content\/uploads\/2019\/06\/20190612_092109-144x144.jpg 144w, https:\/\/www.lammetun.no\/wp-content\/uploads\/2019\/06\/20190612_092109-250x250.jpg 250w, https:\/\/www.lammetun.no\/wp-content\/uploads\/2019\/06\/20190612_092109-174x174.jpg 174w\" sizes=\"(max-width: 150px) 100vw, 150px\" \/><\/a><\/figure>\n\n\n\n<figure class=\"wp-block-image size-thumbnail\"><a href=\"https:\/\/www.lammetun.no\/wp-content\/uploads\/2019\/06\/20190612_092018-150x150.jpg\"><img loading=\"lazy\" decoding=\"async\" width=\"150\" height=\"150\" data-id=\"12334\" src=\"https:\/\/www.lammetun.no\/wp-content\/uploads\/2019\/06\/20190612_092018-150x150.jpg\" alt=\"\" class=\"wp-image-12334\" srcset=\"https:\/\/www.lammetun.no\/wp-content\/uploads\/2019\/06\/20190612_092018-150x150.jpg 150w, https:\/\/www.lammetun.no\/wp-content\/uploads\/2019\/06\/20190612_092018-144x144.jpg 144w, https:\/\/www.lammetun.no\/wp-content\/uploads\/2019\/06\/20190612_092018-250x250.jpg 250w, https:\/\/www.lammetun.no\/wp-content\/uploads\/2019\/06\/20190612_092018-174x174.jpg 174w\" sizes=\"(max-width: 150px) 100vw, 150px\" \/><\/a><\/figure>\n<\/figure>\n\n\n\n<p class=\"wp-block-paragraph\">Bildegalleri 2: Soveromma nede, desse er utstyrt med 2 senger kvar, 2 nattbord og 1 kommode.<\/p>\n\n\n\n<figure class=\"wp-block-gallery has-nested-images columns-4 is-cropped wp-block-gallery-2 is-layout-flex wp-block-gallery-is-layout-flex\">\n<figure class=\"wp-block-image size-thumbnail\"><a href=\"https:\/\/www.lammetun.no\/wp-content\/uploads\/2019\/06\/20190612_083153-150x150.jpg\"><img loading=\"lazy\" decoding=\"async\" width=\"150\" height=\"150\" data-id=\"12325\" src=\"https:\/\/www.lammetun.no\/wp-content\/uploads\/2019\/06\/20190612_083153-150x150.jpg\" alt=\"\" class=\"wp-image-12325\" srcset=\"https:\/\/www.lammetun.no\/wp-content\/uploads\/2019\/06\/20190612_083153-150x150.jpg 150w, https:\/\/www.lammetun.no\/wp-content\/uploads\/2019\/06\/20190612_083153-144x144.jpg 144w, https:\/\/www.lammetun.no\/wp-content\/uploads\/2019\/06\/20190612_083153-250x250.jpg 250w, https:\/\/www.lammetun.no\/wp-content\/uploads\/2019\/06\/20190612_083153-174x174.jpg 174w\" sizes=\"(max-width: 150px) 100vw, 150px\" \/><\/a><\/figure>\n\n\n\n<figure class=\"wp-block-image size-thumbnail\"><a href=\"https:\/\/www.lammetun.no\/wp-content\/uploads\/2019\/06\/20190612_083104-150x150.jpg\"><img loading=\"lazy\" decoding=\"async\" width=\"150\" height=\"150\" data-id=\"12319\" src=\"https:\/\/www.lammetun.no\/wp-content\/uploads\/2019\/06\/20190612_083104-150x150.jpg\" alt=\"\" class=\"wp-image-12319\" srcset=\"https:\/\/www.lammetun.no\/wp-content\/uploads\/2019\/06\/20190612_083104-150x150.jpg 150w, https:\/\/www.lammetun.no\/wp-content\/uploads\/2019\/06\/20190612_083104-144x144.jpg 144w, https:\/\/www.lammetun.no\/wp-content\/uploads\/2019\/06\/20190612_083104-250x250.jpg 250w, https:\/\/www.lammetun.no\/wp-content\/uploads\/2019\/06\/20190612_083104-174x174.jpg 174w\" sizes=\"(max-width: 150px) 100vw, 150px\" \/><\/a><\/figure>\n\n\n\n<figure class=\"wp-block-image size-thumbnail\"><a href=\"https:\/\/www.lammetun.no\/wp-content\/uploads\/2019\/06\/20190612_083211-150x150.jpg\"><img loading=\"lazy\" decoding=\"async\" width=\"150\" height=\"150\" data-id=\"12328\" src=\"https:\/\/www.lammetun.no\/wp-content\/uploads\/2019\/06\/20190612_083211-150x150.jpg\" alt=\"\" class=\"wp-image-12328\" srcset=\"https:\/\/www.lammetun.no\/wp-content\/uploads\/2019\/06\/20190612_083211-150x150.jpg 150w, https:\/\/www.lammetun.no\/wp-content\/uploads\/2019\/06\/20190612_083211-144x144.jpg 144w, https:\/\/www.lammetun.no\/wp-content\/uploads\/2019\/06\/20190612_083211-250x250.jpg 250w, https:\/\/www.lammetun.no\/wp-content\/uploads\/2019\/06\/20190612_083211-174x174.jpg 174w\" sizes=\"(max-width: 150px) 100vw, 150px\" \/><\/a><\/figure>\n\n\n\n<figure class=\"wp-block-image size-thumbnail\"><a href=\"https:\/\/www.lammetun.no\/wp-content\/uploads\/2019\/06\/20190612_082821-150x150.jpg\"><img loading=\"lazy\" decoding=\"async\" width=\"150\" height=\"150\" data-id=\"12304\" src=\"https:\/\/www.lammetun.no\/wp-content\/uploads\/2019\/06\/20190612_082821-150x150.jpg\" alt=\"\" class=\"wp-image-12304\" srcset=\"https:\/\/www.lammetun.no\/wp-content\/uploads\/2019\/06\/20190612_082821-150x150.jpg 150w, https:\/\/www.lammetun.no\/wp-content\/uploads\/2019\/06\/20190612_082821-144x144.jpg 144w, https:\/\/www.lammetun.no\/wp-content\/uploads\/2019\/06\/20190612_082821-250x250.jpg 250w, https:\/\/www.lammetun.no\/wp-content\/uploads\/2019\/06\/20190612_082821-174x174.jpg 174w\" sizes=\"(max-width: 150px) 100vw, 150px\" \/><\/a><\/figure>\n<\/figure>\n\n\n\n<p class=\"wp-block-paragraph\">Bildegalleri 3: Soverom p\u00e5 hems, desse er utstyrt med 2 senger p\u00e5 kvart rom  med 2 nattbord og 1 kommode kvar.<\/p>\n\n\n\n<figure class=\"wp-block-gallery has-nested-images columns-default is-cropped wp-block-gallery-3 is-layout-flex wp-block-gallery-is-layout-flex\">\n<figure class=\"wp-block-image size-thumbnail\"><a href=\"https:\/\/www.lammetun.no\/wp-content\/uploads\/2019\/06\/20190606_090223-150x150.jpg\"><img loading=\"lazy\" decoding=\"async\" width=\"150\" height=\"150\" data-id=\"12253\" src=\"https:\/\/www.lammetun.no\/wp-content\/uploads\/2019\/06\/20190606_090223-150x150.jpg\" alt=\"\" class=\"wp-image-12253\" srcset=\"https:\/\/www.lammetun.no\/wp-content\/uploads\/2019\/06\/20190606_090223-150x150.jpg 150w, https:\/\/www.lammetun.no\/wp-content\/uploads\/2019\/06\/20190606_090223-144x144.jpg 144w, https:\/\/www.lammetun.no\/wp-content\/uploads\/2019\/06\/20190606_090223-250x250.jpg 250w, https:\/\/www.lammetun.no\/wp-content\/uploads\/2019\/06\/20190606_090223-174x174.jpg 174w\" sizes=\"(max-width: 150px) 100vw, 150px\" \/><\/a><\/figure>\n\n\n\n<figure class=\"wp-block-image size-thumbnail\"><a href=\"https:\/\/www.lammetun.no\/wp-content\/uploads\/2019\/06\/20190606_090207-150x150.jpg\"><img loading=\"lazy\" decoding=\"async\" width=\"150\" height=\"150\" data-id=\"12250\" src=\"https:\/\/www.lammetun.no\/wp-content\/uploads\/2019\/06\/20190606_090207-150x150.jpg\" alt=\"\" class=\"wp-image-12250\" srcset=\"https:\/\/www.lammetun.no\/wp-content\/uploads\/2019\/06\/20190606_090207-150x150.jpg 150w, https:\/\/www.lammetun.no\/wp-content\/uploads\/2019\/06\/20190606_090207-144x144.jpg 144w, https:\/\/www.lammetun.no\/wp-content\/uploads\/2019\/06\/20190606_090207-250x250.jpg 250w, https:\/\/www.lammetun.no\/wp-content\/uploads\/2019\/06\/20190606_090207-174x174.jpg 174w\" sizes=\"(max-width: 150px) 100vw, 150px\" \/><\/a><\/figure>\n\n\n\n<figure class=\"wp-block-image size-thumbnail\"><a href=\"https:\/\/www.lammetun.no\/wp-content\/uploads\/2019\/06\/20190606_090153-150x150.jpg\"><img loading=\"lazy\" decoding=\"async\" width=\"150\" height=\"150\" data-id=\"12244\" src=\"https:\/\/www.lammetun.no\/wp-content\/uploads\/2019\/06\/20190606_090153-150x150.jpg\" alt=\"\" class=\"wp-image-12244\" srcset=\"https:\/\/www.lammetun.no\/wp-content\/uploads\/2019\/06\/20190606_090153-150x150.jpg 150w, https:\/\/www.lammetun.no\/wp-content\/uploads\/2019\/06\/20190606_090153-144x144.jpg 144w, https:\/\/www.lammetun.no\/wp-content\/uploads\/2019\/06\/20190606_090153-250x250.jpg 250w, https:\/\/www.lammetun.no\/wp-content\/uploads\/2019\/06\/20190606_090153-174x174.jpg 174w\" sizes=\"(max-width: 150px) 100vw, 150px\" \/><\/a><\/figure>\n<\/figure>\n\n\n\n<p class=\"wp-block-paragraph\">Bilder av badet:<\/p>\n\n\n\n<figure class=\"wp-block-gallery has-nested-images columns-default is-cropped wp-block-gallery-4 is-layout-flex wp-block-gallery-is-layout-flex\">\n<figure class=\"wp-block-image size-thumbnail\"><a href=\"https:\/\/www.lammetun.no\/wp-content\/uploads\/2019\/06\/20190606_090002-e1560765525525-150x150.jpg\"><img loading=\"lazy\" decoding=\"async\" width=\"150\" height=\"150\" data-id=\"12226\" src=\"https:\/\/www.lammetun.no\/wp-content\/uploads\/2019\/06\/20190606_090002-e1560765525525-150x150.jpg\" alt=\"\" class=\"wp-image-12226\" srcset=\"https:\/\/www.lammetun.no\/wp-content\/uploads\/2019\/06\/20190606_090002-e1560765525525-150x150.jpg 150w, https:\/\/www.lammetun.no\/wp-content\/uploads\/2019\/06\/20190606_090002-e1560765525525-144x144.jpg 144w, https:\/\/www.lammetun.no\/wp-content\/uploads\/2019\/06\/20190606_090002-e1560765525525-250x250.jpg 250w, https:\/\/www.lammetun.no\/wp-content\/uploads\/2019\/06\/20190606_090002-e1560765525525-174x174.jpg 174w\" sizes=\"(max-width: 150px) 100vw, 150px\" \/><\/a><\/figure>\n\n\n\n<figure class=\"wp-block-image size-thumbnail\"><a href=\"https:\/\/www.lammetun.no\/wp-content\/uploads\/2019\/06\/20190606_085951-150x150.jpg\"><img loading=\"lazy\" decoding=\"async\" width=\"150\" height=\"150\" data-id=\"12223\" src=\"https:\/\/www.lammetun.no\/wp-content\/uploads\/2019\/06\/20190606_085951-150x150.jpg\" alt=\"\" class=\"wp-image-12223\" srcset=\"https:\/\/www.lammetun.no\/wp-content\/uploads\/2019\/06\/20190606_085951-150x150.jpg 150w, https:\/\/www.lammetun.no\/wp-content\/uploads\/2019\/06\/20190606_085951-144x144.jpg 144w, https:\/\/www.lammetun.no\/wp-content\/uploads\/2019\/06\/20190606_085951-250x250.jpg 250w, https:\/\/www.lammetun.no\/wp-content\/uploads\/2019\/06\/20190606_085951-174x174.jpg 174w\" sizes=\"(max-width: 150px) 100vw, 150px\" \/><\/a><\/figure>\n<\/figure>\n\n\n\n<p class=\"wp-block-paragraph\">Hos oss kan du leige: B\u00e5t, kajakk, SUP (paddleboards), <br>Spele: Frisbeegolf, Paintball og havrafte<br>I omr\u00e5det ligg det fleire flotte fjellturar og turl\u00f8yper som er vedrt \u00e5 g\u00e5, for eksempel:  Lammetunhola, Alden, Lihesten, Einingsfjellet, og mangen fleire! -Du finn meir infomasjon om dei p\u00e5 sida v\u00e5r under fjellturar.<\/p>\n\n\n\n<figure class=\"wp-block-gallery has-nested-images columns-5 is-cropped wp-block-gallery-5 is-layout-flex wp-block-gallery-is-layout-flex\">\n<figure class=\"wp-block-image size-thumbnail\"><a href=\"https:\/\/www.lammetun.no\/wp-content\/uploads\/2018\/10\/padlle2-150x150.jpg\"><img decoding=\"async\" data-id=\"2021\" src=\"https:\/\/www.lammetun.no\/wp-content\/uploads\/2018\/10\/padlle2-150x150.jpg\" alt=\"\" class=\"wp-image-2021\"\/><\/a><\/figure>\n\n\n\n<figure class=\"wp-block-image size-thumbnail\"><a href=\"https:\/\/www.lammetun.no\/wp-content\/uploads\/2019\/11\/Foto-5-Padling-i-solnedgang-1-150x150.jpg\"><img loading=\"lazy\" decoding=\"async\" width=\"150\" height=\"150\" data-id=\"13001\" src=\"https:\/\/www.lammetun.no\/wp-content\/uploads\/2019\/11\/Foto-5-Padling-i-solnedgang-1-150x150.jpg\" alt=\"\" class=\"wp-image-13001\"\/><\/a><\/figure>\n\n\n\n<figure class=\"wp-block-image size-thumbnail\"><a href=\"https:\/\/www.lammetun.no\/wp-content\/uploads\/2018\/10\/20180909_215859-150x150.jpg\"><img decoding=\"async\" data-id=\"1905\" src=\"https:\/\/www.lammetun.no\/wp-content\/uploads\/2018\/10\/20180909_215859-150x150.jpg\" alt=\"\" class=\"wp-image-1905\"\/><\/a><\/figure>\n\n\n\n<figure class=\"wp-block-image size-thumbnail\"><a href=\"https:\/\/www.lammetun.no\/wp-content\/uploads\/2018\/10\/Lammetun-150x150.jpg\"><img decoding=\"async\" data-id=\"2033\" src=\"https:\/\/www.lammetun.no\/wp-content\/uploads\/2018\/10\/Lammetun-150x150.jpg\" alt=\"\" class=\"wp-image-2033\"\/><\/a><\/figure>\n\n\n\n<figure class=\"wp-block-image size-thumbnail\"><a href=\"https:\/\/www.lammetun.no\/wp-content\/uploads\/2018\/10\/3opZgofbfAo7T4H9pP1SvQB-qy6Fi2OJVD2twLuGStXg-150x150.jpeg\"><img loading=\"lazy\" decoding=\"async\" width=\"150\" height=\"150\" data-id=\"1977\" src=\"https:\/\/www.lammetun.no\/wp-content\/uploads\/2018\/10\/3opZgofbfAo7T4H9pP1SvQB-qy6Fi2OJVD2twLuGStXg-150x150.jpeg\" alt=\"\" class=\"wp-image-1977\" srcset=\"https:\/\/www.lammetun.no\/wp-content\/uploads\/2018\/10\/3opZgofbfAo7T4H9pP1SvQB-qy6Fi2OJVD2twLuGStXg-150x150.jpeg 150w, https:\/\/www.lammetun.no\/wp-content\/uploads\/2018\/10\/3opZgofbfAo7T4H9pP1SvQB-qy6Fi2OJVD2twLuGStXg-144x144.jpeg 144w, https:\/\/www.lammetun.no\/wp-content\/uploads\/2018\/10\/3opZgofbfAo7T4H9pP1SvQB-qy6Fi2OJVD2twLuGStXg-250x250.jpeg 250w, https:\/\/www.lammetun.no\/wp-content\/uploads\/2018\/10\/3opZgofbfAo7T4H9pP1SvQB-qy6Fi2OJVD2twLuGStXg-174x174.jpeg 174w, https:\/\/www.lammetun.no\/wp-content\/uploads\/2018\/10\/3opZgofbfAo7T4H9pP1SvQB-qy6Fi2OJVD2twLuGStXg-300x300.jpeg 300w, https:\/\/www.lammetun.no\/wp-content\/uploads\/2018\/10\/3opZgofbfAo7T4H9pP1SvQB-qy6Fi2OJVD2twLuGStXg-100x100.jpeg 100w\" sizes=\"(max-width: 150px) 100vw, 150px\" \/><\/a><\/figure>\n<\/figure>\n\n\n\n<figure class=\"wp-block-pullquote\"><blockquote><p>Lammetun er ei landfast \u00f8y, helt vest i Fjaler kommune (Vestlandet).<br>Ca. 3 timers kj\u00f8ring fra Bergen.<br>Ligger idyllisk til i naturskj\u00f8nne omgivelser. <\/p><\/blockquote><\/figure>\n\n\n\n<p class=\"wp-block-paragraph\"><\/p>\n","protected":false},"excerpt":{"rendered":"<p>Skuta er v\u00e5r nyeste hytte, den stod klar v\u00e5ren 2019, og er topp moderneInnreia for 8 personar, med 4 soverom &#8211; 2 p\u00e5 hemsen og 2 i f\u00f8rste etasje &#8211; fullt utstyrt kj\u00f8kken, stue, bad\/dusj, vaskemaskin, wifi.N\u00e5r du leier Skuta kan du leie b\u00e5t i tillegg, b\u00e5ten er 17 fot med 40HK. 64 kvm 1. &hellip; <\/p>\n","protected":false},"author":1,"featured_media":0,"parent":0,"menu_order":0,"comment_status":"closed","ping_status":"closed","template":"","meta":{"_crdt_document":"","footnotes":""},"class_list":["post-12205","page","type-page","status-publish","hentry"],"yoast_head":"<!-- This site is optimized with the Yoast SEO plugin v27.5 - https:\/\/yoast.com\/product\/yoast-seo-wordpress\/ -->\n<title>Skuta - Lammetun Ferie &amp; Fritid<\/title>\n<meta name=\"description\" content=\"Moderne feriehus p\u00e5 til leie p\u00e5 Lammetun. Ca. 3 timers kj\u00f8ring fra Bergen. Maks 8 personer. Dyr ikke tillatt.\" \/>\n<meta name=\"robots\" content=\"index, follow, max-snippet:-1, max-image-preview:large, max-video-preview:-1\" \/>\n<link rel=\"canonical\" href=\"https:\/\/www.lammetun.no\/?page_id=12205\" \/>\n<meta property=\"og:locale\" content=\"nb_NO\" \/>\n<meta property=\"og:type\" content=\"article\" \/>\n<meta property=\"og:title\" content=\"Skuta - Lammetun Ferie &amp; Fritid\" \/>\n<meta property=\"og:description\" content=\"Moderne feriehus p\u00e5 til leie p\u00e5 Lammetun. Ca. 3 timers kj\u00f8ring fra Bergen. Maks 8 personer. Dyr ikke tillatt.\" \/>\n<meta property=\"og:url\" content=\"https:\/\/www.lammetun.no\/?page_id=12205\" \/>\n<meta property=\"og:site_name\" content=\"Lammetun Ferie &amp; Fritid\" \/>\n<meta property=\"article:publisher\" content=\"https:\/\/www.facebook.com\/lammetun.no\/\" \/>\n<meta property=\"article:modified_time\" content=\"2023-10-24T06:53:19+00:00\" \/>\n<meta property=\"og:image\" content=\"https:\/\/www.lammetun.no\/wp-content\/uploads\/2021\/07\/hytta.jpg\" \/>\n\t<meta property=\"og:image:width\" content=\"215\" \/>\n\t<meta property=\"og:image:height\" content=\"164\" \/>\n\t<meta property=\"og:image:type\" content=\"image\/jpeg\" \/>\n<meta name=\"twitter:card\" content=\"summary_large_image\" \/>\n<meta name=\"twitter:label1\" content=\"Ansl. lesetid\" \/>\n\t<meta name=\"twitter:data1\" content=\"5 minutter\" \/>\n<script type=\"application\/ld+json\" class=\"yoast-schema-graph\">{\"@context\":\"https:\\\/\\\/schema.org\",\"@graph\":[{\"@type\":\"WebPage\",\"@id\":\"https:\\\/\\\/www.lammetun.no\\\/?page_id=12205\",\"url\":\"https:\\\/\\\/www.lammetun.no\\\/?page_id=12205\",\"name\":\"Skuta - Lammetun Ferie &amp; Fritid\",\"isPartOf\":{\"@id\":\"https:\\\/\\\/www.lammetun.no\\\/#website\"},\"primaryImageOfPage\":{\"@id\":\"https:\\\/\\\/www.lammetun.no\\\/?page_id=12205#primaryimage\"},\"image\":{\"@id\":\"https:\\\/\\\/www.lammetun.no\\\/?page_id=12205#primaryimage\"},\"thumbnailUrl\":\"https:\\\/\\\/www.lammetun.no\\\/wp-content\\\/uploads\\\/2022\\\/07\\\/RANA_1-1-scaled.jpg\",\"datePublished\":\"2019-06-17T10:06:54+00:00\",\"dateModified\":\"2023-10-24T06:53:19+00:00\",\"description\":\"Moderne feriehus p\u00e5 til leie p\u00e5 Lammetun. Ca. 3 timers kj\u00f8ring fra Bergen. Maks 8 personer. Dyr ikke tillatt.\",\"breadcrumb\":{\"@id\":\"https:\\\/\\\/www.lammetun.no\\\/?page_id=12205#breadcrumb\"},\"inLanguage\":\"nb-NO\",\"potentialAction\":[{\"@type\":\"ReadAction\",\"target\":[\"https:\\\/\\\/www.lammetun.no\\\/?page_id=12205\"]}]},{\"@type\":\"ImageObject\",\"inLanguage\":\"nb-NO\",\"@id\":\"https:\\\/\\\/www.lammetun.no\\\/?page_id=12205#primaryimage\",\"url\":\"https:\\\/\\\/www.lammetun.no\\\/wp-content\\\/uploads\\\/2022\\\/07\\\/RANA_1-1-scaled.jpg\",\"contentUrl\":\"https:\\\/\\\/www.lammetun.no\\\/wp-content\\\/uploads\\\/2022\\\/07\\\/RANA_1-1-scaled.jpg\",\"width\":2560,\"height\":1920},{\"@type\":\"BreadcrumbList\",\"@id\":\"https:\\\/\\\/www.lammetun.no\\\/?page_id=12205#breadcrumb\",\"itemListElement\":[{\"@type\":\"ListItem\",\"position\":1,\"name\":\"Hjem\",\"item\":\"https:\\\/\\\/www.lammetun.no\\\/\"},{\"@type\":\"ListItem\",\"position\":2,\"name\":\"Skuta\"}]},{\"@type\":\"WebSite\",\"@id\":\"https:\\\/\\\/www.lammetun.no\\\/#website\",\"url\":\"https:\\\/\\\/www.lammetun.no\\\/\",\"name\":\"Lammetun Ferie & Fritid\",\"description\":\"- ei perle i vest\",\"potentialAction\":[{\"@type\":\"SearchAction\",\"target\":{\"@type\":\"EntryPoint\",\"urlTemplate\":\"https:\\\/\\\/www.lammetun.no\\\/?s={search_term_string}\"},\"query-input\":{\"@type\":\"PropertyValueSpecification\",\"valueRequired\":true,\"valueName\":\"search_term_string\"}}],\"inLanguage\":\"nb-NO\"}]}<\/script>\n<!-- \/ Yoast SEO plugin. -->","yoast_head_json":{"title":"Skuta - Lammetun Ferie &amp; Fritid","description":"Moderne feriehus p\u00e5 til leie p\u00e5 Lammetun. Ca. 3 timers kj\u00f8ring fra Bergen. Maks 8 personer. Dyr ikke tillatt.","robots":{"index":"index","follow":"follow","max-snippet":"max-snippet:-1","max-image-preview":"max-image-preview:large","max-video-preview":"max-video-preview:-1"},"canonical":"https:\/\/www.lammetun.no\/?page_id=12205","og_locale":"nb_NO","og_type":"article","og_title":"Skuta - Lammetun Ferie &amp; Fritid","og_description":"Moderne feriehus p\u00e5 til leie p\u00e5 Lammetun. Ca. 3 timers kj\u00f8ring fra Bergen. Maks 8 personer. Dyr ikke tillatt.","og_url":"https:\/\/www.lammetun.no\/?page_id=12205","og_site_name":"Lammetun Ferie &amp; Fritid","article_publisher":"https:\/\/www.facebook.com\/lammetun.no\/","article_modified_time":"2023-10-24T06:53:19+00:00","og_image":[{"width":215,"height":164,"url":"https:\/\/www.lammetun.no\/wp-content\/uploads\/2021\/07\/hytta.jpg","type":"image\/jpeg"}],"twitter_card":"summary_large_image","twitter_misc":{"Ansl. lesetid":"5 minutter"},"schema":{"@context":"https:\/\/schema.org","@graph":[{"@type":"WebPage","@id":"https:\/\/www.lammetun.no\/?page_id=12205","url":"https:\/\/www.lammetun.no\/?page_id=12205","name":"Skuta - Lammetun Ferie &amp; Fritid","isPartOf":{"@id":"https:\/\/www.lammetun.no\/#website"},"primaryImageOfPage":{"@id":"https:\/\/www.lammetun.no\/?page_id=12205#primaryimage"},"image":{"@id":"https:\/\/www.lammetun.no\/?page_id=12205#primaryimage"},"thumbnailUrl":"https:\/\/www.lammetun.no\/wp-content\/uploads\/2022\/07\/RANA_1-1-scaled.jpg","datePublished":"2019-06-17T10:06:54+00:00","dateModified":"2023-10-24T06:53:19+00:00","description":"Moderne feriehus p\u00e5 til leie p\u00e5 Lammetun. Ca. 3 timers kj\u00f8ring fra Bergen. Maks 8 personer. Dyr ikke tillatt.","breadcrumb":{"@id":"https:\/\/www.lammetun.no\/?page_id=12205#breadcrumb"},"inLanguage":"nb-NO","potentialAction":[{"@type":"ReadAction","target":["https:\/\/www.lammetun.no\/?page_id=12205"]}]},{"@type":"ImageObject","inLanguage":"nb-NO","@id":"https:\/\/www.lammetun.no\/?page_id=12205#primaryimage","url":"https:\/\/www.lammetun.no\/wp-content\/uploads\/2022\/07\/RANA_1-1-scaled.jpg","contentUrl":"https:\/\/www.lammetun.no\/wp-content\/uploads\/2022\/07\/RANA_1-1-scaled.jpg","width":2560,"height":1920},{"@type":"BreadcrumbList","@id":"https:\/\/www.lammetun.no\/?page_id=12205#breadcrumb","itemListElement":[{"@type":"ListItem","position":1,"name":"Hjem","item":"https:\/\/www.lammetun.no\/"},{"@type":"ListItem","position":2,"name":"Skuta"}]},{"@type":"WebSite","@id":"https:\/\/www.lammetun.no\/#website","url":"https:\/\/www.lammetun.no\/","name":"Lammetun Ferie & Fritid","description":"- ei perle i vest","potentialAction":[{"@type":"SearchAction","target":{"@type":"EntryPoint","urlTemplate":"https:\/\/www.lammetun.no\/?s={search_term_string}"},"query-input":{"@type":"PropertyValueSpecification","valueRequired":true,"valueName":"search_term_string"}}],"inLanguage":"nb-NO"}]}},"_links":{"self":[{"href":"https:\/\/www.lammetun.no\/index.php?rest_route=\/wp\/v2\/pages\/12205","targetHints":{"allow":["GET"]}}],"collection":[{"href":"https:\/\/www.lammetun.no\/index.php?rest_route=\/wp\/v2\/pages"}],"about":[{"href":"https:\/\/www.lammetun.no\/index.php?rest_route=\/wp\/v2\/types\/page"}],"author":[{"embeddable":true,"href":"https:\/\/www.lammetun.no\/index.php?rest_route=\/wp\/v2\/users\/1"}],"replies":[{"embeddable":true,"href":"https:\/\/www.lammetun.no\/index.php?rest_route=%2Fwp%2Fv2%2Fcomments&post=12205"}],"version-history":[{"count":9,"href":"https:\/\/www.lammetun.no\/index.php?rest_route=\/wp\/v2\/pages\/12205\/revisions"}],"predecessor-version":[{"id":15288,"href":"https:\/\/www.lammetun.no\/index.php?rest_route=\/wp\/v2\/pages\/12205\/revisions\/15288"}],"wp:attachment":[{"href":"https:\/\/www.lammetun.no\/index.php?rest_route=%2Fwp%2Fv2%2Fmedia&parent=12205"}],"curies":[{"name":"wp","href":"https:\/\/api.w.org\/{rel}","templated":true}]}}