{"id":117,"date":"2014-05-15T22:57:17","date_gmt":"2014-05-15T20:57:17","guid":{"rendered":"http:\/\/www.lammetun.no\/?page_id=117"},"modified":"2023-10-24T08:42:18","modified_gmt":"2023-10-24T06:42:18","slug":"laven","status":"publish","type":"page","link":"https:\/\/www.lammetun.no\/?page_id=117","title":{"rendered":"L\u00e5ven"},"content":{"rendered":"\n<h2 class=\"wp-block-heading\">Beskrivelse:<\/h2>\n\n\n\n<p class=\"wp-block-paragraph\">3-roms leilighet 50 m2 i 1. etasje.&nbsp;<br>Koselig m\u00f8blert: stue\/kj\u00f8kken med gardiner, sovelakover i tilknytning til stue med 2 senger (75 cm, lengde 200 cm), spisebord, satellitt-TV og internasjonale TV-kanaler.&nbsp;Utgang til terrasse.&nbsp;<br>1 rom med 1 dobbeltseng (150 cm, lengde 200 cm).&nbsp;Utgang til balkong.&nbsp;<br>P\u00e5 kj\u00f8kkenet finner du: stekeovn, 3 keramiske kokeplater, br\u00f8drister, vannkoker, mikrob\u00f8lgeovn, fryser, kaffetrakter.&nbsp;<br>Dusj\/toalett.&nbsp;<br>Elektrisk oppvarming.&nbsp;<br>Liten balkong, terrasse.&nbsp;Terrassem\u00f8bler, hagegrill (mobil).&nbsp;<br>Tilgjengelig: barnestol, barneseng.&nbsp;Internett (tr\u00e5dl\u00f8st LAN, gratis).&nbsp;<br>Vennligst merk: r\u00f8ykfritt hus.&nbsp;Maksimalt 1 kj\u00e6ledyr\/hund tillatt.&nbsp;<br>R\u00f8ykvarsler, brannslukningsapparat.&nbsp;Fryser ca 120 l.&nbsp;<\/p>\n\n\n\n<p class=\"wp-block-paragraph\">Fr\u00e5 altanen kan du sj\u00e5 sola g\u00e5 ned i havet.<\/p>\n\n\n\n<p class=\"wp-block-paragraph\">Pris per natt: 1,250 NOK + utvask (obligatorisk) 500 NOK.<br>Ved langtidsleie f\u00e5r de avslag i d\u00f8gnpris, pris per veke startar p\u00e5 kr. 4 500,- og varierar noko med sesongen &#8211; kontakt oss for et godt tilbud.<br>Inkludert i prisen er sengklede\/handklede (1 sett per person).<br>Betaling via bankterminal ved ankomst\/avreise. Vi tek og kontantar, men ikkje Euro.&nbsp;<br>Vi tillet dyr p\u00e5 L\u00e5ven (1), dette tar vi 300 kroner ekstra for. Det er ikkje tillate med dyr i senger\/sofa.<\/p>\n\n\n\n<p class=\"wp-block-paragraph\">B\u00e5t tilh\u00f8rende L\u00e5ven: 17 fot, 40HK. Bookast i tillegg til L\u00e5ven, kroner 3500,- per veke. <\/p>\n\n\n\n<p class=\"wp-block-paragraph\">Book her:<br>E-post: booking@lammetun.no<br>Mobil: 47 28 36 34&nbsp;<\/p>\n\n\n\n<h2 class=\"wp-block-heading\">Description <\/h2>\n\n\n\n<p class=\"wp-block-paragraph\">3- rooms apartment 50m2 on 1. floor. <br>Cozy furniture: livingroom\/kitchen with curtains, two single beds built in the wall attached to the livingroom, with a single bed each (75x200cm) dinner table, satelite-TV with international chanels. Exit to terrasse. <br>1 room with a double bed (150x200cm), exit to balcony.<br>In the kitchen: oven, cooking plates, toaster, hot water boiler, electric coffe maker, microvave, freezer.<br>Showe\/toilet in the bathroom.<br>Small balcony and a terrasse with terrse furniture, grill (portable)<br>Facilities: childrens chair and bed, wifi.<br>Please note: non-smoking house. 1 pet allowed against extra fee 300 NOK. <br>smoke detectors, fire-exstibguisher.<br><br>From the balcony and terrasse you can see the sun set in the sea. <br><br>Price per night: 1,250 NOK + washing after departue (mandatory) 500 NOK. <br>If you rent it for a week or longer you get a discount in the price &#8211; contact us for price offer. <br>Payment by card or in cash (only NOK not EURO).<br>Boat belonging to the barn: 17 feet, 40 HP, can be booked in addition to the barn. Price 3500 NOK per week. <br><br>Book here: booking@lammetun.no <br>Phone: +47 47 28 36 34<\/p>\n\n\n\n<p class=\"wp-block-paragraph\">Bildegalleri &#8211; pictures:<\/p>\n\n\n\n<figure class=\"wp-block-gallery has-nested-images columns-5 is-cropped wp-block-gallery-1 is-layout-flex wp-block-gallery-is-layout-flex\">\n<figure class=\"wp-block-image size-full\"><a href=\"https:\/\/www.lammetun.no\/wp-content\/uploads\/2018\/10\/20180907_120538.jpg\"><img decoding=\"async\" data-id=\"1791\" src=\"https:\/\/www.lammetun.no\/wp-content\/uploads\/2018\/10\/20180907_120538.jpg\" alt=\"\" class=\"wp-image-1791\"\/><\/a><\/figure>\n\n\n\n<figure class=\"wp-block-image size-full\"><a href=\"https:\/\/www.lammetun.no\/wp-content\/uploads\/2017\/09\/wpid-wp-image-1443465487.jpg\"><img decoding=\"async\" data-id=\"297\" src=\"https:\/\/www.lammetun.no\/wp-content\/uploads\/2017\/09\/wpid-wp-image-1443465487.jpg\" alt=\"\" class=\"wp-image-297\"\/><\/a><\/figure>\n\n\n\n<figure class=\"wp-block-image size-full\"><a href=\"https:\/\/www.lammetun.no\/wp-content\/uploads\/2017\/09\/wpid-wp-image-1166836902.jpg\"><img decoding=\"async\" data-id=\"295\" src=\"https:\/\/www.lammetun.no\/wp-content\/uploads\/2017\/09\/wpid-wp-image-1166836902.jpg\" alt=\"\" class=\"wp-image-295\"\/><\/a><\/figure>\n\n\n\n<figure class=\"wp-block-image size-full\"><a href=\"https:\/\/www.lammetun.no\/wp-content\/uploads\/2017\/09\/wpid-wp-image-836303429.jpg\"><img decoding=\"async\" data-id=\"293\" src=\"https:\/\/www.lammetun.no\/wp-content\/uploads\/2017\/09\/wpid-wp-image-836303429.jpg\" alt=\"\" class=\"wp-image-293\"\/><\/a><\/figure>\n\n\n\n<figure class=\"wp-block-image size-full\"><a href=\"https:\/\/www.lammetun.no\/wp-content\/uploads\/2017\/09\/wpid-wp-image-1519554511-150x150.jpg\"><img decoding=\"async\" data-id=\"296\" src=\"https:\/\/www.lammetun.no\/wp-content\/uploads\/2017\/09\/wpid-wp-image-1519554511-150x150.jpg\" alt=\"\" class=\"wp-image-296\"\/><\/a><\/figure>\n\n\n\n<figure class=\"wp-block-image size-full\"><a href=\"https:\/\/www.lammetun.no\/wp-content\/uploads\/2014\/05\/wpid-20140513_195917-150x150.jpg\"><img decoding=\"async\" width=\"150\" height=\"150\" data-id=\"115\" src=\"https:\/\/www.lammetun.no\/wp-content\/uploads\/2014\/05\/wpid-20140513_195917-150x150.jpg\" alt=\"\" class=\"wp-image-115\" srcset=\"https:\/\/www.lammetun.no\/wp-content\/uploads\/2014\/05\/wpid-20140513_195917-150x150.jpg 150w, https:\/\/www.lammetun.no\/wp-content\/uploads\/2014\/05\/wpid-20140513_195917-300x300.jpg 300w, https:\/\/www.lammetun.no\/wp-content\/uploads\/2014\/05\/wpid-20140513_195917-100x100.jpg 100w\" sizes=\"(max-width: 150px) 100vw, 150px\" \/><\/a><\/figure>\n\n\n\n<figure class=\"wp-block-image size-full\"><a href=\"https:\/\/www.lammetun.no\/wp-content\/uploads\/2014\/05\/wpid-20140515_170159-150x150.jpg\"><img decoding=\"async\" width=\"150\" height=\"150\" data-id=\"113\" src=\"https:\/\/www.lammetun.no\/wp-content\/uploads\/2014\/05\/wpid-20140515_170159-150x150.jpg\" alt=\"\" class=\"wp-image-113\" srcset=\"https:\/\/www.lammetun.no\/wp-content\/uploads\/2014\/05\/wpid-20140515_170159-150x150.jpg 150w, https:\/\/www.lammetun.no\/wp-content\/uploads\/2014\/05\/wpid-20140515_170159-300x300.jpg 300w, https:\/\/www.lammetun.no\/wp-content\/uploads\/2014\/05\/wpid-20140515_170159-100x100.jpg 100w\" sizes=\"(max-width: 150px) 100vw, 150px\" \/><\/a><\/figure>\n\n\n\n<figure class=\"wp-block-image size-full\"><a href=\"https:\/\/www.lammetun.no\/wp-content\/uploads\/2014\/05\/wpid-20140515_170147-150x150.jpg\"><img decoding=\"async\" width=\"150\" height=\"150\" data-id=\"112\" src=\"https:\/\/www.lammetun.no\/wp-content\/uploads\/2014\/05\/wpid-20140515_170147-150x150.jpg\" alt=\"\" class=\"wp-image-112\" srcset=\"https:\/\/www.lammetun.no\/wp-content\/uploads\/2014\/05\/wpid-20140515_170147-150x150.jpg 150w, https:\/\/www.lammetun.no\/wp-content\/uploads\/2014\/05\/wpid-20140515_170147-300x300.jpg 300w, https:\/\/www.lammetun.no\/wp-content\/uploads\/2014\/05\/wpid-20140515_170147-100x100.jpg 100w\" sizes=\"(max-width: 150px) 100vw, 150px\" \/><\/a><\/figure>\n\n\n\n<figure class=\"wp-block-image size-full\"><a href=\"https:\/\/www.lammetun.no\/wp-content\/uploads\/2014\/05\/wpid-20140510_224553-150x150.jpg\"><img loading=\"lazy\" decoding=\"async\" width=\"150\" height=\"150\" data-id=\"114\" src=\"https:\/\/www.lammetun.no\/wp-content\/uploads\/2014\/05\/wpid-20140510_224553-150x150.jpg\" alt=\"\" class=\"wp-image-114\" srcset=\"https:\/\/www.lammetun.no\/wp-content\/uploads\/2014\/05\/wpid-20140510_224553-150x150.jpg 150w, https:\/\/www.lammetun.no\/wp-content\/uploads\/2014\/05\/wpid-20140510_224553-300x300.jpg 300w, https:\/\/www.lammetun.no\/wp-content\/uploads\/2014\/05\/wpid-20140510_224553-100x100.jpg 100w\" sizes=\"(max-width: 150px) 100vw, 150px\" \/><\/a><\/figure>\n\n\n\n<figure class=\"wp-block-image size-full\"><a href=\"https:\/\/www.lammetun.no\/wp-content\/uploads\/2014\/05\/wpid-20140510_221918-150x150.jpg\"><img loading=\"lazy\" decoding=\"async\" width=\"150\" height=\"150\" data-id=\"116\" src=\"https:\/\/www.lammetun.no\/wp-content\/uploads\/2014\/05\/wpid-20140510_221918-150x150.jpg\" alt=\"\" class=\"wp-image-116\" srcset=\"https:\/\/www.lammetun.no\/wp-content\/uploads\/2014\/05\/wpid-20140510_221918-150x150.jpg 150w, https:\/\/www.lammetun.no\/wp-content\/uploads\/2014\/05\/wpid-20140510_221918-300x300.jpg 300w, https:\/\/www.lammetun.no\/wp-content\/uploads\/2014\/05\/wpid-20140510_221918-100x100.jpg 100w\" sizes=\"(max-width: 150px) 100vw, 150px\" \/><\/a><\/figure>\n<\/figure>\n\n\n\n<p class=\"has-black-color has-text-color wp-block-paragraph\"><br><br><\/p>\n","protected":false},"excerpt":{"rendered":"<p>Beskrivelse: 3-roms leilighet 50 m2 i 1. etasje.&nbsp;Koselig m\u00f8blert: stue\/kj\u00f8kken med gardiner, sovelakover i tilknytning til stue med 2 senger (75 cm, lengde 200 cm), spisebord, satellitt-TV og internasjonale TV-kanaler.&nbsp;Utgang til terrasse.&nbsp;1 rom med 1 dobbeltseng (150 cm, lengde 200 cm).&nbsp;Utgang til balkong.&nbsp;P\u00e5 kj\u00f8kkenet finner du: stekeovn, 3 keramiske kokeplater, br\u00f8drister, vannkoker, mikrob\u00f8lgeovn, fryser, kaffetrakter.&nbsp;Dusj\/toalett.&nbsp;Elektrisk &hellip; <\/p>\n","protected":false},"author":1,"featured_media":14637,"parent":0,"menu_order":0,"comment_status":"closed","ping_status":"closed","template":"","meta":{"_crdt_document":"","footnotes":""},"class_list":["post-117","page","type-page","status-publish","has-post-thumbnail","hentry"],"yoast_head":"<!-- This site is optimized with the Yoast SEO plugin v27.5 - https:\/\/yoast.com\/product\/yoast-seo-wordpress\/ -->\n<title>L\u00e5ven - Lammetun Ferie &amp; Fritid<\/title>\n<meta name=\"description\" content=\"Feriehus til leie p\u00e5 Lammetun. Ca 3-timers kj\u00f8ring fra Bergen. perfekt for par\/liten familie. Dyr tillatt. Naturskj\u00f8nne omgivelser. 300 meter fra sj\u00f8en.\" \/>\n<meta name=\"robots\" content=\"index, follow, max-snippet:-1, max-image-preview:large, max-video-preview:-1\" \/>\n<link rel=\"canonical\" href=\"https:\/\/www.lammetun.no\/?page_id=117\" \/>\n<meta property=\"og:locale\" content=\"nb_NO\" \/>\n<meta property=\"og:type\" content=\"article\" \/>\n<meta property=\"og:title\" content=\"L\u00e5ven - Lammetun Ferie &amp; Fritid\" \/>\n<meta property=\"og:description\" content=\"Feriehus til leie p\u00e5 Lammetun. Ca 3-timers kj\u00f8ring fra Bergen. perfekt for par\/liten familie. Dyr tillatt. Naturskj\u00f8nne omgivelser. 300 meter fra sj\u00f8en.\" \/>\n<meta property=\"og:url\" content=\"https:\/\/www.lammetun.no\/?page_id=117\" \/>\n<meta property=\"og:site_name\" content=\"Lammetun Ferie &amp; Fritid\" \/>\n<meta property=\"article:publisher\" content=\"https:\/\/www.facebook.com\/lammetun.no\/\" \/>\n<meta property=\"article:modified_time\" content=\"2023-10-24T06:42:18+00:00\" \/>\n<meta property=\"og:image\" content=\"https:\/\/www.lammetun.no\/wp-content\/uploads\/2022\/07\/20180907_120538-scaled.jpg\" \/>\n\t<meta property=\"og:image:width\" content=\"2560\" \/>\n\t<meta property=\"og:image:height\" content=\"1244\" \/>\n\t<meta property=\"og:image:type\" content=\"image\/jpeg\" \/>\n<meta name=\"twitter:card\" content=\"summary_large_image\" \/>\n<meta name=\"twitter:label1\" content=\"Ansl. lesetid\" \/>\n\t<meta name=\"twitter:data1\" content=\"5 minutter\" \/>\n<script type=\"application\/ld+json\" class=\"yoast-schema-graph\">{\"@context\":\"https:\\\/\\\/schema.org\",\"@graph\":[{\"@type\":\"WebPage\",\"@id\":\"https:\\\/\\\/www.lammetun.no\\\/?page_id=117\",\"url\":\"https:\\\/\\\/www.lammetun.no\\\/?page_id=117\",\"name\":\"L\u00e5ven - Lammetun Ferie &amp; Fritid\",\"isPartOf\":{\"@id\":\"https:\\\/\\\/www.lammetun.no\\\/#website\"},\"primaryImageOfPage\":{\"@id\":\"https:\\\/\\\/www.lammetun.no\\\/?page_id=117#primaryimage\"},\"image\":{\"@id\":\"https:\\\/\\\/www.lammetun.no\\\/?page_id=117#primaryimage\"},\"thumbnailUrl\":\"https:\\\/\\\/www.lammetun.no\\\/wp-content\\\/uploads\\\/2022\\\/07\\\/20180907_120538-scaled.jpg\",\"datePublished\":\"2014-05-15T20:57:17+00:00\",\"dateModified\":\"2023-10-24T06:42:18+00:00\",\"description\":\"Feriehus til leie p\u00e5 Lammetun. Ca 3-timers kj\u00f8ring fra Bergen. perfekt for par\\\/liten familie. Dyr tillatt. Naturskj\u00f8nne omgivelser. 300 meter fra sj\u00f8en.\",\"breadcrumb\":{\"@id\":\"https:\\\/\\\/www.lammetun.no\\\/?page_id=117#breadcrumb\"},\"inLanguage\":\"nb-NO\",\"potentialAction\":[{\"@type\":\"ReadAction\",\"target\":[\"https:\\\/\\\/www.lammetun.no\\\/?page_id=117\"]}]},{\"@type\":\"ImageObject\",\"inLanguage\":\"nb-NO\",\"@id\":\"https:\\\/\\\/www.lammetun.no\\\/?page_id=117#primaryimage\",\"url\":\"https:\\\/\\\/www.lammetun.no\\\/wp-content\\\/uploads\\\/2022\\\/07\\\/20180907_120538-scaled.jpg\",\"contentUrl\":\"https:\\\/\\\/www.lammetun.no\\\/wp-content\\\/uploads\\\/2022\\\/07\\\/20180907_120538-scaled.jpg\",\"width\":2560,\"height\":1244},{\"@type\":\"BreadcrumbList\",\"@id\":\"https:\\\/\\\/www.lammetun.no\\\/?page_id=117#breadcrumb\",\"itemListElement\":[{\"@type\":\"ListItem\",\"position\":1,\"name\":\"Hjem\",\"item\":\"https:\\\/\\\/www.lammetun.no\\\/\"},{\"@type\":\"ListItem\",\"position\":2,\"name\":\"L\u00e5ven\"}]},{\"@type\":\"WebSite\",\"@id\":\"https:\\\/\\\/www.lammetun.no\\\/#website\",\"url\":\"https:\\\/\\\/www.lammetun.no\\\/\",\"name\":\"Lammetun Ferie & Fritid\",\"description\":\"- ei perle i vest\",\"potentialAction\":[{\"@type\":\"SearchAction\",\"target\":{\"@type\":\"EntryPoint\",\"urlTemplate\":\"https:\\\/\\\/www.lammetun.no\\\/?s={search_term_string}\"},\"query-input\":{\"@type\":\"PropertyValueSpecification\",\"valueRequired\":true,\"valueName\":\"search_term_string\"}}],\"inLanguage\":\"nb-NO\"}]}<\/script>\n<!-- \/ Yoast SEO plugin. -->","yoast_head_json":{"title":"L\u00e5ven - Lammetun Ferie &amp; Fritid","description":"Feriehus til leie p\u00e5 Lammetun. Ca 3-timers kj\u00f8ring fra Bergen. perfekt for par\/liten familie. Dyr tillatt. Naturskj\u00f8nne omgivelser. 300 meter fra sj\u00f8en.","robots":{"index":"index","follow":"follow","max-snippet":"max-snippet:-1","max-image-preview":"max-image-preview:large","max-video-preview":"max-video-preview:-1"},"canonical":"https:\/\/www.lammetun.no\/?page_id=117","og_locale":"nb_NO","og_type":"article","og_title":"L\u00e5ven - Lammetun Ferie &amp; Fritid","og_description":"Feriehus til leie p\u00e5 Lammetun. Ca 3-timers kj\u00f8ring fra Bergen. perfekt for par\/liten familie. Dyr tillatt. Naturskj\u00f8nne omgivelser. 300 meter fra sj\u00f8en.","og_url":"https:\/\/www.lammetun.no\/?page_id=117","og_site_name":"Lammetun Ferie &amp; Fritid","article_publisher":"https:\/\/www.facebook.com\/lammetun.no\/","article_modified_time":"2023-10-24T06:42:18+00:00","og_image":[{"width":2560,"height":1244,"url":"https:\/\/www.lammetun.no\/wp-content\/uploads\/2022\/07\/20180907_120538-scaled.jpg","type":"image\/jpeg"}],"twitter_card":"summary_large_image","twitter_misc":{"Ansl. lesetid":"5 minutter"},"schema":{"@context":"https:\/\/schema.org","@graph":[{"@type":"WebPage","@id":"https:\/\/www.lammetun.no\/?page_id=117","url":"https:\/\/www.lammetun.no\/?page_id=117","name":"L\u00e5ven - Lammetun Ferie &amp; Fritid","isPartOf":{"@id":"https:\/\/www.lammetun.no\/#website"},"primaryImageOfPage":{"@id":"https:\/\/www.lammetun.no\/?page_id=117#primaryimage"},"image":{"@id":"https:\/\/www.lammetun.no\/?page_id=117#primaryimage"},"thumbnailUrl":"https:\/\/www.lammetun.no\/wp-content\/uploads\/2022\/07\/20180907_120538-scaled.jpg","datePublished":"2014-05-15T20:57:17+00:00","dateModified":"2023-10-24T06:42:18+00:00","description":"Feriehus til leie p\u00e5 Lammetun. Ca 3-timers kj\u00f8ring fra Bergen. perfekt for par\/liten familie. Dyr tillatt. Naturskj\u00f8nne omgivelser. 300 meter fra sj\u00f8en.","breadcrumb":{"@id":"https:\/\/www.lammetun.no\/?page_id=117#breadcrumb"},"inLanguage":"nb-NO","potentialAction":[{"@type":"ReadAction","target":["https:\/\/www.lammetun.no\/?page_id=117"]}]},{"@type":"ImageObject","inLanguage":"nb-NO","@id":"https:\/\/www.lammetun.no\/?page_id=117#primaryimage","url":"https:\/\/www.lammetun.no\/wp-content\/uploads\/2022\/07\/20180907_120538-scaled.jpg","contentUrl":"https:\/\/www.lammetun.no\/wp-content\/uploads\/2022\/07\/20180907_120538-scaled.jpg","width":2560,"height":1244},{"@type":"BreadcrumbList","@id":"https:\/\/www.lammetun.no\/?page_id=117#breadcrumb","itemListElement":[{"@type":"ListItem","position":1,"name":"Hjem","item":"https:\/\/www.lammetun.no\/"},{"@type":"ListItem","position":2,"name":"L\u00e5ven"}]},{"@type":"WebSite","@id":"https:\/\/www.lammetun.no\/#website","url":"https:\/\/www.lammetun.no\/","name":"Lammetun Ferie & Fritid","description":"- ei perle i vest","potentialAction":[{"@type":"SearchAction","target":{"@type":"EntryPoint","urlTemplate":"https:\/\/www.lammetun.no\/?s={search_term_string}"},"query-input":{"@type":"PropertyValueSpecification","valueRequired":true,"valueName":"search_term_string"}}],"inLanguage":"nb-NO"}]}},"_links":{"self":[{"href":"https:\/\/www.lammetun.no\/index.php?rest_route=\/wp\/v2\/pages\/117","targetHints":{"allow":["GET"]}}],"collection":[{"href":"https:\/\/www.lammetun.no\/index.php?rest_route=\/wp\/v2\/pages"}],"about":[{"href":"https:\/\/www.lammetun.no\/index.php?rest_route=\/wp\/v2\/types\/page"}],"author":[{"embeddable":true,"href":"https:\/\/www.lammetun.no\/index.php?rest_route=\/wp\/v2\/users\/1"}],"replies":[{"embeddable":true,"href":"https:\/\/www.lammetun.no\/index.php?rest_route=%2Fwp%2Fv2%2Fcomments&post=117"}],"version-history":[{"count":41,"href":"https:\/\/www.lammetun.no\/index.php?rest_route=\/wp\/v2\/pages\/117\/revisions"}],"predecessor-version":[{"id":15267,"href":"https:\/\/www.lammetun.no\/index.php?rest_route=\/wp\/v2\/pages\/117\/revisions\/15267"}],"wp:featuredmedia":[{"embeddable":true,"href":"https:\/\/www.lammetun.no\/index.php?rest_route=\/wp\/v2\/media\/14637"}],"wp:attachment":[{"href":"https:\/\/www.lammetun.no\/index.php?rest_route=%2Fwp%2Fv2%2Fmedia&parent=117"}],"curies":[{"name":"wp","href":"https:\/\/api.w.org\/{rel}","templated":true}]}}